{"id":1192,"date":"2025-07-11T13:33:14","date_gmt":"2025-07-11T11:33:14","guid":{"rendered":"http:\/\/localhost\/tirourda\/?post_type=product&#038;p=1192"},"modified":"2026-03-27T15:43:39","modified_gmt":"2026-03-27T14:43:39","slug":"miel-naturel-tirourda","status":"publish","type":"product","link":"https:\/\/tirourda.store\/ar\/product\/miel-naturel-tirourda\/","title":{"rendered":"\u0627\u0644\u0639\u0633\u0644 \u0627\u0644\u062c\u0628\u0644\u064a"},"content":{"rendered":"<p data-start=\"190\" data-end=\"442\">\u0627\u0633\u062a\u0645\u062a\u0639 <strong data-start=\"202\" data-end=\"239\">\u0628\u0627\u0644\u0639\u0633\u0644 \u0627\u0644\u062c\u0628\u0644\u064a \u0627\u0644\u0637\u0628\u064a\u0639\u064a\u060c<\/strong>\u0627\u0644\u0645\u064f\u062c\u0646\u0649 \u064a\u062f\u0648\u064a\u064b\u0627 \u0645\u0646 \u0627\u0644\u0645\u0631\u062a\u0641\u0639\u0627\u062a \u0627\u0644\u0646\u0642\u064a\u0629 \u0648\u0627\u0644\u0628\u0650\u0643\u0631 .\n\u064a\u062a\u0645\u064a\u0651\u0632 \u0647\u0630\u0627 \u0627\u0644\u0639\u0633\u0644 \u0627\u0644\u062d\u0650\u0631\u0641\u064a \u0628\u0642\u0648\u0627\u0645\u0647 \u0627\u0644\u0643\u0631\u064a\u0645\u064a\u060c \u0648\u0644\u0648\u0646\u0647 \u0627\u0644\u0643\u0647\u0631\u0645\u0627\u0646\u064a \u0627\u0644\u0639\u0645\u064a\u0642\u060c \u0648\u0645\u0630\u0627\u0642\u0647 \u0627\u0644\u0642\u0648\u064a \u0627\u0644\u0630\u064a \u064a\u062c\u0645\u0639 \u0628\u064a\u0646 \u0627\u0644\u0646\u063a\u0645\u0627\u062a \u0627\u0644\u0632\u0647\u0631\u064a\u0629 \u0648\u0627\u0644\u062e\u0634\u0628\u064a\u0629 \u0627\u0644\u0637\u0628\u064a\u0639\u064a\u0629.<\/p>\n<p data-start=\"444\" data-end=\"722\">\u064a\u0634\u062a\u0647\u0631 <strong data-start=\"460\" data-end=\"485\">\u0628\u062e\u0635\u0627\u0626\u0635\u0647 \u0627\u0644\u0639\u0644\u0627\u062c\u064a\u0629\u060c<\/strong>\u0648\u064a\u064f\u0639\u062f\u0651 \u062d\u0644\u064a\u0641\u064b\u0627 \u0637\u0628\u064a\u0639\u064a\u064b\u0627 \u0641\u0639\u0651\u0627\u0644\u064b\u0627 \u0641\u064a \u0645\u0642\u0627\u0648\u0645\u0629 \u0627\u0644\u062a\u0639\u0628\u060c \u0648\u062a\u062e\u0641\u064a\u0641 \u0622\u0644\u0627\u0645 \u0627\u0644\u062d\u0644\u0642\u060c \u0648\u0627\u0636\u0637\u0631\u0627\u0628\u0627\u062a \u0627\u0644\u062c\u0647\u0627\u0632 \u0627\u0644\u0647\u0636\u0645\u064a\u060c \u0648\u0627\u0644\u0627\u0644\u062a\u0647\u0627\u0628\u0627\u062a.\n\u063a\u064a\u0631 \u0645\u064f\u0633\u062e\u0651\u064e\u0646\u060c \u0648\u063a\u064a\u0631 \u0645\u064f\u0635\u0641\u0651\u0649\u060c \u0648\u062e\u0627\u0644\u064d \u062a\u0645\u0627\u0645\u064b\u0627 \u0645\u0646 \u0623\u064a \u0625\u0636\u0627\u0641\u0627\u062a\u060c \u0645\u0645\u0627 \u064a\u0633\u0645\u062d \u0644\u0647\u0630\u0627 \u0627\u0644\u0639\u0633\u0644 \u0628\u0627\u0644\u062d\u0641\u0627\u0638 \u0639\u0644\u0649 \u0643\u0627\u0645\u0644 <strong data-start=\"671\" data-end=\"696\">\u062e\u0635\u0627\u0626\u0635\u0647 \u0627\u0644\u0637\u0628\u064a\u0639\u064a\u0629<\/strong> \u0648\u0646\u0643\u0647\u062a\u0647 \u0627\u0644\u0623\u0635\u064a\u0644\u0629.<\/p>\n<p data-start=\"724\" data-end=\"893\">\ud83c\udf6f \u0646\u0642\u064a \u0648\u062e\u0627\u0645 100\u066a<br data-start=\"744\" data-end=\"747\" \/>\ud83c\udf3c \u0645\u064f\u0633\u062a\u062e\u0631\u062c \u0639\u0644\u0649 \u0627\u0644\u0628\u0627\u0631\u062f \u062f\u0648\u0646 \u0623\u064a \u0645\u0639\u0627\u0644\u062c\u0629<br data-start=\"786\" data-end=\"789\" \/>\ud83c\udf3f \u062e\u0627\u0644\u064d \u0645\u0646 \u0627\u0644\u0633\u0643\u0631 \u0627\u0644\u0645\u0636\u0627\u0641 \u0648\u0627\u0644\u0645\u0648\u0627\u062f \u0627\u0644\u062d\u0627\u0641\u0638\u0629<br data-start=\"825\" data-end=\"828\" \/>\ud83c\udde9\ud83c\uddff <a href=\"https:\/\/lamiellerie.fr\/blogs\/infos\/les-vertus-du-miel-de-montagne-pour-la-sante\">\u0639\u0633\u0644 \u062c\u0628\u0644\u064a<\/a>\u060c \u0646\u0627\u062a\u062c \u0639\u0646 \u062a\u0631\u0628\u064a\u0629 \u0646\u062d\u0644 \u0645\u0633\u0624\u0648\u0644\u0629 \u0648\u0645\u0633\u062a\u062f\u0627\u0645\u0629<\/p>\n<p>&nbsp;<\/p>\n<p data-start=\"826\" data-end=\"947\"><a href=\"https:\/\/tirourda.store\/ar\/products\/\">\u0627\u0644\u0639\u0648\u062f\u0629 \u0627\u0644\u0649 \u0627\u0644\u0645\u062a\u062c\u0631<\/a><\/p>\n<p data-start=\"826\" data-end=\"947\">","protected":false},"excerpt":{"rendered":"<p data-start=\"78\" data-end=\"282\">\u0639\u0633\u0644 \u062c\u0628\u0644\u064a \u0637\u0628\u064a\u0639\u064a\u060c \u0646\u0642\u064a \u0648\u062e\u0627\u0645 100\u066a \n\u063a\u064a\u0631 \u0645\u064f\u0635\u0641\u0651\u0649 \u0648\u062e\u0627\u0644\u064d \u0645\u0646 \u0623\u064a \u0625\u0636\u0627\u0641\u0627\u062a\u060c \u064a\u062a\u0645\u064a\u0651\u0632 \u0628\u0645\u0630\u0627\u0642\u0647 \u0627\u0644\u063a\u0646\u064a \u0648\u0646\u0643\u0647\u062a\u0647 \u0627\u0644\u0632\u0647\u0631\u064a\u0629 \u0627\u0644\u0645\u0645\u0632\u0648\u062c\u0629 \u0628\u0644\u0645\u0633\u0629 \u062e\u0634\u0628\u064a\u0629 \u0637\u0628\u064a\u0639\u064a\u0629.\n\u0645\u062b\u0627\u0644\u064a \u0644\u0627\u0639\u062a\u0645\u0627\u062f \u0646\u0638\u0627\u0645 \u063a\u0630\u0627\u0626\u064a \u0635\u062d\u064a \u0648\u0645\u062a\u0648\u0627\u0632\u0646.<\/p>","protected":false},"featured_media":1711,"comment_status":"closed","ping_status":"closed","template":"","meta":[],"product_brand":[],"product_cat":[29,26,47],"product_tag":[33,36,40,34,39,38,41],"class_list":{"0":"post-1192","1":"product","2":"type-product","3":"status-publish","4":"has-post-thumbnail","6":"product_cat-healthy","7":"product_cat-alimentation","8":"product_cat-produit","9":"product_tag-algerie","10":"product_tag-alimentation","11":"product_tag-bio","12":"product_tag-kabylie","13":"product_tag-miel-brut","14":"product_tag-miel-naturel","15":"product_tag-naturel","17":"first","18":"instock","19":"taxable","20":"shipping-taxable","21":"purchasable","22":"product-type-simple"},"yoast_head":"<!-- This site is optimized with the Yoast SEO plugin v26.4 - https:\/\/yoast.com\/wordpress\/plugins\/seo\/ -->\n<title>Miel naturel Miel naturel| Produit naturel Alg\u00e9rie| Tirourda - tirourda<\/title>\n<meta name=\"description\" content=\"Savourez le miel de montagne, 100\u202f% pur et brut, r\u00e9colt\u00e9 \u00e0 la main en Kabylie. Go\u00fbt floral et bois\u00e9, sans additif, bienfaits naturels pr\u00e9serv\u00e9s.\" \/>\n<meta name=\"robots\" content=\"index, follow, max-snippet:-1, max-image-preview:large, max-video-preview:-1\" \/>\n<link rel=\"canonical\" href=\"https:\/\/tirourda.store\/ar\/product\/miel-naturel-tirourda\/\" \/>\n<meta property=\"og:locale\" content=\"ar_AR\" \/>\n<meta property=\"og:type\" content=\"article\" \/>\n<meta property=\"og:title\" content=\"Miel naturel Miel naturel| Produit naturel Alg\u00e9rie| Tirourda - tirourda\" \/>\n<meta property=\"og:description\" content=\"Savourez le miel de montagne, 100\u202f% pur et brut, r\u00e9colt\u00e9 \u00e0 la main en Kabylie. Go\u00fbt floral et bois\u00e9, sans additif, bienfaits naturels pr\u00e9serv\u00e9s.\" \/>\n<meta property=\"og:url\" content=\"https:\/\/tirourda.store\/ar\/product\/miel-naturel-tirourda\/\" \/>\n<meta property=\"og:site_name\" content=\"tirourda\" \/>\n<meta property=\"article:modified_time\" content=\"2026-03-27T14:43:39+00:00\" \/>\n<meta property=\"og:image\" content=\"https:\/\/tirourda.store\/wp-content\/uploads\/2025\/09\/F86A9912-scaled-e1763979645579.jpg\" \/>\n\t<meta property=\"og:image:width\" content=\"1334\" \/>\n\t<meta property=\"og:image:height\" content=\"1703\" \/>\n\t<meta property=\"og:image:type\" content=\"image\/jpeg\" \/>\n<meta name=\"twitter:card\" content=\"summary_large_image\" \/>\n<meta name=\"twitter:label1\" content=\"\u0648\u0642\u062a \u0627\u0644\u0642\u0631\u0627\u0621\u0629 \u0627\u0644\u0645\u064f\u0642\u062f\u0651\u0631\" \/>\n\t<meta name=\"twitter:data1\" content=\"\u062f\u0642\u064a\u0642\u0629 \u0648\u0627\u062d\u062f\u0629\" \/>\n<script type=\"application\/ld+json\" class=\"yoast-schema-graph\">{\"@context\":\"https:\/\/schema.org\",\"@graph\":[{\"@type\":\"WebPage\",\"@id\":\"https:\/\/tirourda.store\/produit\/miel-naturel-tirourda\/\",\"url\":\"https:\/\/tirourda.store\/produit\/miel-naturel-tirourda\/\",\"name\":\"Miel naturel Miel naturel| Produit naturel Alg\u00e9rie| Tirourda - tirourda\",\"isPartOf\":{\"@id\":\"https:\/\/tirourda.store\/#website\"},\"primaryImageOfPage\":{\"@id\":\"https:\/\/tirourda.store\/produit\/miel-naturel-tirourda\/#primaryimage\"},\"image\":{\"@id\":\"https:\/\/tirourda.store\/produit\/miel-naturel-tirourda\/#primaryimage\"},\"thumbnailUrl\":\"https:\/\/tirourda.store\/wp-content\/uploads\/2025\/09\/F86A9912-scaled-e1763979645579.jpg\",\"datePublished\":\"2025-07-11T11:33:14+00:00\",\"dateModified\":\"2026-03-27T14:43:39+00:00\",\"description\":\"Savourez le miel de montagne, 100\u202f% pur et brut, r\u00e9colt\u00e9 \u00e0 la main en Kabylie. Go\u00fbt floral et bois\u00e9, sans additif, bienfaits naturels pr\u00e9serv\u00e9s.\",\"breadcrumb\":{\"@id\":\"https:\/\/tirourda.store\/produit\/miel-naturel-tirourda\/#breadcrumb\"},\"inLanguage\":\"ar\",\"potentialAction\":[{\"@type\":\"ReadAction\",\"target\":[\"https:\/\/tirourda.store\/produit\/miel-naturel-tirourda\/\"]}]},{\"@type\":\"ImageObject\",\"inLanguage\":\"ar\",\"@id\":\"https:\/\/tirourda.store\/produit\/miel-naturel-tirourda\/#primaryimage\",\"url\":\"https:\/\/tirourda.store\/wp-content\/uploads\/2025\/09\/F86A9912-scaled-e1763979645579.jpg\",\"contentUrl\":\"https:\/\/tirourda.store\/wp-content\/uploads\/2025\/09\/F86A9912-scaled-e1763979645579.jpg\",\"width\":1334,\"height\":1703,\"caption\":\"Miel naturel\"},{\"@type\":\"BreadcrumbList\",\"@id\":\"https:\/\/tirourda.store\/produit\/miel-naturel-tirourda\/#breadcrumb\",\"itemListElement\":[{\"@type\":\"ListItem\",\"position\":1,\"name\":\"Accueil\",\"item\":\"https:\/\/tirourda.store\/\"},{\"@type\":\"ListItem\",\"position\":2,\"name\":\"Products\",\"item\":\"https:\/\/tirourda.store\/products\/\"},{\"@type\":\"ListItem\",\"position\":3,\"name\":\"Miel naturel\"}]},{\"@type\":\"WebSite\",\"@id\":\"https:\/\/tirourda.store\/#website\",\"url\":\"https:\/\/tirourda.store\/\",\"name\":\"tirourda\",\"description\":\"\",\"publisher\":{\"@id\":\"https:\/\/tirourda.store\/#organization\"},\"potentialAction\":[{\"@type\":\"SearchAction\",\"target\":{\"@type\":\"EntryPoint\",\"urlTemplate\":\"https:\/\/tirourda.store\/?s={search_term_string}\"},\"query-input\":{\"@type\":\"PropertyValueSpecification\",\"valueRequired\":true,\"valueName\":\"search_term_string\"}}],\"inLanguage\":\"ar\"},{\"@type\":\"Organization\",\"@id\":\"https:\/\/tirourda.store\/#organization\",\"name\":\"tirourda\",\"url\":\"https:\/\/tirourda.store\/\",\"logo\":{\"@type\":\"ImageObject\",\"inLanguage\":\"ar\",\"@id\":\"https:\/\/tirourda.store\/#\/schema\/logo\/image\/\",\"url\":\"https:\/\/tirourda.store\/wp-content\/uploads\/2025\/07\/5.png\",\"contentUrl\":\"https:\/\/tirourda.store\/wp-content\/uploads\/2025\/07\/5.png\",\"width\":707,\"height\":239,\"caption\":\"tirourda\"},\"image\":{\"@id\":\"https:\/\/tirourda.store\/#\/schema\/logo\/image\/\"},\"sameAs\":[\"https:\/\/www.instagram.com\/tirou_rda\/\"]}]}<\/script>\n<!-- \/ Yoast SEO plugin. -->","yoast_head_json":{"title":"Miel naturel Miel naturel| Produit naturel Alg\u00e9rie| Tirourda - tirourda","description":"Savourez le miel de montagne, 100\u202f% pur et brut, r\u00e9colt\u00e9 \u00e0 la main en Kabylie. Go\u00fbt floral et bois\u00e9, sans additif, bienfaits naturels pr\u00e9serv\u00e9s.","robots":{"index":"index","follow":"follow","max-snippet":"max-snippet:-1","max-image-preview":"max-image-preview:large","max-video-preview":"max-video-preview:-1"},"canonical":"https:\/\/tirourda.store\/ar\/product\/miel-naturel-tirourda\/","og_locale":"ar_AR","og_type":"article","og_title":"Miel naturel Miel naturel| Produit naturel Alg\u00e9rie| Tirourda - tirourda","og_description":"Savourez le miel de montagne, 100\u202f% pur et brut, r\u00e9colt\u00e9 \u00e0 la main en Kabylie. Go\u00fbt floral et bois\u00e9, sans additif, bienfaits naturels pr\u00e9serv\u00e9s.","og_url":"https:\/\/tirourda.store\/ar\/product\/miel-naturel-tirourda\/","og_site_name":"tirourda","article_modified_time":"2026-03-27T14:43:39+00:00","og_image":[{"width":1334,"height":1703,"url":"https:\/\/tirourda.store\/wp-content\/uploads\/2025\/09\/F86A9912-scaled-e1763979645579.jpg","type":"image\/jpeg"}],"twitter_card":"summary_large_image","twitter_misc":{"\u0648\u0642\u062a \u0627\u0644\u0642\u0631\u0627\u0621\u0629 \u0627\u0644\u0645\u064f\u0642\u062f\u0651\u0631":"\u062f\u0642\u064a\u0642\u0629 \u0648\u0627\u062d\u062f\u0629"},"schema":{"@context":"https:\/\/schema.org","@graph":[{"@type":"WebPage","@id":"https:\/\/tirourda.store\/produit\/miel-naturel-tirourda\/","url":"https:\/\/tirourda.store\/produit\/miel-naturel-tirourda\/","name":"Miel naturel Miel naturel| Produit naturel Alg\u00e9rie| Tirourda - tirourda","isPartOf":{"@id":"https:\/\/tirourda.store\/#website"},"primaryImageOfPage":{"@id":"https:\/\/tirourda.store\/produit\/miel-naturel-tirourda\/#primaryimage"},"image":{"@id":"https:\/\/tirourda.store\/produit\/miel-naturel-tirourda\/#primaryimage"},"thumbnailUrl":"https:\/\/tirourda.store\/wp-content\/uploads\/2025\/09\/F86A9912-scaled-e1763979645579.jpg","datePublished":"2025-07-11T11:33:14+00:00","dateModified":"2026-03-27T14:43:39+00:00","description":"Savourez le miel de montagne, 100\u202f% pur et brut, r\u00e9colt\u00e9 \u00e0 la main en Kabylie. Go\u00fbt floral et bois\u00e9, sans additif, bienfaits naturels pr\u00e9serv\u00e9s.","breadcrumb":{"@id":"https:\/\/tirourda.store\/produit\/miel-naturel-tirourda\/#breadcrumb"},"inLanguage":"ar","potentialAction":[{"@type":"ReadAction","target":["https:\/\/tirourda.store\/produit\/miel-naturel-tirourda\/"]}]},{"@type":"ImageObject","inLanguage":"ar","@id":"https:\/\/tirourda.store\/produit\/miel-naturel-tirourda\/#primaryimage","url":"https:\/\/tirourda.store\/wp-content\/uploads\/2025\/09\/F86A9912-scaled-e1763979645579.jpg","contentUrl":"https:\/\/tirourda.store\/wp-content\/uploads\/2025\/09\/F86A9912-scaled-e1763979645579.jpg","width":1334,"height":1703,"caption":"Miel naturel"},{"@type":"BreadcrumbList","@id":"https:\/\/tirourda.store\/produit\/miel-naturel-tirourda\/#breadcrumb","itemListElement":[{"@type":"ListItem","position":1,"name":"Accueil","item":"https:\/\/tirourda.store\/"},{"@type":"ListItem","position":2,"name":"Products","item":"https:\/\/tirourda.store\/products\/"},{"@type":"ListItem","position":3,"name":"Miel naturel"}]},{"@type":"WebSite","@id":"https:\/\/tirourda.store\/#website","url":"https:\/\/tirourda.store\/","name":"tirourda","description":"","publisher":{"@id":"https:\/\/tirourda.store\/#organization"},"potentialAction":[{"@type":"SearchAction","target":{"@type":"EntryPoint","urlTemplate":"https:\/\/tirourda.store\/?s={search_term_string}"},"query-input":{"@type":"PropertyValueSpecification","valueRequired":true,"valueName":"search_term_string"}}],"inLanguage":"ar"},{"@type":"Organization","@id":"https:\/\/tirourda.store\/#organization","name":"tirourda","url":"https:\/\/tirourda.store\/","logo":{"@type":"ImageObject","inLanguage":"ar","@id":"https:\/\/tirourda.store\/#\/schema\/logo\/image\/","url":"https:\/\/tirourda.store\/wp-content\/uploads\/2025\/07\/5.png","contentUrl":"https:\/\/tirourda.store\/wp-content\/uploads\/2025\/07\/5.png","width":707,"height":239,"caption":"tirourda"},"image":{"@id":"https:\/\/tirourda.store\/#\/schema\/logo\/image\/"},"sameAs":["https:\/\/www.instagram.com\/tirou_rda\/"]}]}},"_links":{"self":[{"href":"https:\/\/tirourda.store\/ar\/wp-json\/wp\/v2\/product\/1192","targetHints":{"allow":["GET"]}}],"collection":[{"href":"https:\/\/tirourda.store\/ar\/wp-json\/wp\/v2\/product"}],"about":[{"href":"https:\/\/tirourda.store\/ar\/wp-json\/wp\/v2\/types\/product"}],"replies":[{"embeddable":true,"href":"https:\/\/tirourda.store\/ar\/wp-json\/wp\/v2\/comments?post=1192"}],"wp:featuredmedia":[{"embeddable":true,"href":"https:\/\/tirourda.store\/ar\/wp-json\/wp\/v2\/media\/1711"}],"wp:attachment":[{"href":"https:\/\/tirourda.store\/ar\/wp-json\/wp\/v2\/media?parent=1192"}],"wp:term":[{"taxonomy":"product_brand","embeddable":true,"href":"https:\/\/tirourda.store\/ar\/wp-json\/wp\/v2\/product_brand?post=1192"},{"taxonomy":"product_cat","embeddable":true,"href":"https:\/\/tirourda.store\/ar\/wp-json\/wp\/v2\/product_cat?post=1192"},{"taxonomy":"product_tag","embeddable":true,"href":"https:\/\/tirourda.store\/ar\/wp-json\/wp\/v2\/product_tag?post=1192"}],"curies":[{"name":"wp","href":"https:\/\/api.w.org\/{rel}","templated":true}]}}