{"id":1761,"date":"2025-11-24T11:22:41","date_gmt":"2025-11-24T10:22:41","guid":{"rendered":"https:\/\/tirourda.store\/?post_type=product&#038;p=1761"},"modified":"2026-03-27T15:42:43","modified_gmt":"2026-03-27T14:42:43","slug":"huile-de-noix-de-coco","status":"publish","type":"product","link":"https:\/\/tirourda.store\/ar\/product\/huile-de-noix-de-coco\/","title":{"rendered":"\u0632\u064a\u062a \u062c\u0648\u0632 \u0627\u0644\u0647\u0646\u062f"},"content":{"rendered":"<p data-start=\"186\" data-end=\"471\">\u0627\u0643\u062a\u0634\u0641 \u0632\u064a\u062a \u062c\u0648\u0632 \u0627\u0644\u0647\u0646\u062f \u0627\u0644\u0637\u0628\u064a\u0639\u064a 100\u066a\u060c \u0645\u0633\u062a\u062e\u0644\u0635 \u0639\u0644\u0649 \u0627\u0644\u0628\u0627\u0631\u062f \u0644\u0644\u062d\u0641\u0627\u0638 \u0639\u0644\u0649 \u062c\u0645\u064a\u0639 \u062e\u0635\u0627\u0626\u0635\u0647 \u0627\u0644\u063a\u0630\u0627\u0626\u064a\u0629 \u0648\u0627\u0644\u062a\u062c\u0645\u064a\u0644\u064a\u0629.\n\u0646\u0642\u064a \u0648\u062e\u0641\u064a\u0641 \u0648\u0645\u062a\u0639\u062f\u062f \u0627\u0644\u0627\u0633\u062a\u062e\u062f\u0627\u0645\u0627\u062a\u060c \u0645\u062b\u0627\u0644\u064a \u0644\u0644\u0637\u0647\u064a \u0627\u0644\u0635\u062d\u064a\u060c \u0648\u0643\u0630\u0644\u0643 \u0644\u0644\u0639\u0646\u0627\u064a\u0629 \u0628\u0627\u0644\u062c\u0633\u0645 \u0648\u0627\u0644\u0634\u0639\u0631 \u0648\u0627\u0644\u0628\u0634\u0631\u0629.<\/p>\n<p data-start=\"473\" data-end=\"685\">\u0645\u0633\u062a\u062e\u0644\u0635 \u0628\u0637\u0631\u064a\u0642\u0629 \u062d\u0631\u0641\u064a\u0629 \u062e\u0627\u0644\u064d \u0645\u0646 \u0623\u064a \u0625\u0636\u0627\u0641\u0627\u062a \u0623\u0648 \u0645\u0639\u0627\u0644\u062c\u0629 \u0643\u064a\u0645\u064a\u0627\u0626\u064a\u0629\u060c \u064a\u062a\u0645\u064a\u0632 \u0647\u0630\u0627 \u0627\u0644\u0632\u064a\u062a \u0628\u0631\u0627\u0626\u062d\u062a\u0647 \u0627\u0644\u0644\u0637\u064a\u0641\u0629\u060c \u0648\u0642\u0648\u0627\u0645\u0647 \u0627\u0644\u0646\u0627\u0639\u0645\u060c \u0648\u063a\u0646\u0627\u0647 \u0627\u0644\u0627\u0633\u062a\u062b\u0646\u0627\u0626\u064a \u0628\u0627\u0644\u0623\u062d\u0645\u0627\u0636 \u0627\u0644\u062f\u0647\u0646\u064a\u0629\u060c \u0648\u0627\u0644\u0641\u064a\u062a\u0627\u0645\u064a\u0646\u0627\u062a\u060c \u0648\u0645\u0636\u0627\u062f\u0627\u062a \u0627\u0644\u0623\u0643\u0633\u062f\u0629.<\/p>\n<h3 data-start=\"692\" data-end=\"748\">\ud83c\udf3f <strong data-start=\"699\" data-end=\"748\">\u0632\u064a\u062a \u0645\u062a\u0639\u062f\u062f \u0627\u0644\u0627\u0633\u062a\u062e\u062f\u0627\u0645\u0627\u062a \u0630\u0648 \u0641\u0648\u0627\u0626\u062f \u0642\u0648\u064a\u0629<\/strong><\/h3>\n<ul data-start=\"749\" data-end=\"1041\">\n<li data-start=\"749\" data-end=\"841\">\n<p data-start=\"751\" data-end=\"841\"><strong data-start=\"751\" data-end=\"767\">\u0644\u0644\u0628\u0634\u0631\u0629<\/strong> : \u064a\u0631\u0637\u0628 \u0648\u064a\u0646\u0639\u0645 \u0648\u064a\u0647\u062f\u0626 \u0627\u0644\u062a\u0647\u064a\u0651\u062c\u0627\u062a\u060c \u0648\u064a\u062a\u0631\u0643 \u0645\u0644\u0645\u0633\u064b\u0627 \u062d\u0631\u064a\u0631\u064a\u064b\u0627 \u0646\u0627\u0639\u0645\u064b\u0627.<\/p>\n<\/li>\n<li data-start=\"842\" data-end=\"933\">\n<p data-start=\"844\" data-end=\"933\"><strong data-start=\"844\" data-end=\"864\">\u0644\u0644\u0634\u0639\u0631<\/strong> : \u064a\u063a\u0630\u0651\u064a \u0627\u0644\u0634\u0639\u0631 \u0628\u0639\u0645\u0642\u060c \u064a\u0639\u0632\u0632 \u0644\u0645\u0639\u0627\u0646\u0647\u060c \u0648\u064a\u0642\u0644\u0651\u0644 \u062a\u0643\u0633\u0631\u0647.<\/p>\n<\/li>\n<li data-start=\"934\" data-end=\"1041\">\n<p data-start=\"936\" data-end=\"1041\"><strong data-start=\"936\" data-end=\"955\">\u0644\u0644\u0637\u0628\u062e<\/strong> : \u0645\u062b\u0627\u0644\u064a\u0629 \u0644\u0644\u0637\u0647\u064a\u060c \u0627\u0644\u062d\u0644\u0648\u064a\u0627\u062a\u060c \u0648\u0627\u0644\u0623\u0637\u0628\u0627\u0642 \u0627\u0644\u063a\u0631\u064a\u0628\u0629.<\/p>\n<\/li>\n<\/ul>\n<h3 data-start=\"1048\" data-end=\"1083\">\ud83c\udf31 <strong data-start=\"1055\" data-end=\"1083\">\u062c\u0648\u062f\u0629 \u0645\u0645\u062a\u0627\u0632\u0629\u00a0<\/strong><\/h3>\n<ul data-start=\"1084\" data-end=\"1242\">\n<li data-start=\"1084\" data-end=\"1107\">\n<p data-start=\"1086\" data-end=\"1107\">\u0645\u0633\u062a\u062e\u0644\u0635 <strong data-start=\"1094\" data-end=\"1105\">\u0639\u0644\u0649 \u0627\u0644\u0628\u0627\u0631\u062f<\/strong><\/p>\n<\/li>\n<li data-start=\"1108\" data-end=\"1140\">\n<p data-start=\"1110\" data-end=\"1140\">100 % <strong data-start=\"1116\" data-end=\"1124\">\u0646\u0642\u064a<\/strong>\u060c \u062e\u0627\u0644\u064d \u0645\u0646 \u0623\u064a \u0625\u0636\u0627\u0641\u0627\u062a<\/p>\n<\/li>\n<li data-start=\"1141\" data-end=\"1172\">\n<p data-start=\"1143\" data-end=\"1172\">\u063a\u064a\u0631 \u0645\u0643\u0631\u0631 \u0648\u063a\u064a\u0631 \u0645\u0628\u064a\u0651\u064e\u0636<\/p>\n<\/li>\n<li data-start=\"1173\" data-end=\"1202\">\n<p data-start=\"1175\" data-end=\"1202\">\u0631\u0627\u0626\u062d\u0629 \u0637\u0628\u064a\u0639\u064a\u0629 \u0644\u0637\u064a\u0641\u0629<\/p>\n<\/li>\n<li data-start=\"1203\" data-end=\"1242\">\n<p data-start=\"1205\" data-end=\"1242\">\u0642\u0648\u0627\u0645 \u0646\u0627\u0639\u0645 \u0648\u0633\u0647\u0644 \u0627\u0644\u0627\u0633\u062a\u062e\u062f\u0627\u0645<\/p>\n<\/li>\n<\/ul>\n<h3 data-start=\"1249\" data-end=\"1284\">\ud83c\udf7d\ufe0f <strong data-start=\"1257\" data-end=\"1284\">\u0627\u0644\u0627\u0633\u062a\u062e\u062f\u0627\u0645\u0627\u062a \u0641\u064a \u0627\u0644\u0637\u0647\u064a<\/strong><\/h3>\n<p data-start=\"1285\" data-end=\"1409\">\u0645\u062b\u0627\u0644\u064a\u0629 \u0644\u0640 :<br data-start=\"1298\" data-end=\"1301\" \/>\u2714 \u0627\u0644\u062d\u0644\u0648\u064a\u0627\u062a \u0648\u0627\u0644\u0645\u0639\u062c\u0646\u0627\u062a<br data-start=\"1314\" data-end=\"1317\" \/>\u2714 \u0627\u0644\u0642\u0644\u064a \u0627\u0644\u062e\u0641\u064a\u0641<br data-start=\"1335\" data-end=\"1338\" \/>\u2714 \u0627\u0644\u0639\u0635\u0627\u0626\u0631 \u0648\u0627\u0644\u0633\u0645\u0648\u0630\u064a<br data-start=\"1349\" data-end=\"1352\" \/>\u2714 \u0627\u0644\u0623\u0637\u0628\u0627\u0642 \u0627\u0644\u0622\u0633\u064a\u0648\u064a\u0629 \u0648\u0627\u0644\u0627\u0633\u062a\u0648\u0627\u0626\u064a\u0629<br data-start=\"1382\" data-end=\"1385\" \/>\u2714 \u0643\u0628\u062f\u064a\u0644 \u0644\u0644\u0632\u0628\u062f\u0629<\/p>\n<h3 data-start=\"1416\" data-end=\"1451\">\ud83d\udc86 <strong data-start=\"1423\" data-end=\"1451\">\u0627\u0644\u0627\u0633\u062a\u062e\u062f\u0627\u0645\u0627\u062a \u0627\u0644\u062a\u062c\u0645\u064a\u0644\u064a\u0629<\/strong><\/h3>\n<p data-start=\"1452\" data-end=\"1591\">\u2714 \u0627\u0644\u0639\u0646\u0627\u064a\u0629 \u0628\u0627\u0644\u0634\u0639\u0631 \u2013 \u0642\u0646\u0627\u0639 \u0623\u0648 \u062d\u0645\u0627\u0645 \u0632\u064a\u062a<br data-start=\"1492\" data-end=\"1495\" \/>\u2714 \u062a\u0631\u0637\u064a\u0628 \u0627\u0644\u0648\u062c\u0647 \u0648\u0627\u0644\u062c\u0633\u0645<br data-start=\"1523\" data-end=\"1526\" \/>\u2714 \u0645\u0632\u064a\u0644 \u0645\u0643\u064a\u0627\u062c \u0637\u0628\u064a\u0639\u064a<br data-start=\"1548\" data-end=\"1551\" \/>\u2714 \u0627\u0644\u0639\u0646\u0627\u064a\u0629 \u0628\u0627\u0644\u0644\u062d\u064a\u0629<br data-start=\"1563\" data-end=\"1566\" \/>\u2714 \u0627\u0644\u062a\u062f\u0644\u064a\u0643 \u0648\u0627\u0644\u0639\u0644\u0627\u062c \u0628\u0627\u0644\u0639\u0637\u0648\u0631<\/p>\n<h3 data-start=\"1598\" data-end=\"1641\">\ud83c\udde9\ud83c\uddff <strong data-start=\"1607\" data-end=\"1641\">\u0645\u0646\u062a\u062c \u0637\u0628\u064a\u0639\u064a \u0623\u0635\u064a\u0644<\/strong><\/h3>\n<p data-start=\"1642\" data-end=\"1767\">\u0645\u062b\u0644 \u062c\u0645\u064a\u0639 \u0645\u0646\u062a\u062c\u0627\u062a <a href=\"https:\/\/fr.wikipedia.org\/wiki\/Col_de_Tirourda\">\u062a\u064a\u0631\u0648\u0631\u062f\u0627<\/a>\u060c \u064a\u064f\u0635\u0646\u0639 \u0632\u064a\u062a \u062c\u0648\u0632 \u0627\u0644\u0647\u0646\u062f \u0628\u0639\u0646\u0627\u064a\u0629 \u0641\u0627\u0626\u0642\u0629\u060c \u0645\u0639 \u0627\u062d\u062a\u0631\u0627\u0645 \u0627\u0644\u0637\u0628\u064a\u0639\u0629 \u0648\u0636\u0645\u0627\u0646 \u0623\u0639\u0644\u0649 \u0645\u0633\u062a\u0648\u064a\u0627\u062a \u0627\u0644\u062c\u0648\u062f\u0629.<\/p>\n<p>&nbsp;<\/p>\n<p data-start=\"826\" data-end=\"947\"><a href=\"https:\/\/tirourda.store\/ar\/products\/\">\u0627\u0644\u0639\u0648\u062f\u0629 \u0627\u0644\u0649 \u0627\u0644\u0645\u062a\u062c\u0631<\/a><\/p>\n<p data-start=\"826\" data-end=\"947\">","protected":false},"excerpt":{"rendered":"<p>\u064a\u062a \u062c\u0648\u0632 \u0627\u0644\u0647\u0646\u062f \u0627\u0644\u0646\u0642\u064a\u060c \u0645\u064f\u0633\u062a\u062e\u0644\u0635 \u0639\u0644\u0649 \u0627\u0644\u0628\u0627\u0631\u062f\u060c \u0645\u062b\u0627\u0644\u064a \u0644\u0644\u0637\u0647\u064a\u060c \u0648\u0627\u0644\u0639\u0646\u0627\u064a\u0629 \u0628\u0627\u0644\u0634\u0639\u0631 \u0648\u0627\u0644\u0628\u0634\u0631\u0629.\n\u0637\u0628\u064a\u0639\u064a 100\u066a\u060c \u062e\u0627\u0644\u064d \u0645\u0646 \u0623\u064a \u0625\u0636\u0627\u0641\u0627\u062a\u060c \u0628\u0631\u0627\u0626\u062d\u0629 \u0644\u0637\u064a\u0641\u0629 \u0648\u0642\u0648\u0627\u0645 \u0646\u0627\u0639\u0645.<\/p>\n<p>&nbsp;<\/p>","protected":false},"featured_media":1710,"comment_status":"closed","ping_status":"closed","template":"","meta":[],"product_brand":[],"product_cat":[29,26,47,27],"product_tag":[33,36,59,34,35,37],"class_list":{"0":"post-1761","1":"product","2":"type-product","3":"status-publish","4":"has-post-thumbnail","6":"product_cat-healthy","7":"product_cat-alimentation","8":"product_cat-produit","9":"product_cat-sante","10":"product_tag-algerie","11":"product_tag-alimentation","12":"product_tag-huile-de-noix-de-coco","13":"product_tag-kabylie","14":"product_tag-pressee-a-froid","15":"product_tag-sante","17":"first","18":"instock","19":"sale","20":"taxable","21":"shipping-taxable","22":"purchasable","23":"product-type-simple"},"yoast_head":"<!-- This site is optimized with the Yoast SEO plugin v26.4 - https:\/\/yoast.com\/wordpress\/plugins\/seo\/ -->\n<title>Huile de noix de coco | Produit naturel Alg\u00e9rie | Tirourda - tirourda<\/title>\n<meta name=\"description\" content=\"Huile de noix de coco naturelle, press\u00e9e \u00e0 froid. Parfaite pour la cuisine, les soins des cheveux, de la peau et le bien-\u00eatre. Pure, saine et polyvalente.\" \/>\n<meta name=\"robots\" content=\"index, follow, max-snippet:-1, max-image-preview:large, max-video-preview:-1\" \/>\n<link rel=\"canonical\" href=\"https:\/\/tirourda.store\/ar\/product\/huile-de-noix-de-coco\/\" \/>\n<meta property=\"og:locale\" content=\"ar_AR\" \/>\n<meta property=\"og:type\" content=\"article\" \/>\n<meta property=\"og:title\" content=\"Huile de noix de coco | Produit naturel Alg\u00e9rie | Tirourda - tirourda\" \/>\n<meta property=\"og:description\" content=\"Huile de noix de coco naturelle, press\u00e9e \u00e0 froid. Parfaite pour la cuisine, les soins des cheveux, de la peau et le bien-\u00eatre. Pure, saine et polyvalente.\" \/>\n<meta property=\"og:url\" content=\"https:\/\/tirourda.store\/ar\/product\/huile-de-noix-de-coco\/\" \/>\n<meta property=\"og:site_name\" content=\"tirourda\" \/>\n<meta property=\"article:modified_time\" content=\"2026-03-27T14:42:43+00:00\" \/>\n<meta property=\"og:image\" content=\"https:\/\/tirourda.store\/wp-content\/uploads\/2025\/09\/F86A9905-scaled-e1763980084522.jpg\" \/>\n\t<meta property=\"og:image:width\" content=\"1348\" \/>\n\t<meta property=\"og:image:height\" content=\"1702\" \/>\n\t<meta property=\"og:image:type\" content=\"image\/jpeg\" \/>\n<meta name=\"twitter:card\" content=\"summary_large_image\" \/>\n<meta name=\"twitter:label1\" content=\"\u0648\u0642\u062a \u0627\u0644\u0642\u0631\u0627\u0621\u0629 \u0627\u0644\u0645\u064f\u0642\u062f\u0651\u0631\" \/>\n\t<meta name=\"twitter:data1\" content=\"\u062f\u0642\u064a\u0642\u062a\u0627\u0646\" \/>\n<script type=\"application\/ld+json\" class=\"yoast-schema-graph\">{\"@context\":\"https:\/\/schema.org\",\"@graph\":[{\"@type\":\"WebPage\",\"@id\":\"https:\/\/tirourda.store\/produit\/huile-de-noix-de-coco\/\",\"url\":\"https:\/\/tirourda.store\/produit\/huile-de-noix-de-coco\/\",\"name\":\"Huile de noix de coco | Produit naturel Alg\u00e9rie | Tirourda - tirourda\",\"isPartOf\":{\"@id\":\"https:\/\/tirourda.store\/#website\"},\"primaryImageOfPage\":{\"@id\":\"https:\/\/tirourda.store\/produit\/huile-de-noix-de-coco\/#primaryimage\"},\"image\":{\"@id\":\"https:\/\/tirourda.store\/produit\/huile-de-noix-de-coco\/#primaryimage\"},\"thumbnailUrl\":\"https:\/\/tirourda.store\/wp-content\/uploads\/2025\/09\/F86A9905-scaled-e1763980084522.jpg\",\"datePublished\":\"2025-11-24T10:22:41+00:00\",\"dateModified\":\"2026-03-27T14:42:43+00:00\",\"description\":\"Huile de noix de coco naturelle, press\u00e9e \u00e0 froid. Parfaite pour la cuisine, les soins des cheveux, de la peau et le bien-\u00eatre. Pure, saine et polyvalente.\",\"breadcrumb\":{\"@id\":\"https:\/\/tirourda.store\/produit\/huile-de-noix-de-coco\/#breadcrumb\"},\"inLanguage\":\"ar\",\"potentialAction\":[{\"@type\":\"ReadAction\",\"target\":[\"https:\/\/tirourda.store\/produit\/huile-de-noix-de-coco\/\"]}]},{\"@type\":\"ImageObject\",\"inLanguage\":\"ar\",\"@id\":\"https:\/\/tirourda.store\/produit\/huile-de-noix-de-coco\/#primaryimage\",\"url\":\"https:\/\/tirourda.store\/wp-content\/uploads\/2025\/09\/F86A9905-scaled-e1763980084522.jpg\",\"contentUrl\":\"https:\/\/tirourda.store\/wp-content\/uploads\/2025\/09\/F86A9905-scaled-e1763980084522.jpg\",\"width\":1348,\"height\":1702,\"caption\":\"Huile de noix de coco\"},{\"@type\":\"BreadcrumbList\",\"@id\":\"https:\/\/tirourda.store\/produit\/huile-de-noix-de-coco\/#breadcrumb\",\"itemListElement\":[{\"@type\":\"ListItem\",\"position\":1,\"name\":\"Accueil\",\"item\":\"https:\/\/tirourda.store\/\"},{\"@type\":\"ListItem\",\"position\":2,\"name\":\"Products\",\"item\":\"https:\/\/tirourda.store\/products\/\"},{\"@type\":\"ListItem\",\"position\":3,\"name\":\"Huile de noix de coco\"}]},{\"@type\":\"WebSite\",\"@id\":\"https:\/\/tirourda.store\/#website\",\"url\":\"https:\/\/tirourda.store\/\",\"name\":\"tirourda\",\"description\":\"\",\"publisher\":{\"@id\":\"https:\/\/tirourda.store\/#organization\"},\"potentialAction\":[{\"@type\":\"SearchAction\",\"target\":{\"@type\":\"EntryPoint\",\"urlTemplate\":\"https:\/\/tirourda.store\/?s={search_term_string}\"},\"query-input\":{\"@type\":\"PropertyValueSpecification\",\"valueRequired\":true,\"valueName\":\"search_term_string\"}}],\"inLanguage\":\"ar\"},{\"@type\":\"Organization\",\"@id\":\"https:\/\/tirourda.store\/#organization\",\"name\":\"tirourda\",\"url\":\"https:\/\/tirourda.store\/\",\"logo\":{\"@type\":\"ImageObject\",\"inLanguage\":\"ar\",\"@id\":\"https:\/\/tirourda.store\/#\/schema\/logo\/image\/\",\"url\":\"https:\/\/tirourda.store\/wp-content\/uploads\/2025\/07\/5.png\",\"contentUrl\":\"https:\/\/tirourda.store\/wp-content\/uploads\/2025\/07\/5.png\",\"width\":707,\"height\":239,\"caption\":\"tirourda\"},\"image\":{\"@id\":\"https:\/\/tirourda.store\/#\/schema\/logo\/image\/\"},\"sameAs\":[\"https:\/\/www.instagram.com\/tirou_rda\/\"]}]}<\/script>\n<!-- \/ Yoast SEO plugin. -->","yoast_head_json":{"title":"Huile de noix de coco | Produit naturel Alg\u00e9rie | Tirourda - tirourda","description":"Huile de noix de coco naturelle, press\u00e9e \u00e0 froid. Parfaite pour la cuisine, les soins des cheveux, de la peau et le bien-\u00eatre. Pure, saine et polyvalente.","robots":{"index":"index","follow":"follow","max-snippet":"max-snippet:-1","max-image-preview":"max-image-preview:large","max-video-preview":"max-video-preview:-1"},"canonical":"https:\/\/tirourda.store\/ar\/product\/huile-de-noix-de-coco\/","og_locale":"ar_AR","og_type":"article","og_title":"Huile de noix de coco | Produit naturel Alg\u00e9rie | Tirourda - tirourda","og_description":"Huile de noix de coco naturelle, press\u00e9e \u00e0 froid. Parfaite pour la cuisine, les soins des cheveux, de la peau et le bien-\u00eatre. Pure, saine et polyvalente.","og_url":"https:\/\/tirourda.store\/ar\/product\/huile-de-noix-de-coco\/","og_site_name":"tirourda","article_modified_time":"2026-03-27T14:42:43+00:00","og_image":[{"width":1348,"height":1702,"url":"https:\/\/tirourda.store\/wp-content\/uploads\/2025\/09\/F86A9905-scaled-e1763980084522.jpg","type":"image\/jpeg"}],"twitter_card":"summary_large_image","twitter_misc":{"\u0648\u0642\u062a \u0627\u0644\u0642\u0631\u0627\u0621\u0629 \u0627\u0644\u0645\u064f\u0642\u062f\u0651\u0631":"\u062f\u0642\u064a\u0642\u062a\u0627\u0646"},"schema":{"@context":"https:\/\/schema.org","@graph":[{"@type":"WebPage","@id":"https:\/\/tirourda.store\/produit\/huile-de-noix-de-coco\/","url":"https:\/\/tirourda.store\/produit\/huile-de-noix-de-coco\/","name":"Huile de noix de coco | Produit naturel Alg\u00e9rie | Tirourda - tirourda","isPartOf":{"@id":"https:\/\/tirourda.store\/#website"},"primaryImageOfPage":{"@id":"https:\/\/tirourda.store\/produit\/huile-de-noix-de-coco\/#primaryimage"},"image":{"@id":"https:\/\/tirourda.store\/produit\/huile-de-noix-de-coco\/#primaryimage"},"thumbnailUrl":"https:\/\/tirourda.store\/wp-content\/uploads\/2025\/09\/F86A9905-scaled-e1763980084522.jpg","datePublished":"2025-11-24T10:22:41+00:00","dateModified":"2026-03-27T14:42:43+00:00","description":"Huile de noix de coco naturelle, press\u00e9e \u00e0 froid. Parfaite pour la cuisine, les soins des cheveux, de la peau et le bien-\u00eatre. Pure, saine et polyvalente.","breadcrumb":{"@id":"https:\/\/tirourda.store\/produit\/huile-de-noix-de-coco\/#breadcrumb"},"inLanguage":"ar","potentialAction":[{"@type":"ReadAction","target":["https:\/\/tirourda.store\/produit\/huile-de-noix-de-coco\/"]}]},{"@type":"ImageObject","inLanguage":"ar","@id":"https:\/\/tirourda.store\/produit\/huile-de-noix-de-coco\/#primaryimage","url":"https:\/\/tirourda.store\/wp-content\/uploads\/2025\/09\/F86A9905-scaled-e1763980084522.jpg","contentUrl":"https:\/\/tirourda.store\/wp-content\/uploads\/2025\/09\/F86A9905-scaled-e1763980084522.jpg","width":1348,"height":1702,"caption":"Huile de noix de coco"},{"@type":"BreadcrumbList","@id":"https:\/\/tirourda.store\/produit\/huile-de-noix-de-coco\/#breadcrumb","itemListElement":[{"@type":"ListItem","position":1,"name":"Accueil","item":"https:\/\/tirourda.store\/"},{"@type":"ListItem","position":2,"name":"Products","item":"https:\/\/tirourda.store\/products\/"},{"@type":"ListItem","position":3,"name":"Huile de noix de coco"}]},{"@type":"WebSite","@id":"https:\/\/tirourda.store\/#website","url":"https:\/\/tirourda.store\/","name":"tirourda","description":"","publisher":{"@id":"https:\/\/tirourda.store\/#organization"},"potentialAction":[{"@type":"SearchAction","target":{"@type":"EntryPoint","urlTemplate":"https:\/\/tirourda.store\/?s={search_term_string}"},"query-input":{"@type":"PropertyValueSpecification","valueRequired":true,"valueName":"search_term_string"}}],"inLanguage":"ar"},{"@type":"Organization","@id":"https:\/\/tirourda.store\/#organization","name":"tirourda","url":"https:\/\/tirourda.store\/","logo":{"@type":"ImageObject","inLanguage":"ar","@id":"https:\/\/tirourda.store\/#\/schema\/logo\/image\/","url":"https:\/\/tirourda.store\/wp-content\/uploads\/2025\/07\/5.png","contentUrl":"https:\/\/tirourda.store\/wp-content\/uploads\/2025\/07\/5.png","width":707,"height":239,"caption":"tirourda"},"image":{"@id":"https:\/\/tirourda.store\/#\/schema\/logo\/image\/"},"sameAs":["https:\/\/www.instagram.com\/tirou_rda\/"]}]}},"_links":{"self":[{"href":"https:\/\/tirourda.store\/ar\/wp-json\/wp\/v2\/product\/1761","targetHints":{"allow":["GET"]}}],"collection":[{"href":"https:\/\/tirourda.store\/ar\/wp-json\/wp\/v2\/product"}],"about":[{"href":"https:\/\/tirourda.store\/ar\/wp-json\/wp\/v2\/types\/product"}],"replies":[{"embeddable":true,"href":"https:\/\/tirourda.store\/ar\/wp-json\/wp\/v2\/comments?post=1761"}],"wp:featuredmedia":[{"embeddable":true,"href":"https:\/\/tirourda.store\/ar\/wp-json\/wp\/v2\/media\/1710"}],"wp:attachment":[{"href":"https:\/\/tirourda.store\/ar\/wp-json\/wp\/v2\/media?parent=1761"}],"wp:term":[{"taxonomy":"product_brand","embeddable":true,"href":"https:\/\/tirourda.store\/ar\/wp-json\/wp\/v2\/product_brand?post=1761"},{"taxonomy":"product_cat","embeddable":true,"href":"https:\/\/tirourda.store\/ar\/wp-json\/wp\/v2\/product_cat?post=1761"},{"taxonomy":"product_tag","embeddable":true,"href":"https:\/\/tirourda.store\/ar\/wp-json\/wp\/v2\/product_tag?post=1761"}],"curies":[{"name":"wp","href":"https:\/\/api.w.org\/{rel}","templated":true}]}}