{"id":1763,"date":"2025-11-24T13:00:39","date_gmt":"2025-11-24T12:00:39","guid":{"rendered":"https:\/\/tirourda.store\/?post_type=product&#038;p=1763"},"modified":"2026-03-27T15:42:30","modified_gmt":"2026-03-27T14:42:30","slug":"huile-de-nigelle","status":"publish","type":"product","link":"https:\/\/tirourda.store\/ar\/product\/huile-de-nigelle\/","title":{"rendered":"\u0632\u064a\u062a \u0627\u0644\u062d\u0628\u0629 \u0627\u0644\u0633\u0648\u062f\u0627\u0621"},"content":{"rendered":"<p data-start=\"408\" data-end=\"847\">\u0627\u0643\u062a\u0634\u0641 \u0632\u064a\u062a \u0627\u0644\u062d\u0628\u0629 \u0627\u0644\u0633\u0648\u062f\u0627\u0621\u060c \u0632\u064a\u062a \u0637\u0628\u064a\u0639\u064a \u0648\u0646\u0642\u064a 100\u066a\u060c \u0645\u0633\u062a\u062e\u0644\u0635 \u0639\u0644\u0649 \u0627\u0644\u0628\u0627\u0631\u062f \u0644\u0644\u062d\u0641\u0627\u0638 \u0639\u0644\u0649 \u0643\u0644 \u0627\u0644\u062e\u0635\u0627\u0626\u0635 \u0627\u0644\u0639\u0644\u0627\u062c\u064a\u0629 \u0644\u0628\u0630\u0648\u0631 \u0627\u0644\u062d\u0628\u0629 \u0627\u0644\u0633\u0648\u062f\u0627\u0621.\n\u0639\u0644\u0649 \u0645\u0631\u0651 \u0627\u0644\u0642\u0631\u0648\u0646\u060c \u0627\u0634\u062a\u0647\u0631 \u0647\u0630\u0627 \u0627\u0644\u0632\u064a\u062a \u0628\u0641\u0648\u0627\u0626\u062f\u0647 \u0627\u0644\u0645\u062a\u0639\u062f\u062f\u0629\u060c \u0644\u064a\u0643\u0648\u0646 \u062d\u0644\u064a\u0641\u064b\u0627 \u0623\u0633\u0627\u0633\u064a\u064b\u0627 \u0641\u064a \u062a\u0639\u0632\u064a\u0632 \u0627\u0644\u0645\u0646\u0627\u0639\u0629\u060c \u062a\u063a\u0630\u064a\u0629 \u0627\u0644\u0628\u0634\u0631\u0629\u060c \u0648\u062a\u0642\u0648\u064a\u0629 \u0627\u0644\u0634\u0639\u0631.\n\u0648\u0628\u0641\u0636\u0644 \u062a\u0631\u0643\u064a\u0628\u062a\u0647 \u0627\u0644\u0641\u0631\u064a\u062f\u0629\u060c \u064a\u0633\u0627\u0647\u0645 \u0623\u064a\u0636\u064b\u0627 \u0628\u0634\u0643\u0644 \u0641\u0639\u0651\u0627\u0644 \u0641\u064a \u062f\u0639\u0645 \u0627\u0644\u0635\u062d\u0629 \u0627\u0644\u0639\u0627\u0645\u0629 \u0648\u0627\u0644\u0634\u0639\u0648\u0631 \u0628\u0627\u0644\u0631\u0641\u0627\u0647\u064a\u0629.<\/p>\n<p data-start=\"849\" data-end=\"1296\">\u0632\u064a\u062a\u0646\u0627 \u0645\u064f\u0646\u062a\u062c \u0645\u0646 \u0628\u0630\u0648\u0631 \u0645\u062e\u062a\u0627\u0631\u0629 \u0628\u0639\u0646\u0627\u064a\u0629\u060c \u062d\u064a\u062b \u062a\u064f\u0639\u0635\u0631 \u0639\u0644\u0649 \u0627\u0644\u0628\u0627\u0631\u062f \u062f\u0648\u0646 \u0623\u064a \u0625\u0636\u0627\u0641\u0627\u062a \u0623\u0648 \u0645\u0648\u0627\u062f \u062d\u0627\u0641\u0638\u0629\u060c \u0645\u0645\u0627 \u064a\u0636\u0645\u0646 \u062c\u0648\u062f\u0629 \u0644\u0627 \u0645\u062b\u064a\u0644 \u0644\u0647\u0627.\n\u064a\u062a\u0645\u064a\u0632 \u0632\u064a\u062a \u0627\u0644\u062d\u0628\u0629 \u0627\u0644\u0633\u0648\u062f\u0627\u0621 \u0628\u0631\u0627\u0626\u062d\u062a\u0647 \u0627\u0644\u0645\u0645\u064a\u0632\u0629\u060c \u0648\u0644\u0648\u0646\u0647 \u0627\u0644\u062f\u0627\u0643\u0646\u060c \u0648\u063a\u0646\u0627\u0647 \u0627\u0644\u0627\u0633\u062a\u062b\u0646\u0627\u0626\u064a \u0628\u0627\u0644\u0623\u062d\u0645\u0627\u0636 \u0627\u0644\u062f\u0647\u0646\u064a\u0629 \u0627\u0644\u0623\u0633\u0627\u0633\u064a\u0629 \u0648\u0645\u0636\u0627\u062f\u0627\u062a \u0627\u0644\u0623\u0643\u0633\u062f\u0629.\n\u062a\u064f\u0639\u0632\u0632 \u0647\u0630\u0647 \u0627\u0644\u0639\u0646\u0627\u0635\u0631 \u0645\u0639\u064b\u0627 \u062e\u0635\u0627\u0626\u0635\u0647 \u0627\u0644\u0637\u0628\u064a\u0639\u064a\u0629 \u0648\u0641\u0648\u0627\u0626\u062f\u0647 \u0627\u0644\u0635\u062d\u064a\u0629 \u0628\u0634\u0643\u0644 \u0623\u0643\u0628\u0631.<\/p>\n<h3 data-start=\"859\" data-end=\"890\">\ud83c\udf3f <strong data-start=\"866\" data-end=\"890\">\u0627\u0644\u0641\u0648\u0627\u0626\u062f \u0627\u0644\u0631\u0626\u064a\u0633\u064a\u0629<\/strong><\/h3>\n<ul data-start=\"891\" data-end=\"1133\">\n<li data-start=\"891\" data-end=\"926\">\n<p data-start=\"893\" data-end=\"926\">\u064a\u0639\u0632\u0632 \u062c\u0647\u0627\u0632 \u0627\u0644\u0645\u0646\u0627\u0639\u0629<\/p>\n<\/li>\n<li data-start=\"927\" data-end=\"955\">\n<p data-start=\"929\" data-end=\"955\">\u064a\u0642\u0644\u0651\u0644 \u0627\u0644\u0627\u0644\u062a\u0647\u0627\u0628\u0627\u062a<\/p>\n<\/li>\n<li data-start=\"956\" data-end=\"1006\">\n<p data-start=\"958\" data-end=\"1006\">\u064a\u0647\u062f\u0626 \u0627\u0636\u0637\u0631\u0627\u0628\u0627\u062a \u0627\u0644\u062c\u0647\u0627\u0632 \u0627\u0644\u062a\u0646\u0641\u0633\u064a \u0648\u0627\u0644\u0647\u0636\u0645\u064a<\/p>\n<\/li>\n<li data-start=\"1007\" data-end=\"1067\">\n<p data-start=\"1009\" data-end=\"1067\">\u064a\u062d\u0633\u0651\u0646 \u062d\u0627\u0644\u0629 \u0627\u0644\u0628\u0634\u0631\u0629 \u0637\u0628\u064a\u0639\u064a\u064b\u0627 (\u062d\u0628 \u0627\u0644\u0634\u0628\u0627\u0628\u060c \u0627\u0644\u0623\u0643\u0632\u064a\u0645\u0627\u2026)<\/p>\n<\/li>\n<li data-start=\"1068\" data-end=\"1133\">\n<p data-start=\"1070\" data-end=\"1133\">\u064a\u063a\u0630\u0651\u064a \u0627\u0644\u0634\u0639\u0631 \u0648\u064a\u0642\u0648\u064a\u0647 \u0645\u0639 \u0627\u0644\u062d\u062f \u0645\u0646 \u062a\u0633\u0627\u0642\u0637\u0647<\/p>\n<\/li>\n<\/ul>\n<h3 data-start=\"1140\" data-end=\"1163\">\ud83d\udc86 <strong data-start=\"1147\" data-end=\"1163\">\u0637\u0631\u0642 \u0627\u0644\u0627\u0633\u062a\u062e\u062f\u0627\u0645<\/strong><\/h3>\n<p data-start=\"1165\" data-end=\"1277\"><strong data-start=\"1165\" data-end=\"1184\">\u0627\u0644\u0627\u0633\u062a\u062e\u062f\u0627\u0645 \u0627\u0644\u062f\u0627\u062e\u0644\u064a:<\/strong><br data-start=\"1184\" data-end=\"1187\" \/>\u2714 \u0645\u0644\u0639\u0642\u0629 \u0648\u0627\u062d\u062f\u0629 \u0635\u0628\u0627\u062d\u064b\u0627 \u0644\u062a\u0639\u0632\u064a\u0632 \u0627\u0644\u0645\u0646\u0627\u0639\u0629<br data-start=\"1232\" data-end=\"1235\" \/>\u2714 \u064a\u064f\u0645\u0632\u062c \u0645\u0639 \u0627\u0644\u0639\u0633\u0644 \u0644\u062a\u0647\u062f\u0626\u0629 \u0627\u0644\u062d\u0644\u0642<\/p>\n<p data-start=\"1279\" data-end=\"1478\"><strong data-start=\"1279\" data-end=\"1298\">\u0627\u0644\u0627\u0633\u062a\u062e\u062f\u0627\u0645 \u0627\u0644\u062e\u0627\u0631\u062c\u064a:<\/strong><br data-start=\"1298\" data-end=\"1301\" \/>\u2714 \u062a\u062f\u0644\u064a\u0643 \u0641\u0631\u0648\u0629 \u0627\u0644\u0631\u0623\u0633 \u0644\u0644\u062d\u062f \u0645\u0646 \u062a\u0633\u0627\u0642\u0637 \u0627\u0644\u0634\u0639\u0631<br data-start=\"1360\" data-end=\"1363\" \/>\u2714 \u062a\u0637\u0628\u064a\u0642 \u0639\u0644\u0649 \u0627\u0644\u0628\u0634\u0631\u0629 \u0627\u0644\u0645\u062a\u0647\u064a\u062c\u0629 \u0623\u0648 \u0627\u0644\u0645\u0635\u0627\u0628\u0629 \u0628\u062d\u0628 \u0627\u0644\u0634\u0628\u0627\u0628<br data-start=\"1405\" data-end=\"1408\" \/>\u2714 \u062e\u0644\u0637\u0647 \u0645\u0639 \u0632\u064a\u0648\u062a \u0623\u062e\u0631\u0649 \u0644\u0639\u0646\u0627\u064a\u0629 \u0645\u062a\u0643\u0627\u0645\u0644\u0629 \u0648\u0623\u0643\u062b\u0631 \u0641\u0639\u0627\u0644\u064a\u0629<\/p>\n<h3 data-start=\"1485\" data-end=\"1520\">\ud83c\udf31 <strong data-start=\"1492\" data-end=\"1520\">\u062c\u0648\u062f\u0629 \u0645\u0645\u062a\u0627\u0632\u0629\u00a0<\/strong><\/h3>\n<ul data-start=\"1521\" data-end=\"1679\">\n<li data-start=\"1521\" data-end=\"1548\">\n<p data-start=\"1523\" data-end=\"1548\">\u0646\u0642\u064a \u0648\u0637\u0628\u064a\u0639\u064a 100\u066a<\/p>\n<\/li>\n<li data-start=\"1549\" data-end=\"1598\">\n<p data-start=\"1551\" data-end=\"1598\">\u0645\u0633\u062a\u062e\u0644\u0635 \u0639\u0644\u0649 \u0627\u0644\u0628\u0627\u0631\u062f\u060c \u062e\u0627\u0644\u064d \u0645\u0646 \u0623\u064a \u0625\u0636\u0627\u0641\u0627\u062a \u0623\u0648 \u0645\u0648\u0627\u062f \u062d\u0627\u0641\u0638\u0629<\/p>\n<\/li>\n<li data-start=\"1599\" data-end=\"1637\">\n<p data-start=\"1601\" data-end=\"1637\">\u0642\u0648\u0627\u0645 \u062e\u0641\u064a\u0641 \u0648\u0633\u0631\u064a\u0639 \u0627\u0644\u0627\u0645\u062a\u0635\u0627\u0635<\/p>\n<\/li>\n<li data-start=\"1638\" data-end=\"1679\">\n<p data-start=\"1640\" data-end=\"1679\">Produit authentique<\/p>\n<\/li>\n<\/ul>\n<p data-start=\"1642\" data-end=\"1767\">\u0645\u062b\u0644 \u062c\u0645\u064a\u0639 \u0645\u0646\u062a\u062c\u0627\u062a <a href=\"https:\/\/fr.wikipedia.org\/wiki\/Col_de_Tirourda\">\u062a\u064a\u0631\u0648\u0631\u062f\u0627<\/a>\u060c \u064a\u064f\u0635\u0646\u0639 \u0632\u064a\u062a \u0627\u0644\u062d\u0628\u0629 \u0627\u0644\u0633\u0648\u062f\u0627\u0621 \u0628\u0639\u0646\u0627\u064a\u0629 \u0641\u0627\u0626\u0642\u0629\u060c \u0645\u0639 \u0627\u062d\u062a\u0631\u0627\u0645 \u0627\u0644\u0637\u0628\u064a\u0639\u0629 \u0648\u0636\u0645\u0627\u0646 \u0623\u0639\u0644\u0649 \u0645\u0633\u062a\u0648\u064a\u0627\u062a \u0627\u0644\u062c\u0648\u062f\u0629.<\/p>\n<p>&nbsp;<\/p>\n<p data-start=\"826\" data-end=\"947\"><a href=\"https:\/\/tirourda.store\/ar\/products\/\">\u0627\u0644\u0639\u0648\u062f\u0629 \u0627\u0644\u0649 \u0627\u0644\u0645\u062a\u062c\u0631<\/a><\/p>\n<p data-start=\"826\" data-end=\"947\">","protected":false},"excerpt":{"rendered":"<p data-start=\"1753\" data-end=\"1890\">\u0632\u064a\u062a \u0627\u0644\u062d\u0628\u0629 \u0627\u0644\u0633\u0648\u062f\u0627\u0621: \u0637\u0628\u064a\u0639\u064a 100\u066a\u060c \u0645\u0633\u062a\u062e\u0644\u0635 \u0639\u0644\u0649 \u0627\u0644\u0628\u0627\u0631\u062f\u060c \u0645\u062b\u0627\u0644\u064a \u0644\u062a\u0639\u0632\u064a\u0632 \u0627\u0644\u0645\u0646\u0627\u0639\u0629\u060c \u062a\u063a\u0630\u064a\u0629 \u0627\u0644\u0628\u0634\u0631\u0629\u060c \u0648\u062a\u0642\u0648\u064a\u0629 \u0627\u0644\u0634\u0639\u0631.<\/p>\n<p>&nbsp;<\/p>","protected":false},"featured_media":1728,"comment_status":"closed","ping_status":"closed","template":"","meta":[],"product_brand":[],"product_cat":[29,26,47,27],"product_tag":[33,36,60,34,35,37],"class_list":{"0":"post-1763","1":"product","2":"type-product","3":"status-publish","4":"has-post-thumbnail","6":"product_cat-healthy","7":"product_cat-alimentation","8":"product_cat-produit","9":"product_cat-sante","10":"product_tag-algerie","11":"product_tag-alimentation","12":"product_tag-huile-de-nigelle","13":"product_tag-kabylie","14":"product_tag-pressee-a-froid","15":"product_tag-sante","17":"first","18":"instock","19":"sale","20":"taxable","21":"shipping-taxable","22":"purchasable","23":"product-type-simple"},"yoast_head":"<!-- This site is optimized with the Yoast SEO plugin v26.4 - https:\/\/yoast.com\/wordpress\/plugins\/seo\/ -->\n<title>Huile de Nigelle | Produit naturel Alg\u00e9rie | Tirourda - tirourda<\/title>\n<meta name=\"description\" content=\"Huile de Nigelle, pure et press\u00e9e \u00e0 froid. Renforce l\u2019immunit\u00e9, soin peau et cheveux, bienfaits naturels puissants. Produit 100\u202f% naturel.\" \/>\n<meta name=\"robots\" content=\"index, follow, max-snippet:-1, max-image-preview:large, max-video-preview:-1\" \/>\n<link rel=\"canonical\" href=\"https:\/\/tirourda.store\/ar\/product\/huile-de-nigelle\/\" \/>\n<meta property=\"og:locale\" content=\"ar_AR\" \/>\n<meta property=\"og:type\" content=\"article\" \/>\n<meta property=\"og:title\" content=\"Huile de Nigelle | Produit naturel Alg\u00e9rie | Tirourda - tirourda\" \/>\n<meta property=\"og:description\" content=\"Huile de Nigelle, pure et press\u00e9e \u00e0 froid. Renforce l\u2019immunit\u00e9, soin peau et cheveux, bienfaits naturels puissants. Produit 100\u202f% naturel.\" \/>\n<meta property=\"og:url\" content=\"https:\/\/tirourda.store\/ar\/product\/huile-de-nigelle\/\" \/>\n<meta property=\"og:site_name\" content=\"tirourda\" \/>\n<meta property=\"article:modified_time\" content=\"2026-03-27T14:42:30+00:00\" \/>\n<meta property=\"og:image\" content=\"https:\/\/tirourda.store\/wp-content\/uploads\/2025\/09\/F86A9910-scaled-e1763985855944.jpg\" \/>\n\t<meta property=\"og:image:width\" content=\"1360\" \/>\n\t<meta property=\"og:image:height\" content=\"1702\" \/>\n\t<meta property=\"og:image:type\" content=\"image\/jpeg\" \/>\n<meta name=\"twitter:card\" content=\"summary_large_image\" \/>\n<meta name=\"twitter:label1\" content=\"\u0648\u0642\u062a \u0627\u0644\u0642\u0631\u0627\u0621\u0629 \u0627\u0644\u0645\u064f\u0642\u062f\u0651\u0631\" \/>\n\t<meta name=\"twitter:data1\" content=\"\u062f\u0642\u064a\u0642\u062a\u0627\u0646\" \/>\n<script type=\"application\/ld+json\" class=\"yoast-schema-graph\">{\"@context\":\"https:\/\/schema.org\",\"@graph\":[{\"@type\":\"WebPage\",\"@id\":\"https:\/\/tirourda.store\/produit\/huile-de-nigelle\/\",\"url\":\"https:\/\/tirourda.store\/produit\/huile-de-nigelle\/\",\"name\":\"Huile de Nigelle | Produit naturel Alg\u00e9rie | Tirourda - tirourda\",\"isPartOf\":{\"@id\":\"https:\/\/tirourda.store\/#website\"},\"primaryImageOfPage\":{\"@id\":\"https:\/\/tirourda.store\/produit\/huile-de-nigelle\/#primaryimage\"},\"image\":{\"@id\":\"https:\/\/tirourda.store\/produit\/huile-de-nigelle\/#primaryimage\"},\"thumbnailUrl\":\"https:\/\/tirourda.store\/wp-content\/uploads\/2025\/09\/F86A9910-scaled-e1763985855944.jpg\",\"datePublished\":\"2025-11-24T12:00:39+00:00\",\"dateModified\":\"2026-03-27T14:42:30+00:00\",\"description\":\"Huile de Nigelle, pure et press\u00e9e \u00e0 froid. Renforce l\u2019immunit\u00e9, soin peau et cheveux, bienfaits naturels puissants. Produit 100\u202f% naturel.\",\"breadcrumb\":{\"@id\":\"https:\/\/tirourda.store\/produit\/huile-de-nigelle\/#breadcrumb\"},\"inLanguage\":\"ar\",\"potentialAction\":[{\"@type\":\"ReadAction\",\"target\":[\"https:\/\/tirourda.store\/produit\/huile-de-nigelle\/\"]}]},{\"@type\":\"ImageObject\",\"inLanguage\":\"ar\",\"@id\":\"https:\/\/tirourda.store\/produit\/huile-de-nigelle\/#primaryimage\",\"url\":\"https:\/\/tirourda.store\/wp-content\/uploads\/2025\/09\/F86A9910-scaled-e1763985855944.jpg\",\"contentUrl\":\"https:\/\/tirourda.store\/wp-content\/uploads\/2025\/09\/F86A9910-scaled-e1763985855944.jpg\",\"width\":1360,\"height\":1702,\"caption\":\"Huile de Nigelle\"},{\"@type\":\"BreadcrumbList\",\"@id\":\"https:\/\/tirourda.store\/produit\/huile-de-nigelle\/#breadcrumb\",\"itemListElement\":[{\"@type\":\"ListItem\",\"position\":1,\"name\":\"Accueil\",\"item\":\"https:\/\/tirourda.store\/\"},{\"@type\":\"ListItem\",\"position\":2,\"name\":\"Products\",\"item\":\"https:\/\/tirourda.store\/products\/\"},{\"@type\":\"ListItem\",\"position\":3,\"name\":\"Huile de Nigelle\"}]},{\"@type\":\"WebSite\",\"@id\":\"https:\/\/tirourda.store\/#website\",\"url\":\"https:\/\/tirourda.store\/\",\"name\":\"tirourda\",\"description\":\"\",\"publisher\":{\"@id\":\"https:\/\/tirourda.store\/#organization\"},\"potentialAction\":[{\"@type\":\"SearchAction\",\"target\":{\"@type\":\"EntryPoint\",\"urlTemplate\":\"https:\/\/tirourda.store\/?s={search_term_string}\"},\"query-input\":{\"@type\":\"PropertyValueSpecification\",\"valueRequired\":true,\"valueName\":\"search_term_string\"}}],\"inLanguage\":\"ar\"},{\"@type\":\"Organization\",\"@id\":\"https:\/\/tirourda.store\/#organization\",\"name\":\"tirourda\",\"url\":\"https:\/\/tirourda.store\/\",\"logo\":{\"@type\":\"ImageObject\",\"inLanguage\":\"ar\",\"@id\":\"https:\/\/tirourda.store\/#\/schema\/logo\/image\/\",\"url\":\"https:\/\/tirourda.store\/wp-content\/uploads\/2025\/07\/5.png\",\"contentUrl\":\"https:\/\/tirourda.store\/wp-content\/uploads\/2025\/07\/5.png\",\"width\":707,\"height\":239,\"caption\":\"tirourda\"},\"image\":{\"@id\":\"https:\/\/tirourda.store\/#\/schema\/logo\/image\/\"},\"sameAs\":[\"https:\/\/www.instagram.com\/tirou_rda\/\"]}]}<\/script>\n<!-- \/ Yoast SEO plugin. -->","yoast_head_json":{"title":"Huile de Nigelle | Produit naturel Alg\u00e9rie | Tirourda - tirourda","description":"Huile de Nigelle, pure et press\u00e9e \u00e0 froid. Renforce l\u2019immunit\u00e9, soin peau et cheveux, bienfaits naturels puissants. Produit 100\u202f% naturel.","robots":{"index":"index","follow":"follow","max-snippet":"max-snippet:-1","max-image-preview":"max-image-preview:large","max-video-preview":"max-video-preview:-1"},"canonical":"https:\/\/tirourda.store\/ar\/product\/huile-de-nigelle\/","og_locale":"ar_AR","og_type":"article","og_title":"Huile de Nigelle | Produit naturel Alg\u00e9rie | Tirourda - tirourda","og_description":"Huile de Nigelle, pure et press\u00e9e \u00e0 froid. Renforce l\u2019immunit\u00e9, soin peau et cheveux, bienfaits naturels puissants. Produit 100\u202f% naturel.","og_url":"https:\/\/tirourda.store\/ar\/product\/huile-de-nigelle\/","og_site_name":"tirourda","article_modified_time":"2026-03-27T14:42:30+00:00","og_image":[{"width":1360,"height":1702,"url":"https:\/\/tirourda.store\/wp-content\/uploads\/2025\/09\/F86A9910-scaled-e1763985855944.jpg","type":"image\/jpeg"}],"twitter_card":"summary_large_image","twitter_misc":{"\u0648\u0642\u062a \u0627\u0644\u0642\u0631\u0627\u0621\u0629 \u0627\u0644\u0645\u064f\u0642\u062f\u0651\u0631":"\u062f\u0642\u064a\u0642\u062a\u0627\u0646"},"schema":{"@context":"https:\/\/schema.org","@graph":[{"@type":"WebPage","@id":"https:\/\/tirourda.store\/produit\/huile-de-nigelle\/","url":"https:\/\/tirourda.store\/produit\/huile-de-nigelle\/","name":"Huile de Nigelle | Produit naturel Alg\u00e9rie | Tirourda - tirourda","isPartOf":{"@id":"https:\/\/tirourda.store\/#website"},"primaryImageOfPage":{"@id":"https:\/\/tirourda.store\/produit\/huile-de-nigelle\/#primaryimage"},"image":{"@id":"https:\/\/tirourda.store\/produit\/huile-de-nigelle\/#primaryimage"},"thumbnailUrl":"https:\/\/tirourda.store\/wp-content\/uploads\/2025\/09\/F86A9910-scaled-e1763985855944.jpg","datePublished":"2025-11-24T12:00:39+00:00","dateModified":"2026-03-27T14:42:30+00:00","description":"Huile de Nigelle, pure et press\u00e9e \u00e0 froid. Renforce l\u2019immunit\u00e9, soin peau et cheveux, bienfaits naturels puissants. Produit 100\u202f% naturel.","breadcrumb":{"@id":"https:\/\/tirourda.store\/produit\/huile-de-nigelle\/#breadcrumb"},"inLanguage":"ar","potentialAction":[{"@type":"ReadAction","target":["https:\/\/tirourda.store\/produit\/huile-de-nigelle\/"]}]},{"@type":"ImageObject","inLanguage":"ar","@id":"https:\/\/tirourda.store\/produit\/huile-de-nigelle\/#primaryimage","url":"https:\/\/tirourda.store\/wp-content\/uploads\/2025\/09\/F86A9910-scaled-e1763985855944.jpg","contentUrl":"https:\/\/tirourda.store\/wp-content\/uploads\/2025\/09\/F86A9910-scaled-e1763985855944.jpg","width":1360,"height":1702,"caption":"Huile de Nigelle"},{"@type":"BreadcrumbList","@id":"https:\/\/tirourda.store\/produit\/huile-de-nigelle\/#breadcrumb","itemListElement":[{"@type":"ListItem","position":1,"name":"Accueil","item":"https:\/\/tirourda.store\/"},{"@type":"ListItem","position":2,"name":"Products","item":"https:\/\/tirourda.store\/products\/"},{"@type":"ListItem","position":3,"name":"Huile de Nigelle"}]},{"@type":"WebSite","@id":"https:\/\/tirourda.store\/#website","url":"https:\/\/tirourda.store\/","name":"tirourda","description":"","publisher":{"@id":"https:\/\/tirourda.store\/#organization"},"potentialAction":[{"@type":"SearchAction","target":{"@type":"EntryPoint","urlTemplate":"https:\/\/tirourda.store\/?s={search_term_string}"},"query-input":{"@type":"PropertyValueSpecification","valueRequired":true,"valueName":"search_term_string"}}],"inLanguage":"ar"},{"@type":"Organization","@id":"https:\/\/tirourda.store\/#organization","name":"tirourda","url":"https:\/\/tirourda.store\/","logo":{"@type":"ImageObject","inLanguage":"ar","@id":"https:\/\/tirourda.store\/#\/schema\/logo\/image\/","url":"https:\/\/tirourda.store\/wp-content\/uploads\/2025\/07\/5.png","contentUrl":"https:\/\/tirourda.store\/wp-content\/uploads\/2025\/07\/5.png","width":707,"height":239,"caption":"tirourda"},"image":{"@id":"https:\/\/tirourda.store\/#\/schema\/logo\/image\/"},"sameAs":["https:\/\/www.instagram.com\/tirou_rda\/"]}]}},"_links":{"self":[{"href":"https:\/\/tirourda.store\/ar\/wp-json\/wp\/v2\/product\/1763","targetHints":{"allow":["GET"]}}],"collection":[{"href":"https:\/\/tirourda.store\/ar\/wp-json\/wp\/v2\/product"}],"about":[{"href":"https:\/\/tirourda.store\/ar\/wp-json\/wp\/v2\/types\/product"}],"replies":[{"embeddable":true,"href":"https:\/\/tirourda.store\/ar\/wp-json\/wp\/v2\/comments?post=1763"}],"wp:featuredmedia":[{"embeddable":true,"href":"https:\/\/tirourda.store\/ar\/wp-json\/wp\/v2\/media\/1728"}],"wp:attachment":[{"href":"https:\/\/tirourda.store\/ar\/wp-json\/wp\/v2\/media?parent=1763"}],"wp:term":[{"taxonomy":"product_brand","embeddable":true,"href":"https:\/\/tirourda.store\/ar\/wp-json\/wp\/v2\/product_brand?post=1763"},{"taxonomy":"product_cat","embeddable":true,"href":"https:\/\/tirourda.store\/ar\/wp-json\/wp\/v2\/product_cat?post=1763"},{"taxonomy":"product_tag","embeddable":true,"href":"https:\/\/tirourda.store\/ar\/wp-json\/wp\/v2\/product_tag?post=1763"}],"curies":[{"name":"wp","href":"https:\/\/api.w.org\/{rel}","templated":true}]}}