{"id":1769,"date":"2025-11-24T14:24:32","date_gmt":"2025-11-24T13:24:32","guid":{"rendered":"https:\/\/tirourda.store\/?post_type=product&#038;p=1769"},"modified":"2026-02-22T20:30:59","modified_gmt":"2026-02-22T19:30:59","slug":"curcuma-en-poudre-saber-epices","status":"publish","type":"product","link":"https:\/\/tirourda.store\/ar\/product\/curcuma-en-poudre-saber-epices\/","title":{"rendered":"\u0627\u0644\u0643\u0631\u0643\u0645"},"content":{"rendered":"<p data-start=\"863\" data-end=\"1213\" class=\"translation-block\">\u0627\u0644\u0643\u0631\u0643\u0645 \u0647\u0648 \u0628\u0647\u0627\u0631 \u0645\u0639\u0631\u0648\u0641 \u0645\u0646\u0630 \u0642\u0631\u0648\u0646 \u0628\u0646\u0643\u0647\u062a\u0647 \u0627\u0644\u062d\u0627\u0631\u0629 \u0627\u0644\u062e\u0641\u064a\u0641\u0629 \u0648\u0644\u0648\u0646\u0647 \u0627\u0644\u0630\u0647\u0628\u064a \u0627\u0644\u063a\u0646\u064a.\n\u0648\u0628\u0641\u0636\u0644 \u063a\u0646\u0627\u0647 \u0627\u0644\u0637\u0628\u064a\u0639\u064a \u0628\u0627\u0644\u0643\u0631\u0643\u0648\u0645\u064a\u0646\u060c \u064a\u062d\u0638\u0649 \u0628\u062a\u0642\u062f\u064a\u0631 \u0643\u0628\u064a\u0631 \u0633\u0648\u0627\u0621 \u0641\u064a \u0627\u0644\u0637\u0647\u064a \u0623\u0648 \u0641\u064a \u0627\u0644\u0627\u0633\u062a\u062e\u062f\u0627\u0645\u0627\u062a \u0627\u0644\u0635\u062d\u064a\u0629 \u0648\u0627\u0644\u0639\u0627\u0641\u064a\u0629.\n\u0648\u0628\u0630\u0644\u0643 \u064a\u0635\u0628\u062d \u0643\u0631\u0643\u0645 \u0635\u0627\u0628\u0631 \u0627\u0644\u0623\u0639\u0634\u0627\u0628 \u0648\u0627\u0644\u062a\u0648\u0627\u0628\u0644 \u062d\u0644\u064a\u0641\u0643 \u0627\u0644\u0623\u0645\u062b\u0644 \u0644\u0637\u0647\u064a \u0623\u0637\u0628\u0627\u0642 \u0644\u0630\u064a\u0630\u0629\u060c \u0645\u0644\u0648\u0646\u0629\u060c \u0648\u0635\u062d\u064a\u0629 \u0641\u064a \u0646\u0641\u0633 \u0627\u0644\u0648\u0642\u062a.<\/p>\n<h2 data-start=\"1220\" data-end=\"1263\">\ud83c\udf7d\ufe0f <strong data-start=\"1227\" data-end=\"1263\">\u0644\u0645\u0627\u0630\u0627 \u062a\u062e\u062a\u0627\u0631 \u0643\u0631\u0643\u0645\u0646\u0627\u061f<\/strong><\/h2>\n<h3 data-start=\"1265\" data-end=\"1302\">\u2714 1. <strong data-start=\"1274\" data-end=\"1300\">\u0646\u0643\u0647\u0629 \u0623\u0635\u064a\u0644\u0629<\/strong><\/h3>\n<p data-start=\"1303\" data-end=\"1441\">\u064a\u062a\u0645\u064a\u0632 \u0643\u0631\u0643\u0645\u0646\u0627 \u0628\u0631\u0627\u0626\u062d\u0629 \u062f\u0627\u0641\u0626\u0629 \u0648\u0644\u0645\u0633\u0629 \u062a\u0631\u0627\u0628\u064a\u0629 \u062e\u0641\u064a\u0641\u0629\u060c \u0645\u0645\u0627 \u064a\u0631\u0641\u0639 \u0645\u0646 \u0637\u0639\u0645 \u0627\u0644\u0644\u062d\u0648\u0645\u060c \u0627\u0644\u0634\u0648\u0631\u0628\u0627\u062a\u060c \u0627\u0644\u062e\u0636\u0631\u0648\u0627\u062a\u060c \u0648\u0627\u0644\u0635\u0648\u0635\u0627\u062a \u0628\u0634\u0643\u0644 \u0641\u0648\u0631\u064a.<\/p>\n<h3 data-start=\"1443\" data-end=\"1485\">\u2714 2. <strong data-start=\"1452\" data-end=\"1483\">\u0644\u0648\u0646 \u0630\u0647\u0628\u064a \u0637\u0628\u064a\u0639\u064a<\/strong><\/h3>\n<p data-start=\"1486\" data-end=\"1597\">\u0628\u0641\u0636\u0644 \u0645\u062d\u062a\u0648\u0627\u0647 \u0627\u0644\u0639\u0627\u0644\u064a \u0645\u0646 \u0627\u0644\u0635\u0628\u063a\u0627\u062a \u0627\u0644\u0637\u0628\u064a\u0639\u064a\u0629\u060c \u064a\u0645\u0646\u062d \u0623\u0637\u0628\u0627\u0642\u0643 \u0644\u0648\u0646\u064b\u0627 \u062c\u0630\u0627\u0628\u064b\u0627 \u0648\u0645\u0634\u0647\u064a\u064b\u0627.<\/p>\n<h3 data-start=\"1599\" data-end=\"1638\">\u2714 3. <strong data-start=\"1608\" data-end=\"1636\">\u0645\u0646\u062a\u062c \u0637\u0628\u064a\u0639\u064a 100\u066a<\/strong><\/h3>\n<p data-start=\"1639\" data-end=\"1748\">\u062e\u0627\u0644\u064d \u0645\u0646 \u0627\u0644\u0625\u0636\u0627\u0641\u0627\u062a\u060c \u0627\u0644\u0623\u0644\u0648\u0627\u0646 \u0627\u0644\u0635\u0646\u0627\u0639\u064a\u0629 \u0648\u0627\u0644\u0645\u0648\u0627\u062f \u0627\u0644\u062d\u0627\u0641\u0638\u0629\u060c<br data-start=\"1691\" data-end=\"1694\" \/>\u0644\u062a\u0633\u062a\u0645\u062a\u0639 \u0628\u062a\u0648\u0627\u0628\u0644 \u0646\u0642\u064a\u0629 \u0648\u0635\u062d\u064a\u0629.<\/p>\n<h3 data-start=\"1750\" data-end=\"1787\">\u2714 4. <strong data-start=\"1759\" data-end=\"1785\">\u0635\u0646\u0627\u0639\u0629 \u062c\u0632\u0627\u0626\u0631\u064a\u0629<\/strong><\/h3>\n<p data-start=\"1788\" data-end=\"1926\">\u0645\u0639\u0628\u0623 \u0628\u0639\u0646\u0627\u064a\u0629 \u0641\u064a <a href=\"https:\/\/fr.wikipedia.org\/wiki\/Alg%C3%A9rie\">\u0627\u0644\u062c\u0632\u0627\u0626\u0631\u064a\u0629<\/a>\u0648\u0641\u0642 \u0645\u0639\u0627\u064a\u064a\u0631 \u062c\u0648\u062f\u0629 \u0635\u0627\u0631\u0645\u0629\u060c \u0645\u0627 \u064a\u0636\u0645\u0646 \u0644\u0643 \u0645\u0633\u062d\u0648\u0642\u064b\u0627 \u0646\u0627\u0639\u0645\u064b\u0627 \u0648\u0646\u0638\u064a\u0641\u064b\u0627 \u0648\u0645\u062a\u062c\u0627\u0646\u0633\u064b\u0627.<\/p>\n<p data-start=\"1788\" data-end=\"1926\"><a href=\"https:\/\/tirourda.store\/ar\/products\/\">\u0627\u0644\u0639\u0648\u062f\u0629 \u0627\u0644\u0649 \u0627\u0644\u0645\u062a\u062c\u0631<\/a><\/p>","protected":false},"excerpt":{"rendered":"<p>\u0627\u0643\u062a\u0634\u0641 <strong data-start=\"405\" data-end=\"426\">\u0627\u0644\u0643\u0631\u0643\u0645<\/strong> \u0645\u0646 <em data-start=\"430\" data-end=\"444\">\u0635\u0627\u0628\u0631 \u0644\u0644\u0623\u0639\u0634\u0627\u0628 \u0648\u0627\u0644\u062a\u0648\u0627\u0628\u0644<\/em>\u0628\u0647\u0627\u0631 \u0637\u0628\u064a\u0639\u064a 100\u066a\u060c \u0645\u0637\u062d\u0648\u0646 \u0628\u0639\u0646\u0627\u064a\u0629 \u0644\u0644\u062d\u0641\u0627\u0638 \u0639\u0644\u0649 \u0643\u0627\u0645\u0644 \u0646\u0643\u0647\u062a\u0647.\n\u0645\u062b\u0627\u0644\u064a \u0644\u0625\u0636\u0641\u0627\u0621 \u0646\u0643\u0647\u0629 \u0645\u0645\u064a\u0632\u0629 \u0639\u0644\u0649 \u0623\u0637\u0628\u0627\u0642\u0643\u060c \u0648\u064a\u0645\u0646\u062d\u0647\u0627 \u0644\u0648\u0646\u064b\u0627 \u0630\u0647\u0628\u064a\u064b\u0627 \u062c\u0630\u0627\u0628\u064b\u0627\u060c \u0628\u0627\u0644\u0625\u0636\u0627\u0641\u0629 \u0625\u0644\u0649 \u0641\u0648\u0627\u0626\u062f\u0647 \u0627\u0644\u0635\u062d\u064a\u0629 \u0627\u0644\u0645\u062a\u0639\u062f\u062f\u0629.\n\u0648\u0628\u0641\u0636\u0644 \u0630\u0644\u0643\u060c \u064a\u0635\u0628\u062d \u0628\u0633\u0631\u0639\u0629 \u0639\u0646\u0635\u0631\u064b\u0627 \u0623\u0633\u0627\u0633\u064a\u064b\u0627 \u0641\u064a \u0645\u0637\u0628\u062e\u0643.<\/p>","protected":false},"featured_media":1751,"comment_status":"closed","ping_status":"closed","template":"","meta":[],"product_brand":[],"product_cat":[29,26,47,27],"product_tag":[61],"class_list":{"0":"post-1769","1":"product","2":"type-product","3":"status-publish","4":"has-post-thumbnail","6":"product_cat-healthy","7":"product_cat-alimentation","8":"product_cat-produit","9":"product_cat-sante","10":"product_tag-curcuma-en-poudre","12":"first","13":"instock","14":"taxable","15":"shipping-taxable","16":"purchasable","17":"product-type-simple"},"yoast_head":"<!-- This site is optimized with the Yoast SEO plugin v26.4 - https:\/\/yoast.com\/wordpress\/plugins\/seo\/ -->\n<title>Curcuma en poudre | Saber Epices Alg\u00e9rie | Tirouda<\/title>\n<meta name=\"description\" content=\"D\u00e9couvrez le Curcuma en poudre de Saber Epices, une \u00e9pice naturelle, soigneusement moulue pour pr\u00e9server toute sa saveur.\" \/>\n<meta name=\"robots\" content=\"index, follow, max-snippet:-1, max-image-preview:large, max-video-preview:-1\" \/>\n<link rel=\"canonical\" href=\"https:\/\/tirourda.store\/ar\/product\/curcuma-en-poudre-saber-epices\/\" \/>\n<meta property=\"og:locale\" content=\"ar_AR\" \/>\n<meta property=\"og:type\" content=\"article\" \/>\n<meta property=\"og:title\" content=\"Curcuma en poudre | Saber Epices Alg\u00e9rie | Tirouda\" \/>\n<meta property=\"og:description\" content=\"D\u00e9couvrez le Curcuma en poudre de Saber Epices, une \u00e9pice naturelle, soigneusement moulue pour pr\u00e9server toute sa saveur.\" \/>\n<meta property=\"og:url\" content=\"https:\/\/tirourda.store\/ar\/product\/curcuma-en-poudre-saber-epices\/\" \/>\n<meta property=\"og:site_name\" content=\"tirourda\" \/>\n<meta property=\"article:modified_time\" content=\"2026-02-22T19:30:59+00:00\" \/>\n<meta property=\"og:image\" content=\"https:\/\/tirourda.store\/wp-content\/uploads\/2025\/09\/F86A9938-scaled-e1763990660404.jpg\" \/>\n\t<meta property=\"og:image:width\" content=\"1365\" \/>\n\t<meta property=\"og:image:height\" content=\"1707\" \/>\n\t<meta property=\"og:image:type\" content=\"image\/jpeg\" \/>\n<meta name=\"twitter:card\" content=\"summary_large_image\" \/>\n<meta name=\"twitter:label1\" content=\"\u0648\u0642\u062a \u0627\u0644\u0642\u0631\u0627\u0621\u0629 \u0627\u0644\u0645\u064f\u0642\u062f\u0651\u0631\" \/>\n\t<meta name=\"twitter:data1\" content=\"\u062f\u0642\u064a\u0642\u062a\u0627\u0646\" \/>\n<script type=\"application\/ld+json\" class=\"yoast-schema-graph\">{\"@context\":\"https:\/\/schema.org\",\"@graph\":[{\"@type\":\"WebPage\",\"@id\":\"https:\/\/tirourda.store\/produit\/curcuma-en-poudre-saber-epices\/\",\"url\":\"https:\/\/tirourda.store\/produit\/curcuma-en-poudre-saber-epices\/\",\"name\":\"Curcuma en poudre | Saber Epices Alg\u00e9rie | Tirouda\",\"isPartOf\":{\"@id\":\"https:\/\/tirourda.store\/#website\"},\"primaryImageOfPage\":{\"@id\":\"https:\/\/tirourda.store\/produit\/curcuma-en-poudre-saber-epices\/#primaryimage\"},\"image\":{\"@id\":\"https:\/\/tirourda.store\/produit\/curcuma-en-poudre-saber-epices\/#primaryimage\"},\"thumbnailUrl\":\"https:\/\/tirourda.store\/wp-content\/uploads\/2025\/09\/F86A9938-scaled-e1763990660404.jpg\",\"datePublished\":\"2025-11-24T13:24:32+00:00\",\"dateModified\":\"2026-02-22T19:30:59+00:00\",\"description\":\"D\u00e9couvrez le Curcuma en poudre de Saber Epices, une \u00e9pice naturelle, soigneusement moulue pour pr\u00e9server toute sa saveur.\",\"breadcrumb\":{\"@id\":\"https:\/\/tirourda.store\/produit\/curcuma-en-poudre-saber-epices\/#breadcrumb\"},\"inLanguage\":\"ar\",\"potentialAction\":[{\"@type\":\"ReadAction\",\"target\":[\"https:\/\/tirourda.store\/produit\/curcuma-en-poudre-saber-epices\/\"]}]},{\"@type\":\"ImageObject\",\"inLanguage\":\"ar\",\"@id\":\"https:\/\/tirourda.store\/produit\/curcuma-en-poudre-saber-epices\/#primaryimage\",\"url\":\"https:\/\/tirourda.store\/wp-content\/uploads\/2025\/09\/F86A9938-scaled-e1763990660404.jpg\",\"contentUrl\":\"https:\/\/tirourda.store\/wp-content\/uploads\/2025\/09\/F86A9938-scaled-e1763990660404.jpg\",\"width\":1365,\"height\":1707,\"caption\":\"Curcuma en poudre\"},{\"@type\":\"BreadcrumbList\",\"@id\":\"https:\/\/tirourda.store\/produit\/curcuma-en-poudre-saber-epices\/#breadcrumb\",\"itemListElement\":[{\"@type\":\"ListItem\",\"position\":1,\"name\":\"Accueil\",\"item\":\"https:\/\/tirourda.store\/\"},{\"@type\":\"ListItem\",\"position\":2,\"name\":\"Products\",\"item\":\"https:\/\/tirourda.store\/products\/\"},{\"@type\":\"ListItem\",\"position\":3,\"name\":\"Curcuma en poudre\"}]},{\"@type\":\"WebSite\",\"@id\":\"https:\/\/tirourda.store\/#website\",\"url\":\"https:\/\/tirourda.store\/\",\"name\":\"tirourda\",\"description\":\"\",\"publisher\":{\"@id\":\"https:\/\/tirourda.store\/#organization\"},\"potentialAction\":[{\"@type\":\"SearchAction\",\"target\":{\"@type\":\"EntryPoint\",\"urlTemplate\":\"https:\/\/tirourda.store\/?s={search_term_string}\"},\"query-input\":{\"@type\":\"PropertyValueSpecification\",\"valueRequired\":true,\"valueName\":\"search_term_string\"}}],\"inLanguage\":\"ar\"},{\"@type\":\"Organization\",\"@id\":\"https:\/\/tirourda.store\/#organization\",\"name\":\"tirourda\",\"url\":\"https:\/\/tirourda.store\/\",\"logo\":{\"@type\":\"ImageObject\",\"inLanguage\":\"ar\",\"@id\":\"https:\/\/tirourda.store\/#\/schema\/logo\/image\/\",\"url\":\"https:\/\/tirourda.store\/wp-content\/uploads\/2025\/07\/5.png\",\"contentUrl\":\"https:\/\/tirourda.store\/wp-content\/uploads\/2025\/07\/5.png\",\"width\":707,\"height\":239,\"caption\":\"tirourda\"},\"image\":{\"@id\":\"https:\/\/tirourda.store\/#\/schema\/logo\/image\/\"},\"sameAs\":[\"https:\/\/www.instagram.com\/tirou_rda\/\"]}]}<\/script>\n<!-- \/ Yoast SEO plugin. -->","yoast_head_json":{"title":"Curcuma en poudre | Saber Epices Alg\u00e9rie | Tirouda","description":"D\u00e9couvrez le Curcuma en poudre de Saber Epices, une \u00e9pice naturelle, soigneusement moulue pour pr\u00e9server toute sa saveur.","robots":{"index":"index","follow":"follow","max-snippet":"max-snippet:-1","max-image-preview":"max-image-preview:large","max-video-preview":"max-video-preview:-1"},"canonical":"https:\/\/tirourda.store\/ar\/product\/curcuma-en-poudre-saber-epices\/","og_locale":"ar_AR","og_type":"article","og_title":"Curcuma en poudre | Saber Epices Alg\u00e9rie | Tirouda","og_description":"D\u00e9couvrez le Curcuma en poudre de Saber Epices, une \u00e9pice naturelle, soigneusement moulue pour pr\u00e9server toute sa saveur.","og_url":"https:\/\/tirourda.store\/ar\/product\/curcuma-en-poudre-saber-epices\/","og_site_name":"tirourda","article_modified_time":"2026-02-22T19:30:59+00:00","og_image":[{"width":1365,"height":1707,"url":"https:\/\/tirourda.store\/wp-content\/uploads\/2025\/09\/F86A9938-scaled-e1763990660404.jpg","type":"image\/jpeg"}],"twitter_card":"summary_large_image","twitter_misc":{"\u0648\u0642\u062a \u0627\u0644\u0642\u0631\u0627\u0621\u0629 \u0627\u0644\u0645\u064f\u0642\u062f\u0651\u0631":"\u062f\u0642\u064a\u0642\u062a\u0627\u0646"},"schema":{"@context":"https:\/\/schema.org","@graph":[{"@type":"WebPage","@id":"https:\/\/tirourda.store\/produit\/curcuma-en-poudre-saber-epices\/","url":"https:\/\/tirourda.store\/produit\/curcuma-en-poudre-saber-epices\/","name":"Curcuma en poudre | Saber Epices Alg\u00e9rie | Tirouda","isPartOf":{"@id":"https:\/\/tirourda.store\/#website"},"primaryImageOfPage":{"@id":"https:\/\/tirourda.store\/produit\/curcuma-en-poudre-saber-epices\/#primaryimage"},"image":{"@id":"https:\/\/tirourda.store\/produit\/curcuma-en-poudre-saber-epices\/#primaryimage"},"thumbnailUrl":"https:\/\/tirourda.store\/wp-content\/uploads\/2025\/09\/F86A9938-scaled-e1763990660404.jpg","datePublished":"2025-11-24T13:24:32+00:00","dateModified":"2026-02-22T19:30:59+00:00","description":"D\u00e9couvrez le Curcuma en poudre de Saber Epices, une \u00e9pice naturelle, soigneusement moulue pour pr\u00e9server toute sa saveur.","breadcrumb":{"@id":"https:\/\/tirourda.store\/produit\/curcuma-en-poudre-saber-epices\/#breadcrumb"},"inLanguage":"ar","potentialAction":[{"@type":"ReadAction","target":["https:\/\/tirourda.store\/produit\/curcuma-en-poudre-saber-epices\/"]}]},{"@type":"ImageObject","inLanguage":"ar","@id":"https:\/\/tirourda.store\/produit\/curcuma-en-poudre-saber-epices\/#primaryimage","url":"https:\/\/tirourda.store\/wp-content\/uploads\/2025\/09\/F86A9938-scaled-e1763990660404.jpg","contentUrl":"https:\/\/tirourda.store\/wp-content\/uploads\/2025\/09\/F86A9938-scaled-e1763990660404.jpg","width":1365,"height":1707,"caption":"Curcuma en poudre"},{"@type":"BreadcrumbList","@id":"https:\/\/tirourda.store\/produit\/curcuma-en-poudre-saber-epices\/#breadcrumb","itemListElement":[{"@type":"ListItem","position":1,"name":"Accueil","item":"https:\/\/tirourda.store\/"},{"@type":"ListItem","position":2,"name":"Products","item":"https:\/\/tirourda.store\/products\/"},{"@type":"ListItem","position":3,"name":"Curcuma en poudre"}]},{"@type":"WebSite","@id":"https:\/\/tirourda.store\/#website","url":"https:\/\/tirourda.store\/","name":"tirourda","description":"","publisher":{"@id":"https:\/\/tirourda.store\/#organization"},"potentialAction":[{"@type":"SearchAction","target":{"@type":"EntryPoint","urlTemplate":"https:\/\/tirourda.store\/?s={search_term_string}"},"query-input":{"@type":"PropertyValueSpecification","valueRequired":true,"valueName":"search_term_string"}}],"inLanguage":"ar"},{"@type":"Organization","@id":"https:\/\/tirourda.store\/#organization","name":"tirourda","url":"https:\/\/tirourda.store\/","logo":{"@type":"ImageObject","inLanguage":"ar","@id":"https:\/\/tirourda.store\/#\/schema\/logo\/image\/","url":"https:\/\/tirourda.store\/wp-content\/uploads\/2025\/07\/5.png","contentUrl":"https:\/\/tirourda.store\/wp-content\/uploads\/2025\/07\/5.png","width":707,"height":239,"caption":"tirourda"},"image":{"@id":"https:\/\/tirourda.store\/#\/schema\/logo\/image\/"},"sameAs":["https:\/\/www.instagram.com\/tirou_rda\/"]}]}},"_links":{"self":[{"href":"https:\/\/tirourda.store\/ar\/wp-json\/wp\/v2\/product\/1769","targetHints":{"allow":["GET"]}}],"collection":[{"href":"https:\/\/tirourda.store\/ar\/wp-json\/wp\/v2\/product"}],"about":[{"href":"https:\/\/tirourda.store\/ar\/wp-json\/wp\/v2\/types\/product"}],"replies":[{"embeddable":true,"href":"https:\/\/tirourda.store\/ar\/wp-json\/wp\/v2\/comments?post=1769"}],"wp:featuredmedia":[{"embeddable":true,"href":"https:\/\/tirourda.store\/ar\/wp-json\/wp\/v2\/media\/1751"}],"wp:attachment":[{"href":"https:\/\/tirourda.store\/ar\/wp-json\/wp\/v2\/media?parent=1769"}],"wp:term":[{"taxonomy":"product_brand","embeddable":true,"href":"https:\/\/tirourda.store\/ar\/wp-json\/wp\/v2\/product_brand?post=1769"},{"taxonomy":"product_cat","embeddable":true,"href":"https:\/\/tirourda.store\/ar\/wp-json\/wp\/v2\/product_cat?post=1769"},{"taxonomy":"product_tag","embeddable":true,"href":"https:\/\/tirourda.store\/ar\/wp-json\/wp\/v2\/product_tag?post=1769"}],"curies":[{"name":"wp","href":"https:\/\/api.w.org\/{rel}","templated":true}]}}