{"id":2319,"date":"2026-02-16T20:10:41","date_gmt":"2026-02-16T19:10:41","guid":{"rendered":"https:\/\/tirourda.store\/?post_type=product&#038;p=2319"},"modified":"2026-03-27T15:45:16","modified_gmt":"2026-03-27T14:45:16","slug":"huile-dolive-extra-vierge-pression-a-froid","status":"publish","type":"product","link":"https:\/\/tirourda.store\/ar\/product\/huile-dolive-extra-vierge-pression-a-froid\/","title":{"rendered":"\u0632\u064a\u062a \u0627\u0644\u0632\u064a\u062a\u0648\u0646 \u0627\u0644\u0628\u0643\u0631 \u0627\u0644\u0645\u0645\u062a\u0627\u0632"},"content":{"rendered":"<p data-start=\"209\" data-end=\"538\" class=\"translation-block\">\u0632\u064a\u062a \u0627\u0644\u0632\u064a\u062a\u0648\u0646 \u0627\u0644\u0628\u0643\u0631 \u0627\u0644\u0645\u0645\u062a\u0627\u0632 \u0644\u062f\u064a\u0646\u0627 \u064a\u064f\u0633\u062a\u062e\u0631\u062c \u0628\u0623\u0648\u0644 \u0639\u0635\u0631 \u0639\u0644\u0649 \u0627\u0644\u0628\u0627\u0631\u062f \u0645\u0646 \u0632\u064a\u062a\u0648\u0646 \u0645\u062e\u062a\u0627\u0631 \u0628\u0639\u0646\u0627\u064a\u0629\u060c \u0644\u0636\u0645\u0627\u0646 \u062c\u0648\u062f\u0629 \u0639\u0627\u0644\u064a\u0629 \u0648\u0645\u0630\u0627\u0642 \u0623\u0635\u064a\u0644. \u0637\u0628\u064a\u0639\u064a 100\u066a\u060c \u062f\u0648\u0646 \u0623\u064a \u0625\u0636\u0627\u0641\u0627\u062a \u0623\u0648 \u0645\u0648\u0627\u062f \u062d\u0627\u0641\u0638\u0629\u060c \u0648\u064a\u062d\u0627\u0641\u0638 \u0639\u0644\u0649 \u062c\u0645\u064a\u0639 \u062e\u0635\u0627\u0626\u0635\u0647 \u0627\u0644\u063a\u0630\u0627\u0626\u064a\u0629 \u0648\u0646\u0643\u0647\u062a\u0647 \u0627\u0644\u0641\u0627\u0643\u0647\u064a\u0629.<\/p>\n<p data-start=\"540\" data-end=\"799\" class=\"translation-block\">\u063a\u0646\u064a \u0628\u0645\u0636\u0627\u062f\u0627\u062a \u0627\u0644\u0623\u0643\u0633\u062f\u0629\u060c \u064a\u064f\u0639\u062f \u0647\u0630\u0627 \u0632\u064a\u062a \u0627\u0644\u0632\u064a\u062a\u0648\u0646 \u0645\u062b\u0627\u0644\u064a\u064b\u0627 \u0644\u0646\u0638\u0627\u0645 \u063a\u0630\u0627\u0626\u064a \u0635\u062d\u064a \u0648\u0645\u062a\u0648\u0627\u0632\u0646. \u0645\u0630\u0627\u0642\u0647 \u0627\u0644\u0631\u0642\u064a\u0642 \u0648\u0627\u0644\u0641\u0648\u0627\u0643\u0647 \u0627\u0644\u062e\u0641\u064a\u0641 \u064a\u0636\u0641\u064a \u0644\u0645\u0633\u0629 \u0645\u0645\u064a\u0632\u0629 \u0639\u0644\u0649 \u0627\u0644\u0633\u0644\u0637\u0627\u062a \u0648\u0627\u0644\u062e\u0636\u0631\u0648\u0627\u062a \u0648\u0627\u0644\u0623\u0637\u0628\u0627\u0642 \u0627\u0644\u062a\u0642\u0644\u064a\u062f\u064a\u0629 \u0648\u0627\u0644\u0648\u0635\u0641\u0627\u062a \u0627\u0644\u0645\u062a\u0648\u0633\u0637\u064a\u0629.<\/p>\n<p data-start=\"801\" data-end=\"944\" class=\"translation-block\">\u0645\u062a\u0639\u062f\u062f\u0629 \u0627\u0644\u0627\u0633\u062a\u0639\u0645\u0627\u0644\u0627\u062a\u060c \u064a\u0645\u0643\u0646 \u0627\u0633\u062a\u062e\u062f\u0627\u0645\u0647\u0627 \u0633\u0648\u0627\u0621 \u0646\u064a\u0626\u0629 \u0623\u0648 \u0641\u064a \u0627\u0644\u0637\u0647\u064a \u0627\u0644\u062e\u0641\u064a\u0641\u060c \u0645\u0639 \u0627\u0644\u062d\u0641\u0627\u0638 \u0639\u0644\u0649 \u0627\u0644\u0641\u0648\u0627\u0626\u062f \u0627\u0644\u0637\u0628\u064a\u0639\u064a\u0629 \u0644\u0644\u0632\u064a\u062a\u0648\u0646.<\/p>\n<p data-start=\"946\" data-end=\"1080\" class=\"translation-block\">\u2705 \u0637\u0628\u064a\u0639\u064a\u0629 100\u066a\n\u2705 \u0628\u0643\u0631 \u0645\u0645\u062a\u0627\u0632 \u2013 \u0645\u0639\u0635\u0648\u0631\u0629 \u0639\u0644\u0649 \u0627\u0644\u0628\u0627\u0631\u062f\n\u2705 \u0645\u0630\u0627\u0642 \u0623\u0635\u064a\u0644 \u0648\u0645\u062a\u0648\u0627\u0632\u0646\n\u2705 \u0645\u062b\u0627\u0644\u064a\u0629 \u0644\u0645\u0637\u0628\u062e \u0635\u062d\u064a \u0648\u064a\u0648\u0645\u064a<\/p>","protected":false},"excerpt":{"rendered":"<p>\u0632\u064a\u062a \u0632\u064a\u062a\u0648\u0646 \u0628\u0643\u0631 \u0645\u0645\u062a\u0627\u0632 100\u066a \u0637\u0628\u064a\u0639\u064a\u060c \u0645\u0633\u062a\u062e\u0631\u062c \u0639\u0644\u0649 \u0627\u0644\u0628\u0627\u0631\u062f \u0645\u0646 \u0632\u064a\u062a\u0648\u0646 \u0645\u062e\u062a\u0627\u0631 \u0628\u0639\u0646\u0627\u064a\u0629. \u063a\u0646\u064a \u0628\u0645\u0636\u0627\u062f\u0627\u062a \u0627\u0644\u0623\u0643\u0633\u062f\u0629\u060c \u0628\u0637\u0639\u0645 \u0641\u0627\u0643\u0647\u064a \u0645\u062a\u0648\u0627\u0632\u0646\u060c \u0645\u062b\u0627\u0644\u064a \u0644\u062a\u062a\u0628\u064a\u0644 \u0627\u0644\u0623\u0637\u0628\u0627\u0642 \u0648\u0644\u0627\u062a\u0628\u0627\u0639 \u0646\u0638\u0627\u0645 \u063a\u0630\u0627\u0626\u064a \u0635\u062d\u064a \u064a\u0648\u0645\u064a\u064b\u0627.<\/p>","protected":false},"featured_media":2321,"comment_status":"closed","ping_status":"closed","template":"","meta":[],"product_brand":[],"product_cat":[29,26,47,27],"product_tag":[33,36,40,31,32],"class_list":{"0":"post-2319","1":"product","2":"type-product","3":"status-publish","4":"has-post-thumbnail","6":"product_cat-healthy","7":"product_cat-alimentation","8":"product_cat-produit","9":"product_cat-sante","10":"product_tag-algerie","11":"product_tag-alimentation","12":"product_tag-bio","13":"product_tag-huile-dolive","14":"product_tag-huile-vierge","16":"first","17":"instock","18":"taxable","19":"shipping-taxable","20":"purchasable","21":"product-type-simple"},"yoast_head":"<!-- This site is optimized with the Yoast SEO plugin v26.4 - https:\/\/yoast.com\/wordpress\/plugins\/seo\/ -->\n<title>Huile d\u2019Olive Extra Vierge - tirourda<\/title>\n<meta name=\"description\" content=\"Huile d\u2019olive extra vierge de qualit\u00e9 sup\u00e9rieure, press\u00e9e \u00e0 froid. Go\u00fbt authentique, riche en antioxydants. Parfaite pour cuisine saine et naturelle.\" \/>\n<meta name=\"robots\" content=\"index, follow, max-snippet:-1, max-image-preview:large, max-video-preview:-1\" \/>\n<link rel=\"canonical\" href=\"https:\/\/tirourda.store\/ar\/product\/huile-dolive-extra-vierge-pression-a-froid\/\" \/>\n<meta property=\"og:locale\" content=\"ar_AR\" \/>\n<meta property=\"og:type\" content=\"article\" \/>\n<meta property=\"og:title\" content=\"Huile d\u2019Olive Extra Vierge - tirourda\" \/>\n<meta property=\"og:description\" content=\"Huile d\u2019olive extra vierge de qualit\u00e9 sup\u00e9rieure, press\u00e9e \u00e0 froid. Go\u00fbt authentique, riche en antioxydants. Parfaite pour cuisine saine et naturelle.\" \/>\n<meta property=\"og:url\" content=\"https:\/\/tirourda.store\/ar\/product\/huile-dolive-extra-vierge-pression-a-froid\/\" \/>\n<meta property=\"og:site_name\" content=\"tirourda\" \/>\n<meta property=\"article:modified_time\" content=\"2026-03-27T14:45:16+00:00\" \/>\n<meta property=\"og:image\" content=\"https:\/\/tirourda.store\/wp-content\/uploads\/2026\/02\/WhatsApp-Image-2026-02-12-at-3.29.55-PM-1.jpg\" \/>\n\t<meta property=\"og:image:width\" content=\"669\" \/>\n\t<meta property=\"og:image:height\" content=\"1000\" \/>\n\t<meta property=\"og:image:type\" content=\"image\/jpeg\" \/>\n<meta name=\"twitter:card\" content=\"summary_large_image\" \/>\n<meta name=\"twitter:label1\" content=\"\u0648\u0642\u062a \u0627\u0644\u0642\u0631\u0627\u0621\u0629 \u0627\u0644\u0645\u064f\u0642\u062f\u0651\u0631\" \/>\n\t<meta name=\"twitter:data1\" content=\"\u062f\u0642\u064a\u0642\u0629 \u0648\u0627\u062d\u062f\u0629\" \/>\n<script type=\"application\/ld+json\" class=\"yoast-schema-graph\">{\"@context\":\"https:\/\/schema.org\",\"@graph\":[{\"@type\":\"WebPage\",\"@id\":\"https:\/\/tirourda.store\/produit\/huile-dolive-extra-vierge-pression-a-froid\/\",\"url\":\"https:\/\/tirourda.store\/produit\/huile-dolive-extra-vierge-pression-a-froid\/\",\"name\":\"Huile d\u2019Olive Extra Vierge - tirourda\",\"isPartOf\":{\"@id\":\"https:\/\/tirourda.store\/#website\"},\"primaryImageOfPage\":{\"@id\":\"https:\/\/tirourda.store\/produit\/huile-dolive-extra-vierge-pression-a-froid\/#primaryimage\"},\"image\":{\"@id\":\"https:\/\/tirourda.store\/produit\/huile-dolive-extra-vierge-pression-a-froid\/#primaryimage\"},\"thumbnailUrl\":\"https:\/\/tirourda.store\/wp-content\/uploads\/2026\/02\/WhatsApp-Image-2026-02-12-at-3.29.55-PM-1.jpg\",\"datePublished\":\"2026-02-16T19:10:41+00:00\",\"dateModified\":\"2026-03-27T14:45:16+00:00\",\"description\":\"Huile d\u2019olive extra vierge de qualit\u00e9 sup\u00e9rieure, press\u00e9e \u00e0 froid. Go\u00fbt authentique, riche en antioxydants. Parfaite pour cuisine saine et naturelle.\",\"breadcrumb\":{\"@id\":\"https:\/\/tirourda.store\/produit\/huile-dolive-extra-vierge-pression-a-froid\/#breadcrumb\"},\"inLanguage\":\"ar\",\"potentialAction\":[{\"@type\":\"ReadAction\",\"target\":[\"https:\/\/tirourda.store\/produit\/huile-dolive-extra-vierge-pression-a-froid\/\"]}]},{\"@type\":\"ImageObject\",\"inLanguage\":\"ar\",\"@id\":\"https:\/\/tirourda.store\/produit\/huile-dolive-extra-vierge-pression-a-froid\/#primaryimage\",\"url\":\"https:\/\/tirourda.store\/wp-content\/uploads\/2026\/02\/WhatsApp-Image-2026-02-12-at-3.29.55-PM-1.jpg\",\"contentUrl\":\"https:\/\/tirourda.store\/wp-content\/uploads\/2026\/02\/WhatsApp-Image-2026-02-12-at-3.29.55-PM-1.jpg\",\"width\":669,\"height\":1000,\"caption\":\"huile d'olive\"},{\"@type\":\"BreadcrumbList\",\"@id\":\"https:\/\/tirourda.store\/produit\/huile-dolive-extra-vierge-pression-a-froid\/#breadcrumb\",\"itemListElement\":[{\"@type\":\"ListItem\",\"position\":1,\"name\":\"Accueil\",\"item\":\"https:\/\/tirourda.store\/\"},{\"@type\":\"ListItem\",\"position\":2,\"name\":\"Products\",\"item\":\"https:\/\/tirourda.store\/products\/\"},{\"@type\":\"ListItem\",\"position\":3,\"name\":\"Huile d\u2019Olive Extra Vierge\"}]},{\"@type\":\"WebSite\",\"@id\":\"https:\/\/tirourda.store\/#website\",\"url\":\"https:\/\/tirourda.store\/\",\"name\":\"tirourda\",\"description\":\"\",\"publisher\":{\"@id\":\"https:\/\/tirourda.store\/#organization\"},\"potentialAction\":[{\"@type\":\"SearchAction\",\"target\":{\"@type\":\"EntryPoint\",\"urlTemplate\":\"https:\/\/tirourda.store\/?s={search_term_string}\"},\"query-input\":{\"@type\":\"PropertyValueSpecification\",\"valueRequired\":true,\"valueName\":\"search_term_string\"}}],\"inLanguage\":\"ar\"},{\"@type\":\"Organization\",\"@id\":\"https:\/\/tirourda.store\/#organization\",\"name\":\"tirourda\",\"url\":\"https:\/\/tirourda.store\/\",\"logo\":{\"@type\":\"ImageObject\",\"inLanguage\":\"ar\",\"@id\":\"https:\/\/tirourda.store\/#\/schema\/logo\/image\/\",\"url\":\"https:\/\/tirourda.store\/wp-content\/uploads\/2025\/07\/5.png\",\"contentUrl\":\"https:\/\/tirourda.store\/wp-content\/uploads\/2025\/07\/5.png\",\"width\":707,\"height\":239,\"caption\":\"tirourda\"},\"image\":{\"@id\":\"https:\/\/tirourda.store\/#\/schema\/logo\/image\/\"},\"sameAs\":[\"https:\/\/www.instagram.com\/tirou_rda\/\"]}]}<\/script>\n<!-- \/ Yoast SEO plugin. -->","yoast_head_json":{"title":"Huile d\u2019Olive Extra Vierge - tirourda","description":"Huile d\u2019olive extra vierge de qualit\u00e9 sup\u00e9rieure, press\u00e9e \u00e0 froid. Go\u00fbt authentique, riche en antioxydants. Parfaite pour cuisine saine et naturelle.","robots":{"index":"index","follow":"follow","max-snippet":"max-snippet:-1","max-image-preview":"max-image-preview:large","max-video-preview":"max-video-preview:-1"},"canonical":"https:\/\/tirourda.store\/ar\/product\/huile-dolive-extra-vierge-pression-a-froid\/","og_locale":"ar_AR","og_type":"article","og_title":"Huile d\u2019Olive Extra Vierge - tirourda","og_description":"Huile d\u2019olive extra vierge de qualit\u00e9 sup\u00e9rieure, press\u00e9e \u00e0 froid. Go\u00fbt authentique, riche en antioxydants. Parfaite pour cuisine saine et naturelle.","og_url":"https:\/\/tirourda.store\/ar\/product\/huile-dolive-extra-vierge-pression-a-froid\/","og_site_name":"tirourda","article_modified_time":"2026-03-27T14:45:16+00:00","og_image":[{"width":669,"height":1000,"url":"https:\/\/tirourda.store\/wp-content\/uploads\/2026\/02\/WhatsApp-Image-2026-02-12-at-3.29.55-PM-1.jpg","type":"image\/jpeg"}],"twitter_card":"summary_large_image","twitter_misc":{"\u0648\u0642\u062a \u0627\u0644\u0642\u0631\u0627\u0621\u0629 \u0627\u0644\u0645\u064f\u0642\u062f\u0651\u0631":"\u062f\u0642\u064a\u0642\u0629 \u0648\u0627\u062d\u062f\u0629"},"schema":{"@context":"https:\/\/schema.org","@graph":[{"@type":"WebPage","@id":"https:\/\/tirourda.store\/produit\/huile-dolive-extra-vierge-pression-a-froid\/","url":"https:\/\/tirourda.store\/produit\/huile-dolive-extra-vierge-pression-a-froid\/","name":"Huile d\u2019Olive Extra Vierge - tirourda","isPartOf":{"@id":"https:\/\/tirourda.store\/#website"},"primaryImageOfPage":{"@id":"https:\/\/tirourda.store\/produit\/huile-dolive-extra-vierge-pression-a-froid\/#primaryimage"},"image":{"@id":"https:\/\/tirourda.store\/produit\/huile-dolive-extra-vierge-pression-a-froid\/#primaryimage"},"thumbnailUrl":"https:\/\/tirourda.store\/wp-content\/uploads\/2026\/02\/WhatsApp-Image-2026-02-12-at-3.29.55-PM-1.jpg","datePublished":"2026-02-16T19:10:41+00:00","dateModified":"2026-03-27T14:45:16+00:00","description":"Huile d\u2019olive extra vierge de qualit\u00e9 sup\u00e9rieure, press\u00e9e \u00e0 froid. Go\u00fbt authentique, riche en antioxydants. Parfaite pour cuisine saine et naturelle.","breadcrumb":{"@id":"https:\/\/tirourda.store\/produit\/huile-dolive-extra-vierge-pression-a-froid\/#breadcrumb"},"inLanguage":"ar","potentialAction":[{"@type":"ReadAction","target":["https:\/\/tirourda.store\/produit\/huile-dolive-extra-vierge-pression-a-froid\/"]}]},{"@type":"ImageObject","inLanguage":"ar","@id":"https:\/\/tirourda.store\/produit\/huile-dolive-extra-vierge-pression-a-froid\/#primaryimage","url":"https:\/\/tirourda.store\/wp-content\/uploads\/2026\/02\/WhatsApp-Image-2026-02-12-at-3.29.55-PM-1.jpg","contentUrl":"https:\/\/tirourda.store\/wp-content\/uploads\/2026\/02\/WhatsApp-Image-2026-02-12-at-3.29.55-PM-1.jpg","width":669,"height":1000,"caption":"huile d'olive"},{"@type":"BreadcrumbList","@id":"https:\/\/tirourda.store\/produit\/huile-dolive-extra-vierge-pression-a-froid\/#breadcrumb","itemListElement":[{"@type":"ListItem","position":1,"name":"Accueil","item":"https:\/\/tirourda.store\/"},{"@type":"ListItem","position":2,"name":"Products","item":"https:\/\/tirourda.store\/products\/"},{"@type":"ListItem","position":3,"name":"Huile d\u2019Olive Extra Vierge"}]},{"@type":"WebSite","@id":"https:\/\/tirourda.store\/#website","url":"https:\/\/tirourda.store\/","name":"tirourda","description":"","publisher":{"@id":"https:\/\/tirourda.store\/#organization"},"potentialAction":[{"@type":"SearchAction","target":{"@type":"EntryPoint","urlTemplate":"https:\/\/tirourda.store\/?s={search_term_string}"},"query-input":{"@type":"PropertyValueSpecification","valueRequired":true,"valueName":"search_term_string"}}],"inLanguage":"ar"},{"@type":"Organization","@id":"https:\/\/tirourda.store\/#organization","name":"tirourda","url":"https:\/\/tirourda.store\/","logo":{"@type":"ImageObject","inLanguage":"ar","@id":"https:\/\/tirourda.store\/#\/schema\/logo\/image\/","url":"https:\/\/tirourda.store\/wp-content\/uploads\/2025\/07\/5.png","contentUrl":"https:\/\/tirourda.store\/wp-content\/uploads\/2025\/07\/5.png","width":707,"height":239,"caption":"tirourda"},"image":{"@id":"https:\/\/tirourda.store\/#\/schema\/logo\/image\/"},"sameAs":["https:\/\/www.instagram.com\/tirou_rda\/"]}]}},"_links":{"self":[{"href":"https:\/\/tirourda.store\/ar\/wp-json\/wp\/v2\/product\/2319","targetHints":{"allow":["GET"]}}],"collection":[{"href":"https:\/\/tirourda.store\/ar\/wp-json\/wp\/v2\/product"}],"about":[{"href":"https:\/\/tirourda.store\/ar\/wp-json\/wp\/v2\/types\/product"}],"replies":[{"embeddable":true,"href":"https:\/\/tirourda.store\/ar\/wp-json\/wp\/v2\/comments?post=2319"}],"wp:featuredmedia":[{"embeddable":true,"href":"https:\/\/tirourda.store\/ar\/wp-json\/wp\/v2\/media\/2321"}],"wp:attachment":[{"href":"https:\/\/tirourda.store\/ar\/wp-json\/wp\/v2\/media?parent=2319"}],"wp:term":[{"taxonomy":"product_brand","embeddable":true,"href":"https:\/\/tirourda.store\/ar\/wp-json\/wp\/v2\/product_brand?post=2319"},{"taxonomy":"product_cat","embeddable":true,"href":"https:\/\/tirourda.store\/ar\/wp-json\/wp\/v2\/product_cat?post=2319"},{"taxonomy":"product_tag","embeddable":true,"href":"https:\/\/tirourda.store\/ar\/wp-json\/wp\/v2\/product_tag?post=2319"}],"curies":[{"name":"wp","href":"https:\/\/api.w.org\/{rel}","templated":true}]}}