{"id":2328,"date":"2026-02-16T20:30:08","date_gmt":"2026-02-16T19:30:08","guid":{"rendered":"https:\/\/tirourda.store\/?post_type=product&#038;p=2328"},"modified":"2026-03-27T15:43:19","modified_gmt":"2026-03-27T14:43:19","slug":"la-miellee","status":"publish","type":"product","link":"https:\/\/tirourda.store\/ar\/product\/la-miellee\/","title":{"rendered":"\u0639\u0633\u0644 \u0627\u0644\u0633\u062f\u0631"},"content":{"rendered":"<p data-start=\"377\" data-end=\"638\" class=\"translation-block\">\u0639\u0633\u0644 \u0627\u0644\u0633\u062f\u0631\u0647\u0648 \u0639\u0633\u0644 \u0637\u0628\u064a\u0639\u064a \u0639\u0627\u0644\u064a \u0627\u0644\u062c\u0648\u062f\u0629\u060c \u062c\u064f\u0645\u0639 \u0628\u0639\u0646\u0627\u064a\u0629 \u0644\u0644\u062d\u0641\u0627\u0638 \u0639\u0644\u0649 \u062c\u0645\u064a\u0639 \u062e\u0635\u0627\u0626\u0635\u0647 \u0627\u0644\u063a\u0630\u0627\u0626\u064a\u0629 \u0648\u0627\u0644\u0630\u0648\u0642\u064a\u0629. \u064a\u062a\u0645\u064a\u0632 \u0628\u0642\u0648\u0627\u0645\u0647 \u0627\u0644\u0646\u0627\u0639\u0645 \u0648\u0627\u0644\u0645\u062a\u062c\u0627\u0646\u0633 \u0648\u0631\u0627\u0626\u062d\u062a\u0647 \u0627\u0644\u0644\u0637\u064a\u0641\u0629\u060c \u0645\u0645\u0627 \u064a\u062c\u0639\u0644\u0647 \u0645\u0646\u062a\u062c\u064b\u0627 \u0645\u062d\u0628\u0648\u0628\u064b\u0627 \u0644\u062f\u0649 \u062c\u0645\u064a\u0639 \u0623\u0641\u0631\u0627\u062f \u0627\u0644\u0639\u0627\u0626\u0644\u0629<\/p>\n<p data-start=\"640\" data-end=\"983\" class=\"translation-block\">\u063a\u0646\u064a \u0637\u0628\u064a\u0639\u064a\u064b\u0627 \u0628\u0627\u0644\u0625\u0646\u0632\u064a\u0645\u0627\u062a \u0648\u0627\u0644\u0645\u0639\u0627\u062f\u0646 \u0648\u0645\u0636\u0627\u062f\u0627\u062a \u0627\u0644\u0623\u0643\u0633\u062f\u0629\u060c \u064a\u0633\u0627\u0647\u0645  \u0641\u064a \u062f\u0639\u0645 \u0627\u0644\u0637\u0627\u0642\u0629 \u0627\u0644\u064a\u0648\u0645\u064a\u0629 \u0648\u062a\u0639\u0632\u064a\u0632 \u0627\u0644\u0635\u062d\u0629 \u0627\u0644\u0639\u0627\u0645\u0629\u060c \u0648\u064a\u064f\u0643\u0645\u0644 \u0646\u0638\u0627\u0645\u064b\u0627 \u063a\u0630\u0627\u0626\u064a\u064b\u0627 \u0635\u062d\u064a\u064b\u0627 \u0648\u0645\u062a\u0648\u0627\u0632\u0646\u064b\u0627 \u0628\u0634\u0643\u0644 \u0645\u062b\u0627\u0644\u064a. \u064a\u0645\u0643\u0646 \u062a\u0646\u0627\u0648\u0644\u0647 \u0643\u0645\u0627 \u0647\u0648\u060c \u0623\u0648 \u0625\u0636\u0627\u0641\u062a\u0647 \u0625\u0644\u0649 \u0627\u0644\u0645\u0634\u0631\u0648\u0628\u0627\u062a \u0627\u0644\u0633\u0627\u062e\u0646\u0629\u060c \u0627\u0644\u0645\u0646\u0642\u0648\u0639\u0627\u062a\u060c \u0627\u0644\u062d\u0644\u0648\u064a\u0627\u062a\u060c \u0623\u0648 \u0627\u0633\u062a\u062e\u062f\u0627\u0645\u0647 \u0643\u0645\u064f\u062d\u0644\u0651\u064d \u0637\u0628\u064a\u0639\u064a.<\/p>\n<p data-start=\"985\" data-end=\"1124\" class=\"translation-block\">\u2705 \u0637\u0628\u064a\u0639\u064a\u0629 \u0648\u0646\u0642\u064a\u0629 100\u066a\n\u2705 \u0628\u0642\u0648\u0627\u0645 \u0646\u0627\u0639\u0645 \u0648\u0637\u0639\u0645 \u0645\u062a\u0648\u0627\u0632\u0646\n\u2705 \u0645\u0635\u062f\u0631 \u0637\u0628\u064a\u0639\u064a \u0644\u0644\u0637\u0627\u0642\u0629\n\u2705 \u0645\u062b\u0627\u0644\u064a \u0644\u0644\u0627\u0633\u062a\u0647\u0644\u0627\u0643 \u0627\u0644\u064a\u0648\u0645\u064a<\/p>","protected":false},"excerpt":{"rendered":"<p>\u0639\u0633\u0644 \u0627\u0644\u0633\u062f\u0631 \u0647\u0648 \u0639\u0633\u0644 \u0637\u0628\u064a\u0639\u064a \u0646\u0642\u064a 100\u066a\u060c \u0628\u0642\u0648\u0627\u0645 \u0646\u0627\u0639\u0645 \u0648\u0637\u0639\u0645 \u062d\u0644\u0648 \u0644\u0637\u064a\u0641. \u063a\u0646\u064a \u0628\u0627\u0644\u0639\u0646\u0627\u0635\u0631 \u0627\u0644\u063a\u0630\u0627\u0626\u064a\u0629\u060c \u0648\u0645\u062b\u0627\u0644\u064a \u0644\u0644\u0627\u0633\u062a\u0647\u0644\u0627\u0643 \u0627\u0644\u064a\u0648\u0645\u064a \u0636\u0645\u0646 \u0646\u0645\u0637 \u062d\u064a\u0627\u0629 \u0635\u062d\u064a<\/p>","protected":false},"featured_media":2329,"comment_status":"closed","ping_status":"closed","template":"","meta":[],"product_brand":[],"product_cat":[16],"product_tag":[98],"class_list":{"0":"post-2328","1":"product","2":"type-product","3":"status-publish","4":"has-post-thumbnail","6":"product_cat-non-classe","7":"product_tag-la-miellee","9":"first","10":"instock","11":"taxable","12":"shipping-taxable","13":"purchasable","14":"product-type-simple"},"yoast_head":"<!-- This site is optimized with the Yoast SEO plugin v26.4 - https:\/\/yoast.com\/wordpress\/plugins\/seo\/ -->\n<title>la Miell\u00e9e - tirourda<\/title>\n<meta name=\"description\" content=\"La Miell\u00e9e, miel naturel 100 % pur, onctueux et savoureux. Riche en nutriments, id\u00e9ale pour \u00e9nergie, bien-\u00eatre et alimentation saine.\" \/>\n<meta name=\"robots\" content=\"index, follow, max-snippet:-1, max-image-preview:large, max-video-preview:-1\" \/>\n<link rel=\"canonical\" href=\"https:\/\/tirourda.store\/ar\/product\/la-miellee\/\" \/>\n<meta property=\"og:locale\" content=\"ar_AR\" \/>\n<meta property=\"og:type\" content=\"article\" \/>\n<meta property=\"og:title\" content=\"la Miell\u00e9e - tirourda\" \/>\n<meta property=\"og:description\" content=\"La Miell\u00e9e, miel naturel 100 % pur, onctueux et savoureux. Riche en nutriments, id\u00e9ale pour \u00e9nergie, bien-\u00eatre et alimentation saine.\" \/>\n<meta property=\"og:url\" content=\"https:\/\/tirourda.store\/ar\/product\/la-miellee\/\" \/>\n<meta property=\"og:site_name\" content=\"tirourda\" \/>\n<meta property=\"article:modified_time\" content=\"2026-03-27T14:43:19+00:00\" \/>\n<meta property=\"og:image\" content=\"https:\/\/tirourda.store\/wp-content\/uploads\/2026\/02\/WhatsApp-Image-2026-02-16-at-8.02.36-PM-e1771270402141.jpeg\" \/>\n\t<meta property=\"og:image:width\" content=\"563\" \/>\n\t<meta property=\"og:image:height\" content=\"754\" \/>\n\t<meta property=\"og:image:type\" content=\"image\/jpeg\" \/>\n<meta name=\"twitter:card\" content=\"summary_large_image\" \/>\n<meta name=\"twitter:label1\" content=\"\u0648\u0642\u062a \u0627\u0644\u0642\u0631\u0627\u0621\u0629 \u0627\u0644\u0645\u064f\u0642\u062f\u0651\u0631\" \/>\n\t<meta name=\"twitter:data1\" content=\"\u062f\u0642\u064a\u0642\u0629 \u0648\u0627\u062d\u062f\u0629\" \/>\n<script type=\"application\/ld+json\" class=\"yoast-schema-graph\">{\"@context\":\"https:\/\/schema.org\",\"@graph\":[{\"@type\":\"WebPage\",\"@id\":\"https:\/\/tirourda.store\/produit\/la-miellee\/\",\"url\":\"https:\/\/tirourda.store\/produit\/la-miellee\/\",\"name\":\"la Miell\u00e9e - tirourda\",\"isPartOf\":{\"@id\":\"https:\/\/tirourda.store\/#website\"},\"primaryImageOfPage\":{\"@id\":\"https:\/\/tirourda.store\/produit\/la-miellee\/#primaryimage\"},\"image\":{\"@id\":\"https:\/\/tirourda.store\/produit\/la-miellee\/#primaryimage\"},\"thumbnailUrl\":\"https:\/\/tirourda.store\/wp-content\/uploads\/2026\/02\/WhatsApp-Image-2026-02-16-at-8.02.36-PM-e1771270402141.jpeg\",\"datePublished\":\"2026-02-16T19:30:08+00:00\",\"dateModified\":\"2026-03-27T14:43:19+00:00\",\"description\":\"La Miell\u00e9e, miel naturel 100 % pur, onctueux et savoureux. Riche en nutriments, id\u00e9ale pour \u00e9nergie, bien-\u00eatre et alimentation saine.\",\"breadcrumb\":{\"@id\":\"https:\/\/tirourda.store\/produit\/la-miellee\/#breadcrumb\"},\"inLanguage\":\"ar\",\"potentialAction\":[{\"@type\":\"ReadAction\",\"target\":[\"https:\/\/tirourda.store\/produit\/la-miellee\/\"]}]},{\"@type\":\"ImageObject\",\"inLanguage\":\"ar\",\"@id\":\"https:\/\/tirourda.store\/produit\/la-miellee\/#primaryimage\",\"url\":\"https:\/\/tirourda.store\/wp-content\/uploads\/2026\/02\/WhatsApp-Image-2026-02-16-at-8.02.36-PM-e1771270402141.jpeg\",\"contentUrl\":\"https:\/\/tirourda.store\/wp-content\/uploads\/2026\/02\/WhatsApp-Image-2026-02-16-at-8.02.36-PM-e1771270402141.jpeg\",\"width\":563,\"height\":754},{\"@type\":\"BreadcrumbList\",\"@id\":\"https:\/\/tirourda.store\/produit\/la-miellee\/#breadcrumb\",\"itemListElement\":[{\"@type\":\"ListItem\",\"position\":1,\"name\":\"Accueil\",\"item\":\"https:\/\/tirourda.store\/\"},{\"@type\":\"ListItem\",\"position\":2,\"name\":\"Products\",\"item\":\"https:\/\/tirourda.store\/products\/\"},{\"@type\":\"ListItem\",\"position\":3,\"name\":\"la Miell\u00e9e\"}]},{\"@type\":\"WebSite\",\"@id\":\"https:\/\/tirourda.store\/#website\",\"url\":\"https:\/\/tirourda.store\/\",\"name\":\"tirourda\",\"description\":\"\",\"publisher\":{\"@id\":\"https:\/\/tirourda.store\/#organization\"},\"potentialAction\":[{\"@type\":\"SearchAction\",\"target\":{\"@type\":\"EntryPoint\",\"urlTemplate\":\"https:\/\/tirourda.store\/?s={search_term_string}\"},\"query-input\":{\"@type\":\"PropertyValueSpecification\",\"valueRequired\":true,\"valueName\":\"search_term_string\"}}],\"inLanguage\":\"ar\"},{\"@type\":\"Organization\",\"@id\":\"https:\/\/tirourda.store\/#organization\",\"name\":\"tirourda\",\"url\":\"https:\/\/tirourda.store\/\",\"logo\":{\"@type\":\"ImageObject\",\"inLanguage\":\"ar\",\"@id\":\"https:\/\/tirourda.store\/#\/schema\/logo\/image\/\",\"url\":\"https:\/\/tirourda.store\/wp-content\/uploads\/2025\/07\/5.png\",\"contentUrl\":\"https:\/\/tirourda.store\/wp-content\/uploads\/2025\/07\/5.png\",\"width\":707,\"height\":239,\"caption\":\"tirourda\"},\"image\":{\"@id\":\"https:\/\/tirourda.store\/#\/schema\/logo\/image\/\"},\"sameAs\":[\"https:\/\/www.instagram.com\/tirou_rda\/\"]}]}<\/script>\n<!-- \/ Yoast SEO plugin. -->","yoast_head_json":{"title":"la Miell\u00e9e - tirourda","description":"La Miell\u00e9e, miel naturel 100 % pur, onctueux et savoureux. Riche en nutriments, id\u00e9ale pour \u00e9nergie, bien-\u00eatre et alimentation saine.","robots":{"index":"index","follow":"follow","max-snippet":"max-snippet:-1","max-image-preview":"max-image-preview:large","max-video-preview":"max-video-preview:-1"},"canonical":"https:\/\/tirourda.store\/ar\/product\/la-miellee\/","og_locale":"ar_AR","og_type":"article","og_title":"la Miell\u00e9e - tirourda","og_description":"La Miell\u00e9e, miel naturel 100 % pur, onctueux et savoureux. Riche en nutriments, id\u00e9ale pour \u00e9nergie, bien-\u00eatre et alimentation saine.","og_url":"https:\/\/tirourda.store\/ar\/product\/la-miellee\/","og_site_name":"tirourda","article_modified_time":"2026-03-27T14:43:19+00:00","og_image":[{"width":563,"height":754,"url":"https:\/\/tirourda.store\/wp-content\/uploads\/2026\/02\/WhatsApp-Image-2026-02-16-at-8.02.36-PM-e1771270402141.jpeg","type":"image\/jpeg"}],"twitter_card":"summary_large_image","twitter_misc":{"\u0648\u0642\u062a \u0627\u0644\u0642\u0631\u0627\u0621\u0629 \u0627\u0644\u0645\u064f\u0642\u062f\u0651\u0631":"\u062f\u0642\u064a\u0642\u0629 \u0648\u0627\u062d\u062f\u0629"},"schema":{"@context":"https:\/\/schema.org","@graph":[{"@type":"WebPage","@id":"https:\/\/tirourda.store\/produit\/la-miellee\/","url":"https:\/\/tirourda.store\/produit\/la-miellee\/","name":"la Miell\u00e9e - tirourda","isPartOf":{"@id":"https:\/\/tirourda.store\/#website"},"primaryImageOfPage":{"@id":"https:\/\/tirourda.store\/produit\/la-miellee\/#primaryimage"},"image":{"@id":"https:\/\/tirourda.store\/produit\/la-miellee\/#primaryimage"},"thumbnailUrl":"https:\/\/tirourda.store\/wp-content\/uploads\/2026\/02\/WhatsApp-Image-2026-02-16-at-8.02.36-PM-e1771270402141.jpeg","datePublished":"2026-02-16T19:30:08+00:00","dateModified":"2026-03-27T14:43:19+00:00","description":"La Miell\u00e9e, miel naturel 100 % pur, onctueux et savoureux. Riche en nutriments, id\u00e9ale pour \u00e9nergie, bien-\u00eatre et alimentation saine.","breadcrumb":{"@id":"https:\/\/tirourda.store\/produit\/la-miellee\/#breadcrumb"},"inLanguage":"ar","potentialAction":[{"@type":"ReadAction","target":["https:\/\/tirourda.store\/produit\/la-miellee\/"]}]},{"@type":"ImageObject","inLanguage":"ar","@id":"https:\/\/tirourda.store\/produit\/la-miellee\/#primaryimage","url":"https:\/\/tirourda.store\/wp-content\/uploads\/2026\/02\/WhatsApp-Image-2026-02-16-at-8.02.36-PM-e1771270402141.jpeg","contentUrl":"https:\/\/tirourda.store\/wp-content\/uploads\/2026\/02\/WhatsApp-Image-2026-02-16-at-8.02.36-PM-e1771270402141.jpeg","width":563,"height":754},{"@type":"BreadcrumbList","@id":"https:\/\/tirourda.store\/produit\/la-miellee\/#breadcrumb","itemListElement":[{"@type":"ListItem","position":1,"name":"Accueil","item":"https:\/\/tirourda.store\/"},{"@type":"ListItem","position":2,"name":"Products","item":"https:\/\/tirourda.store\/products\/"},{"@type":"ListItem","position":3,"name":"la Miell\u00e9e"}]},{"@type":"WebSite","@id":"https:\/\/tirourda.store\/#website","url":"https:\/\/tirourda.store\/","name":"tirourda","description":"","publisher":{"@id":"https:\/\/tirourda.store\/#organization"},"potentialAction":[{"@type":"SearchAction","target":{"@type":"EntryPoint","urlTemplate":"https:\/\/tirourda.store\/?s={search_term_string}"},"query-input":{"@type":"PropertyValueSpecification","valueRequired":true,"valueName":"search_term_string"}}],"inLanguage":"ar"},{"@type":"Organization","@id":"https:\/\/tirourda.store\/#organization","name":"tirourda","url":"https:\/\/tirourda.store\/","logo":{"@type":"ImageObject","inLanguage":"ar","@id":"https:\/\/tirourda.store\/#\/schema\/logo\/image\/","url":"https:\/\/tirourda.store\/wp-content\/uploads\/2025\/07\/5.png","contentUrl":"https:\/\/tirourda.store\/wp-content\/uploads\/2025\/07\/5.png","width":707,"height":239,"caption":"tirourda"},"image":{"@id":"https:\/\/tirourda.store\/#\/schema\/logo\/image\/"},"sameAs":["https:\/\/www.instagram.com\/tirou_rda\/"]}]}},"_links":{"self":[{"href":"https:\/\/tirourda.store\/ar\/wp-json\/wp\/v2\/product\/2328","targetHints":{"allow":["GET"]}}],"collection":[{"href":"https:\/\/tirourda.store\/ar\/wp-json\/wp\/v2\/product"}],"about":[{"href":"https:\/\/tirourda.store\/ar\/wp-json\/wp\/v2\/types\/product"}],"replies":[{"embeddable":true,"href":"https:\/\/tirourda.store\/ar\/wp-json\/wp\/v2\/comments?post=2328"}],"wp:featuredmedia":[{"embeddable":true,"href":"https:\/\/tirourda.store\/ar\/wp-json\/wp\/v2\/media\/2329"}],"wp:attachment":[{"href":"https:\/\/tirourda.store\/ar\/wp-json\/wp\/v2\/media?parent=2328"}],"wp:term":[{"taxonomy":"product_brand","embeddable":true,"href":"https:\/\/tirourda.store\/ar\/wp-json\/wp\/v2\/product_brand?post=2328"},{"taxonomy":"product_cat","embeddable":true,"href":"https:\/\/tirourda.store\/ar\/wp-json\/wp\/v2\/product_cat?post=2328"},{"taxonomy":"product_tag","embeddable":true,"href":"https:\/\/tirourda.store\/ar\/wp-json\/wp\/v2\/product_tag?post=2328"}],"curies":[{"name":"wp","href":"https:\/\/api.w.org\/{rel}","templated":true}]}}