{"id":2334,"date":"2026-02-16T21:23:39","date_gmt":"2026-02-16T20:23:39","guid":{"rendered":"https:\/\/tirourda.store\/?post_type=product&#038;p=2334"},"modified":"2026-02-22T20:38:52","modified_gmt":"2026-02-22T19:38:52","slug":"costus-indien-en-poudre-20g","status":"publish","type":"product","link":"https:\/\/tirourda.store\/ar\/product\/costus-indien-en-poudre-20g\/","title":{"rendered":"\u0627\u0644\u0642\u0633\u0637 \u0627\u0644\u0647\u0646\u062f\u064a \u0627\u0644\u0645\u0637\u062d\u0648\u0646"},"content":{"rendered":"<p data-start=\"177\" data-end=\"493\" class=\"translation-block\">\u0645\u0633\u062d\u0648\u0642 \u0627\u0644\u0642\u0633\u0637 \u0627\u0644\u0647\u0646\u062f\u064a \u0647\u0648 \u062c\u0630\u0631 \u0637\u0628\u064a\u0639\u064a 100\u066a\u060c \u062a\u0645 \u0627\u062e\u062a\u064a\u0627\u0631\u0647 \u0628\u0639\u0646\u0627\u064a\u0629 \u0644\u0636\u0645\u0627\u0646 \u0627\u0644\u0646\u0642\u0627\u0621 \u0648\u0627\u0644\u062c\u0648\u062f\u0629 \u0627\u0644\u0639\u0627\u0644\u064a\u0629. \u0645\u0639\u0631\u0648\u0641 \u0645\u0646\u0630 \u0642\u0631\u0648\u0646 \u0641\u064a \u0627\u0644\u0637\u0628 \u0627\u0644\u062a\u0642\u0644\u064a\u062f\u064a \u0627\u0644\u0623\u064a\u0648\u0631\u0641\u064a\u062f\u064a\u060c \u0648\u064a\u064f\u0633\u062a\u062e\u062f\u0645 \u0644\u0641\u0648\u0627\u0626\u062f\u0647 \u0641\u064a \u062f\u0639\u0645 \u0627\u0644\u0647\u0636\u0645\u060c \u0627\u0644\u0645\u0646\u0627\u0639\u0629\u060c \u0648\u0627\u0644\u0637\u0627\u0642\u0629 \u0627\u0644\u064a\u0648\u0645\u064a\u0629<\/p>\n<p data-start=\"495\" data-end=\"809\" class=\"translation-block\">\u0628\u0641\u0636\u0644 \u0642\u0648\u0627\u0645\u0647 \u0627\u0644\u0646\u0627\u0639\u0645 \u0639\u0644\u0649 \u0634\u0643\u0644 \u0645\u0633\u062d\u0648\u0642\u060c \u064a\u0633\u0647\u0644 \u0625\u0636\u0627\u0641\u062a\u0647 \u0625\u0644\u0649 \u0627\u0644\u0645\u0634\u0631\u0648\u0628\u0627\u062a \u0627\u0644\u0633\u0627\u062e\u0646\u0629\u060c \u0627\u0644\u0645\u0646\u0642\u0648\u0639\u0627\u062a\u060c \u0627\u0644\u0639\u0635\u0627\u0626\u0631 (\u0633\u0645\u0648\u062b\u064a) \u0623\u0648 \u0627\u0644\u0648\u0635\u0641\u0627\u062a \u0627\u0644\u063a\u0630\u0627\u0626\u064a\u0629\u060c \u0645\u0639 \u0627\u0644\u062d\u0641\u0627\u0638 \u0639\u0644\u0649 \u062e\u0635\u0627\u0626\u0635\u0647 \u0627\u0644\u0637\u0628\u064a\u0639\u064a\u0629 \u0648\u0627\u0644\u0641\u0639\u0627\u0644\u0629. \u064a\u0633\u0627\u0639\u062f \u0627\u0644\u0627\u0633\u062a\u0639\u0645\u0627\u0644 \u0627\u0644\u0645\u0646\u062a\u0638\u0645 \u0639\u0644\u0649 \u062a\u0642\u0648\u064a\u0629 \u0627\u0644\u062c\u0633\u0645\u060c \u062f\u0639\u0645 \u0627\u0644\u062d\u064a\u0648\u064a\u0629\u060c \u0648\u0627\u0644\u062d\u0641\u0627\u0638 \u0639\u0644\u0649 \u0627\u0644\u062a\u0648\u0627\u0632\u0646 \u0627\u0644\u0639\u0627\u0645.<\/p>\n<p data-start=\"811\" data-end=\"984\">\u2705 100 % naturelle et pure<br data-start=\"836\" data-end=\"839\" \/>\u2705 Racine de costus de qualit\u00e9 sup\u00e9rieure<br data-start=\"879\" data-end=\"882\" \/>\u2705 Id\u00e9ale pour usages ayurv\u00e9diques et bien-\u00eatre quotidien<br data-start=\"938\" data-end=\"941\" \/>\u2705 Soutient digestion, immunit\u00e9 et \u00e9nergie<\/p>\n<p data-start=\"986\" data-end=\"1170\" class=\"translation-block\">\u0646\u0635\u064a\u062d\u0629 \u0627\u0644\u0627\u0633\u062a\u0639\u0645\u0627\u0644: \u0623\u0636\u0641 \u0643\u0645\u064a\u0629 \u0635\u063a\u064a\u0631\u0629 \u0625\u0644\u0649 \u0627\u0644\u0645\u0634\u0631\u0648\u0628\u0627\u062a\u060c \u0627\u0644\u0648\u0635\u0641\u0627\u062a \u0627\u0644\u063a\u0630\u0627\u0626\u064a\u0629 \u0623\u0648 \u0627\u0644\u0645\u0646\u0642\u0648\u0639\u0627\u062a. \u0645\u0646\u0627\u0633\u0628 \u0644\u0644\u0627\u0633\u062a\u062e\u062f\u0627\u0645 \u0627\u0644\u064a\u0648\u0645\u064a \u0636\u0645\u0646 \u0646\u0638\u0627\u0645 \u063a\u0630\u0627\u0626\u064a \u0635\u062d\u064a<\/p>","protected":false},"excerpt":{"rendered":"<p>\u0645\u0633\u062d\u0648\u0642 \u0627\u0644\u0642\u0633\u0637 \u0627\u0644\u0647\u0646\u062f\u064a 100\u066a \u0637\u0628\u064a\u0639\u064a\u060c \u0645\u062b\u0627\u0644\u064a \u0644\u0644\u0627\u0633\u062a\u0639\u0645\u0627\u0644\u0627\u062a \u0627\u0644\u0623\u064a\u0648\u0631\u0641\u064a\u062f\u064a\u0629 \u0648\u062f\u0639\u0645 \u0627\u0644\u0635\u062d\u0629 \u0627\u0644\u064a\u0648\u0645\u064a\u0629. \u064a\u0633\u0627\u0647\u0645 \u0641\u064a \u062a\u062d\u0633\u064a\u0646 \u0627\u0644\u0647\u0636\u0645\u060c \u062a\u0639\u0632\u064a\u0632 \u0627\u0644\u0645\u0646\u0627\u0639\u0629 \u0648\u0632\u064a\u0627\u062f\u0629 \u0627\u0644\u062d\u064a\u0648\u064a\u0629<\/p>","protected":false},"featured_media":2336,"comment_status":"closed","ping_status":"closed","template":"","meta":[],"product_brand":[],"product_cat":[16],"product_tag":[89],"class_list":{"0":"post-2334","1":"product","2":"type-product","3":"status-publish","4":"has-post-thumbnail","6":"product_cat-non-classe","7":"product_tag-poudre-de-costus-indien","9":"first","10":"instock","11":"taxable","12":"shipping-taxable","13":"purchasable","14":"product-type-simple"},"yoast_head":"<!-- This site is optimized with the Yoast SEO plugin v26.4 - https:\/\/yoast.com\/wordpress\/plugins\/seo\/ -->\n<title>Costus Indien en Poudre - tirourda<\/title>\n<meta name=\"description\" content=\"Poudre de costus indien naturel, soutient digestion, immunit\u00e9 et \u00e9nergie. Parfaite pour usages ayurv\u00e9diques et bien-\u00eatre quotidien.\" \/>\n<meta name=\"robots\" content=\"index, follow, max-snippet:-1, max-image-preview:large, max-video-preview:-1\" \/>\n<link rel=\"canonical\" href=\"https:\/\/tirourda.store\/ar\/product\/costus-indien-en-poudre-20g\/\" \/>\n<meta property=\"og:locale\" content=\"ar_AR\" \/>\n<meta property=\"og:type\" content=\"article\" \/>\n<meta property=\"og:title\" content=\"Costus Indien en Poudre - tirourda\" \/>\n<meta property=\"og:description\" content=\"Poudre de costus indien naturel, soutient digestion, immunit\u00e9 et \u00e9nergie. Parfaite pour usages ayurv\u00e9diques et bien-\u00eatre quotidien.\" \/>\n<meta property=\"og:url\" content=\"https:\/\/tirourda.store\/ar\/product\/costus-indien-en-poudre-20g\/\" \/>\n<meta property=\"og:site_name\" content=\"tirourda\" \/>\n<meta property=\"article:modified_time\" content=\"2026-02-22T19:38:52+00:00\" \/>\n<meta property=\"og:image\" content=\"https:\/\/tirourda.store\/wp-content\/uploads\/2026\/02\/WhatsApp-Image-2026-02-16-at-9.19.03-PM.jpeg\" \/>\n\t<meta property=\"og:image:width\" content=\"834\" \/>\n\t<meta property=\"og:image:height\" content=\"1280\" \/>\n\t<meta property=\"og:image:type\" content=\"image\/jpeg\" \/>\n<meta name=\"twitter:card\" content=\"summary_large_image\" \/>\n<meta name=\"twitter:label1\" content=\"\u0648\u0642\u062a \u0627\u0644\u0642\u0631\u0627\u0621\u0629 \u0627\u0644\u0645\u064f\u0642\u062f\u0651\u0631\" \/>\n\t<meta name=\"twitter:data1\" content=\"\u062f\u0642\u064a\u0642\u0629 \u0648\u0627\u062d\u062f\u0629\" \/>\n<script type=\"application\/ld+json\" class=\"yoast-schema-graph\">{\"@context\":\"https:\/\/schema.org\",\"@graph\":[{\"@type\":\"WebPage\",\"@id\":\"https:\/\/tirourda.store\/produit\/costus-indien-en-poudre-20g\/\",\"url\":\"https:\/\/tirourda.store\/produit\/costus-indien-en-poudre-20g\/\",\"name\":\"Costus Indien en Poudre - tirourda\",\"isPartOf\":{\"@id\":\"https:\/\/tirourda.store\/#website\"},\"primaryImageOfPage\":{\"@id\":\"https:\/\/tirourda.store\/produit\/costus-indien-en-poudre-20g\/#primaryimage\"},\"image\":{\"@id\":\"https:\/\/tirourda.store\/produit\/costus-indien-en-poudre-20g\/#primaryimage\"},\"thumbnailUrl\":\"https:\/\/tirourda.store\/wp-content\/uploads\/2026\/02\/WhatsApp-Image-2026-02-16-at-9.19.03-PM.jpeg\",\"datePublished\":\"2026-02-16T20:23:39+00:00\",\"dateModified\":\"2026-02-22T19:38:52+00:00\",\"description\":\"Poudre de costus indien naturel, soutient digestion, immunit\u00e9 et \u00e9nergie. Parfaite pour usages ayurv\u00e9diques et bien-\u00eatre quotidien.\",\"breadcrumb\":{\"@id\":\"https:\/\/tirourda.store\/produit\/costus-indien-en-poudre-20g\/#breadcrumb\"},\"inLanguage\":\"ar\",\"potentialAction\":[{\"@type\":\"ReadAction\",\"target\":[\"https:\/\/tirourda.store\/produit\/costus-indien-en-poudre-20g\/\"]}]},{\"@type\":\"ImageObject\",\"inLanguage\":\"ar\",\"@id\":\"https:\/\/tirourda.store\/produit\/costus-indien-en-poudre-20g\/#primaryimage\",\"url\":\"https:\/\/tirourda.store\/wp-content\/uploads\/2026\/02\/WhatsApp-Image-2026-02-16-at-9.19.03-PM.jpeg\",\"contentUrl\":\"https:\/\/tirourda.store\/wp-content\/uploads\/2026\/02\/WhatsApp-Image-2026-02-16-at-9.19.03-PM.jpeg\",\"width\":834,\"height\":1280},{\"@type\":\"BreadcrumbList\",\"@id\":\"https:\/\/tirourda.store\/produit\/costus-indien-en-poudre-20g\/#breadcrumb\",\"itemListElement\":[{\"@type\":\"ListItem\",\"position\":1,\"name\":\"Accueil\",\"item\":\"https:\/\/tirourda.store\/\"},{\"@type\":\"ListItem\",\"position\":2,\"name\":\"Products\",\"item\":\"https:\/\/tirourda.store\/products\/\"},{\"@type\":\"ListItem\",\"position\":3,\"name\":\"Costus Indien en Poudre\"}]},{\"@type\":\"WebSite\",\"@id\":\"https:\/\/tirourda.store\/#website\",\"url\":\"https:\/\/tirourda.store\/\",\"name\":\"tirourda\",\"description\":\"\",\"publisher\":{\"@id\":\"https:\/\/tirourda.store\/#organization\"},\"potentialAction\":[{\"@type\":\"SearchAction\",\"target\":{\"@type\":\"EntryPoint\",\"urlTemplate\":\"https:\/\/tirourda.store\/?s={search_term_string}\"},\"query-input\":{\"@type\":\"PropertyValueSpecification\",\"valueRequired\":true,\"valueName\":\"search_term_string\"}}],\"inLanguage\":\"ar\"},{\"@type\":\"Organization\",\"@id\":\"https:\/\/tirourda.store\/#organization\",\"name\":\"tirourda\",\"url\":\"https:\/\/tirourda.store\/\",\"logo\":{\"@type\":\"ImageObject\",\"inLanguage\":\"ar\",\"@id\":\"https:\/\/tirourda.store\/#\/schema\/logo\/image\/\",\"url\":\"https:\/\/tirourda.store\/wp-content\/uploads\/2025\/07\/5.png\",\"contentUrl\":\"https:\/\/tirourda.store\/wp-content\/uploads\/2025\/07\/5.png\",\"width\":707,\"height\":239,\"caption\":\"tirourda\"},\"image\":{\"@id\":\"https:\/\/tirourda.store\/#\/schema\/logo\/image\/\"},\"sameAs\":[\"https:\/\/www.instagram.com\/tirou_rda\/\"]}]}<\/script>\n<!-- \/ Yoast SEO plugin. -->","yoast_head_json":{"title":"Costus Indien en Poudre - tirourda","description":"Poudre de costus indien naturel, soutient digestion, immunit\u00e9 et \u00e9nergie. Parfaite pour usages ayurv\u00e9diques et bien-\u00eatre quotidien.","robots":{"index":"index","follow":"follow","max-snippet":"max-snippet:-1","max-image-preview":"max-image-preview:large","max-video-preview":"max-video-preview:-1"},"canonical":"https:\/\/tirourda.store\/ar\/product\/costus-indien-en-poudre-20g\/","og_locale":"ar_AR","og_type":"article","og_title":"Costus Indien en Poudre - tirourda","og_description":"Poudre de costus indien naturel, soutient digestion, immunit\u00e9 et \u00e9nergie. Parfaite pour usages ayurv\u00e9diques et bien-\u00eatre quotidien.","og_url":"https:\/\/tirourda.store\/ar\/product\/costus-indien-en-poudre-20g\/","og_site_name":"tirourda","article_modified_time":"2026-02-22T19:38:52+00:00","og_image":[{"width":834,"height":1280,"url":"https:\/\/tirourda.store\/wp-content\/uploads\/2026\/02\/WhatsApp-Image-2026-02-16-at-9.19.03-PM.jpeg","type":"image\/jpeg"}],"twitter_card":"summary_large_image","twitter_misc":{"\u0648\u0642\u062a \u0627\u0644\u0642\u0631\u0627\u0621\u0629 \u0627\u0644\u0645\u064f\u0642\u062f\u0651\u0631":"\u062f\u0642\u064a\u0642\u0629 \u0648\u0627\u062d\u062f\u0629"},"schema":{"@context":"https:\/\/schema.org","@graph":[{"@type":"WebPage","@id":"https:\/\/tirourda.store\/produit\/costus-indien-en-poudre-20g\/","url":"https:\/\/tirourda.store\/produit\/costus-indien-en-poudre-20g\/","name":"Costus Indien en Poudre - tirourda","isPartOf":{"@id":"https:\/\/tirourda.store\/#website"},"primaryImageOfPage":{"@id":"https:\/\/tirourda.store\/produit\/costus-indien-en-poudre-20g\/#primaryimage"},"image":{"@id":"https:\/\/tirourda.store\/produit\/costus-indien-en-poudre-20g\/#primaryimage"},"thumbnailUrl":"https:\/\/tirourda.store\/wp-content\/uploads\/2026\/02\/WhatsApp-Image-2026-02-16-at-9.19.03-PM.jpeg","datePublished":"2026-02-16T20:23:39+00:00","dateModified":"2026-02-22T19:38:52+00:00","description":"Poudre de costus indien naturel, soutient digestion, immunit\u00e9 et \u00e9nergie. Parfaite pour usages ayurv\u00e9diques et bien-\u00eatre quotidien.","breadcrumb":{"@id":"https:\/\/tirourda.store\/produit\/costus-indien-en-poudre-20g\/#breadcrumb"},"inLanguage":"ar","potentialAction":[{"@type":"ReadAction","target":["https:\/\/tirourda.store\/produit\/costus-indien-en-poudre-20g\/"]}]},{"@type":"ImageObject","inLanguage":"ar","@id":"https:\/\/tirourda.store\/produit\/costus-indien-en-poudre-20g\/#primaryimage","url":"https:\/\/tirourda.store\/wp-content\/uploads\/2026\/02\/WhatsApp-Image-2026-02-16-at-9.19.03-PM.jpeg","contentUrl":"https:\/\/tirourda.store\/wp-content\/uploads\/2026\/02\/WhatsApp-Image-2026-02-16-at-9.19.03-PM.jpeg","width":834,"height":1280},{"@type":"BreadcrumbList","@id":"https:\/\/tirourda.store\/produit\/costus-indien-en-poudre-20g\/#breadcrumb","itemListElement":[{"@type":"ListItem","position":1,"name":"Accueil","item":"https:\/\/tirourda.store\/"},{"@type":"ListItem","position":2,"name":"Products","item":"https:\/\/tirourda.store\/products\/"},{"@type":"ListItem","position":3,"name":"Costus Indien en Poudre"}]},{"@type":"WebSite","@id":"https:\/\/tirourda.store\/#website","url":"https:\/\/tirourda.store\/","name":"tirourda","description":"","publisher":{"@id":"https:\/\/tirourda.store\/#organization"},"potentialAction":[{"@type":"SearchAction","target":{"@type":"EntryPoint","urlTemplate":"https:\/\/tirourda.store\/?s={search_term_string}"},"query-input":{"@type":"PropertyValueSpecification","valueRequired":true,"valueName":"search_term_string"}}],"inLanguage":"ar"},{"@type":"Organization","@id":"https:\/\/tirourda.store\/#organization","name":"tirourda","url":"https:\/\/tirourda.store\/","logo":{"@type":"ImageObject","inLanguage":"ar","@id":"https:\/\/tirourda.store\/#\/schema\/logo\/image\/","url":"https:\/\/tirourda.store\/wp-content\/uploads\/2025\/07\/5.png","contentUrl":"https:\/\/tirourda.store\/wp-content\/uploads\/2025\/07\/5.png","width":707,"height":239,"caption":"tirourda"},"image":{"@id":"https:\/\/tirourda.store\/#\/schema\/logo\/image\/"},"sameAs":["https:\/\/www.instagram.com\/tirou_rda\/"]}]}},"_links":{"self":[{"href":"https:\/\/tirourda.store\/ar\/wp-json\/wp\/v2\/product\/2334","targetHints":{"allow":["GET"]}}],"collection":[{"href":"https:\/\/tirourda.store\/ar\/wp-json\/wp\/v2\/product"}],"about":[{"href":"https:\/\/tirourda.store\/ar\/wp-json\/wp\/v2\/types\/product"}],"replies":[{"embeddable":true,"href":"https:\/\/tirourda.store\/ar\/wp-json\/wp\/v2\/comments?post=2334"}],"wp:featuredmedia":[{"embeddable":true,"href":"https:\/\/tirourda.store\/ar\/wp-json\/wp\/v2\/media\/2336"}],"wp:attachment":[{"href":"https:\/\/tirourda.store\/ar\/wp-json\/wp\/v2\/media?parent=2334"}],"wp:term":[{"taxonomy":"product_brand","embeddable":true,"href":"https:\/\/tirourda.store\/ar\/wp-json\/wp\/v2\/product_brand?post=2334"},{"taxonomy":"product_cat","embeddable":true,"href":"https:\/\/tirourda.store\/ar\/wp-json\/wp\/v2\/product_cat?post=2334"},{"taxonomy":"product_tag","embeddable":true,"href":"https:\/\/tirourda.store\/ar\/wp-json\/wp\/v2\/product_tag?post=2334"}],"curies":[{"name":"wp","href":"https:\/\/api.w.org\/{rel}","templated":true}]}}