{"id":2344,"date":"2026-02-16T23:13:38","date_gmt":"2026-02-16T22:13:38","guid":{"rendered":"https:\/\/tirourda.store\/?post_type=product&#038;p=2344"},"modified":"2026-02-22T23:08:57","modified_gmt":"2026-02-22T22:08:57","slug":"figue-seche-250g-figue-seche-figue-naturelle-fruits-secs-collations-saines-patisseries-naturelles-fibre-alimentaire","status":"publish","type":"product","link":"https:\/\/tirourda.store\/ar\/product\/figue-seche-250g-figue-seche-figue-naturelle-fruits-secs-collations-saines-patisseries-naturelles-fibre-alimentaire\/","title":{"rendered":"\u062a\u064a\u0646 \u0645\u062c\u0641\u0641"},"content":{"rendered":"<div class=\"relative basis-auto flex-col -mb-(--composer-overlap-px) [--composer-overlap-px:28px] grow flex\">\n<div class=\"flex flex-col text-sm pb-25\">\n<article class=\"text-token-text-primary w-full focus:outline-none [--shadow-height:45px] has-data-writing-block:pointer-events-none has-data-writing-block:-mt-(--shadow-height) has-data-writing-block:pt-(--shadow-height) [&amp;:has([data-writing-block])&gt;*]:pointer-events-auto scroll-mt-[calc(var(--header-height)+min(200px,max(70px,20svh)))]\" dir=\"auto\" tabindex=\"-1\" data-turn-id=\"request-WEB:a5edeeaa-a253-4576-8326-f47c3640c5b1-27\" data-testid=\"conversation-turn-56\" data-scroll-anchor=\"true\" data-turn=\"assistant\">\n<div class=\"text-base my-auto mx-auto pb-10 [--thread-content-margin:--spacing(4)] @w-sm\/main:[--thread-content-margin:--spacing(6)] @w-lg\/main:[--thread-content-margin:--spacing(16)] px-(--thread-content-margin)\">\n<div class=\"[--thread-content-max-width:40rem] @w-lg\/main:[--thread-content-max-width:48rem] mx-auto max-w-(--thread-content-max-width) flex-1 group\/turn-messages focus-visible:outline-hidden relative flex w-full min-w-0 flex-col agent-turn\" tabindex=\"-1\">\n<div class=\"flex max-w-full flex-col grow\">\n<div class=\"min-h-8 text-message relative flex w-full flex-col items-end gap-2 text-start break-words whitespace-normal [.text-message+&amp;]:mt-1\" dir=\"auto\" data-message-author-role=\"assistant\" data-message-id=\"76c6309e-cce1-4435-8eee-6dfe30bdd1e3\" data-message-model-slug=\"gpt-5-mini\">\n<div class=\"flex w-full flex-col gap-1 empty:hidden first:pt-[1px]\">\n<div class=\"markdown prose dark:prose-invert w-full wrap-break-word light markdown-new-styling\">\n<p data-start=\"153\" data-end=\"419\" class=\"translation-block\">\u062a\u064a\u0646 \u0627\u0644\u0645\u062c\u0641\u0641 100\u066a \u0637\u0628\u064a\u0639\u064a\u060c \u0645\u062e\u062a\u0627\u0631 \u0628\u0639\u0646\u0627\u064a\u0629 \u0644\u0646\u0639\u0648\u0645\u062a\u0647 \u0648\u0645\u0630\u0627\u0642\u0647 \u0627\u0644\u062d\u0644\u0648 \u0648\u062c\u0648\u062f\u062a\u0647 \u0627\u0644\u0645\u0645\u062a\u0627\u0632\u0629. \u063a\u0646\u064a \u0628\u0627\u0644\u0623\u0644\u064a\u0627\u0641 \u0648\u0627\u0644\u0645\u0639\u0627\u062f\u0646 \u0648\u0645\u0636\u0627\u062f\u0627\u062a \u0627\u0644\u0623\u0643\u0633\u062f\u0629\u060c \u0648\u064a\u064f\u0639\u062f \u062e\u064a\u0627\u0631\u064b\u0627 \u0645\u062b\u0627\u0644\u064a\u064b\u0627 \u0644\u0646\u0638\u0627\u0645 \u063a\u0630\u0627\u0626\u064a \u0635\u062d\u064a \u0648\u0645\u062a\u0648\u0627\u0632\u0646.<\/p>\n<p data-start=\"421\" data-end=\"695\">\n<p data-start=\"697\" data-end=\"919\" class=\"translation-block\">\u2705 \u0637\u0628\u064a\u0639\u064a 100\u066a \u0648\u062e\u0627\u0644\u064a \u0645\u0646 \u0627\u0644\u0625\u0636\u0627\u0641\u0627\u062a\n\u2705 \u063a\u0646\u0628\u0627\u0644\u0623\u0644\u064a\u0627\u0641 \u0648\u0627\u0644\u0639\u0646\u0627\u0635\u0631 \u0627\u0644\u063a\u0630\u0627\u0626\u064a\u0629 \u0627\u0644\u0623\u0633\u0627\u0633\u064a\u0629\n\u2705 \u0645\u062b\u0627\u0644\u064a\u0629 \u0644\u0644\u0648\u062c\u0628\u0627\u062a \u0627\u0644\u062e\u0641\u064a\u0641\u0629\u060c \u0627\u0644\u062d\u0644\u0648\u064a\u0627\u062a \u0648\u0627\u0644\u0648\u0635\u0641\u0627\u062a \u0627\u0644\u0634\u0647\u064a\u0629\n\u2705 \u0645\u0646\u0627\u0633\u0628\u0629 \u0644\u0644\u0627\u0633\u062a\u0647\u0644\u0627\u0643 \u0627\u0644\u064a\u0648\u0645\u064a \u0636\u0645\u0646 \u0646\u0638\u0627\u0645 \u063a\u0630\u0627\u0626\u064a \u0635\u062d\u064a<\/p>\n<p data-start=\"921\" data-end=\"1076\" class=\"translation-block\">\u0646\u0635\u064a\u062d\u0629 \u0627\u0644\u0627\u0633\u062a\u0639\u0645\u0627\u0644: \u062a\u064f\u0624\u0643\u0644 \u0643\u0645\u0627 \u0647\u064a \u0623\u0648 \u062a\u064f\u0636\u0627\u0641 \u0625\u0644\u0649 \u0648\u0635\u0641\u0627\u062a\u0643 \u0644\u0644\u0627\u0633\u062a\u0641\u0627\u062f\u0629 \u0645\u0646 \u0642\u064a\u0645\u062a\u0647\u0627 \u0627\u0644\u063a\u0630\u0627\u0626\u064a\u0629 \u0627\u0644\u0637\u0628\u064a\u0639\u064a\u0629 \u0648\u0645\u0630\u0627\u0642\u0647\u0627 \u0627\u0644\u062d\u0644\u0648 \u0627\u0644\u0623\u0635\u064a\u0644.<\/p>\n<\/div>\n<\/div>\n<\/div>\n<\/div>\n<div class=\"mt-3 w-full empty:hidden\">\n<div class=\"text-center\"><\/div>\n<\/div>\n<\/div>\n<\/div>\n<\/article>\n<\/div>\n<div class=\"pointer-events-none h-px w-px absolute bottom-0\" aria-hidden=\"true\" data-edge=\"true\"><\/div>\n<\/div>\n<div id=\"thread-bottom-container\" class=\"sticky bottom-0 group\/thread-bottom-container relative isolate z-10 w-full basis-auto has-data-has-thread-error:pt-2 has-data-has-thread-error:[box-shadow:var(--sharp-edge-bottom-shadow)] md:border-transparent md:pt-0 dark:border-white\/20 md:dark:border-transparent print:hidden content-fade single-line flex flex-col\">\n<div class=\"relative h-0\">\n<div><\/div>\n<\/div>\n<div id=\"thread-bottom\">\n<div class=\"text-base mx-auto [--thread-content-margin:--spacing(4)] @w-sm\/main:[--thread-content-margin:--spacing(6)] @w-lg\/main:[--thread-content-margin:--spacing(16)] px-(--thread-content-margin)\">\n<div class=\"[--thread-content-max-width:40rem] @w-lg\/main:[--thread-content-max-width:48rem] mx-auto max-w-(--thread-content-max-width) flex-1 mb-4\">\n<div class=\"flex justify-center empty:hidden\"><\/div>\n<div class=\"pointer-events-auto relative z-1 flex h-(--composer-container-height,100%) max-w-full flex-(--composer-container-flex,1) flex-col\">\n<div class=\"absolute start-0 end-0 bottom-full z-20\"><\/div>\n<form class=\"group\/composer w-full\" data-type=\"unified-composer\" action=\"\">\n<div class=\"hidden\"><input tabindex=\"-1\" multiple=\"multiple\" type=\"file\" \/><\/div>\n<div class=\"\">\n<div class=\"bg-token-bg-primary corner-superellipse\/1.1 cursor-text overflow-clip bg-clip-padding p-2.5 contain-inline-size motion-safe:transition-colors motion-safe:duration-200 motion-safe:ease-in-out dark:bg-[#303030] grid grid-cols-[auto_1fr_auto] [grid-template-areas:'header_header_header'_'leading_primary_trailing'_'._footer_.'] group-data-expanded\/composer:[grid-template-areas:'header_header_header'_'primary_primary_primary'_'leading_footer_trailing'] shadow-short\" data-composer-surface=\"true\">\n<div class=\"-my-2.5 flex min-h-14 items-center overflow-x-hidden px-1.5 [grid-area:primary] group-data-expanded\/composer:mb-0 group-data-expanded\/composer:px-2.5\">\n<div class=\"wcDTda_prosemirror-parent text-token-text-primary max-h-[max(30svh,5rem)] max-h-52 min-h-[var(--deep-research-composer-extra-height,unset)] flex-1 overflow-auto [scrollbar-width:thin] default-browser vertical-scroll-fade-mask\">\n<p><textarea class=\"wcDTda_fallbackTextarea\" name=\"prompt-textarea\" placeholder=\"Poser une question\" data-virtualkeyboard=\"true\"><\/textarea><\/p>\n<div id=\"prompt-textarea\" class=\"ProseMirror\" contenteditable=\"true\" translate=\"no\" data-virtualkeyboard=\"true\"><\/div>\n<\/div>\n<\/div>\n<div class=\"[grid-area:leading]\"><\/div>\n<div class=\"flex items-center gap-2 [grid-area:trailing]\">\n<div class=\"ms-auto flex items-center gap-1.5\">\n<p>&nbsp;<\/p>\n<div>\n<div>\n<div class=\"relative\"><\/div>\n<\/div>\n<\/div>\n<\/div>\n<\/div>\n<\/div>\n<\/div>\n<input type=\"hidden\" name=\"trp-form-language\" value=\"ar\"\/><\/form>\n<\/div>\n<\/div>\n<\/div>\n<\/div>\n<\/div>","protected":false},"excerpt":{"rendered":"<p>\u062a\u064a\u0646 \u0645\u062c\u0641\u0641 100\u066a \u0637\u0628\u064a\u0639\u064a\u060c \u0637\u0631\u064a \u0648\u0644\u0630\u064a\u0630\u060c \u063a\u0646\u064a \u0628\u0627\u0644\u0623\u0644\u064a\u0627\u0641 \u0648\u0627\u0644\u0639\u0646\u0627\u0635\u0631 \u0627\u0644\u063a\u0630\u0627\u0626\u064a\u0629. \u0645\u062b\u0627\u0644\u064a \u0644\u0644\u0648\u062c\u0628\u0627\u062a \u0627\u0644\u062e\u0641\u064a\u0641\u0629 \u0627\u0644\u0635\u062d\u064a\u0629\u060c \u0627\u0644\u062d\u0644\u0648\u064a\u0627\u062a \u0623\u0648 \u0627\u0644\u0645\u0637\u0628\u062e \u0627\u0644\u0634\u0647\u064a.<\/p>","protected":false},"featured_media":2345,"comment_status":"closed","ping_status":"closed","template":"","meta":[],"product_brand":[],"product_cat":[55,29,26,42,47,27],"product_tag":[93],"class_list":{"0":"post-2344","1":"product","2":"type-product","3":"status-publish","4":"has-post-thumbnail","6":"product_cat-cadeaux","7":"product_cat-healthy","8":"product_cat-alimentation","9":"product_cat-pack","10":"product_cat-produit","11":"product_cat-sante","12":"product_tag-figues-seches","14":"first","15":"instock","16":"taxable","17":"shipping-taxable","18":"purchasable","19":"product-type-simple"},"yoast_head":"<!-- This site is optimized with the Yoast SEO plugin v26.4 - https:\/\/yoast.com\/wordpress\/plugins\/seo\/ -->\n<title>Figue S\u00e8che - tirourda<\/title>\n<meta name=\"description\" content=\"Figue s\u00e8che naturelle, douce et nutritive. Parfaite pour collations, p\u00e2tisseries et recettes saines. 100 % pure et riche en fibres\" \/>\n<meta name=\"robots\" content=\"index, follow, max-snippet:-1, max-image-preview:large, max-video-preview:-1\" \/>\n<link rel=\"canonical\" href=\"https:\/\/tirourda.store\/ar\/product\/figue-seche-250g-figue-seche-figue-naturelle-fruits-secs-collations-saines-patisseries-naturelles-fibre-alimentaire\/\" \/>\n<meta property=\"og:locale\" content=\"ar_AR\" \/>\n<meta property=\"og:type\" content=\"article\" \/>\n<meta property=\"og:title\" content=\"Figue S\u00e8che - tirourda\" \/>\n<meta property=\"og:description\" content=\"Figue s\u00e8che naturelle, douce et nutritive. Parfaite pour collations, p\u00e2tisseries et recettes saines. 100 % pure et riche en fibres\" \/>\n<meta property=\"og:url\" content=\"https:\/\/tirourda.store\/ar\/product\/figue-seche-250g-figue-seche-figue-naturelle-fruits-secs-collations-saines-patisseries-naturelles-fibre-alimentaire\/\" \/>\n<meta property=\"og:site_name\" content=\"tirourda\" \/>\n<meta property=\"article:modified_time\" content=\"2026-02-22T22:08:57+00:00\" \/>\n<meta property=\"og:image\" content=\"https:\/\/tirourda.store\/wp-content\/uploads\/2026\/02\/Capture-decran-2026-02-16-230439.png\" \/>\n\t<meta property=\"og:image:width\" content=\"763\" \/>\n\t<meta property=\"og:image:height\" content=\"642\" \/>\n\t<meta property=\"og:image:type\" content=\"image\/png\" \/>\n<meta name=\"twitter:card\" content=\"summary_large_image\" \/>\n<meta name=\"twitter:label1\" content=\"\u0648\u0642\u062a \u0627\u0644\u0642\u0631\u0627\u0621\u0629 \u0627\u0644\u0645\u064f\u0642\u062f\u0651\u0631\" \/>\n\t<meta name=\"twitter:data1\" content=\"\u062f\u0642\u064a\u0642\u0629 \u0648\u0627\u062d\u062f\u0629\" \/>\n<script type=\"application\/ld+json\" class=\"yoast-schema-graph\">{\"@context\":\"https:\/\/schema.org\",\"@graph\":[{\"@type\":\"WebPage\",\"@id\":\"https:\/\/tirourda.store\/produit\/figue-seche-250g-figue-seche-figue-naturelle-fruits-secs-collations-saines-patisseries-naturelles-fibre-alimentaire\/\",\"url\":\"https:\/\/tirourda.store\/produit\/figue-seche-250g-figue-seche-figue-naturelle-fruits-secs-collations-saines-patisseries-naturelles-fibre-alimentaire\/\",\"name\":\"Figue S\u00e8che - tirourda\",\"isPartOf\":{\"@id\":\"https:\/\/tirourda.store\/#website\"},\"primaryImageOfPage\":{\"@id\":\"https:\/\/tirourda.store\/produit\/figue-seche-250g-figue-seche-figue-naturelle-fruits-secs-collations-saines-patisseries-naturelles-fibre-alimentaire\/#primaryimage\"},\"image\":{\"@id\":\"https:\/\/tirourda.store\/produit\/figue-seche-250g-figue-seche-figue-naturelle-fruits-secs-collations-saines-patisseries-naturelles-fibre-alimentaire\/#primaryimage\"},\"thumbnailUrl\":\"https:\/\/tirourda.store\/wp-content\/uploads\/2026\/02\/Capture-decran-2026-02-16-230439.png\",\"datePublished\":\"2026-02-16T22:13:38+00:00\",\"dateModified\":\"2026-02-22T22:08:57+00:00\",\"description\":\"Figue s\u00e8che naturelle, douce et nutritive. Parfaite pour collations, p\u00e2tisseries et recettes saines. 100 % pure et riche en fibres\",\"breadcrumb\":{\"@id\":\"https:\/\/tirourda.store\/produit\/figue-seche-250g-figue-seche-figue-naturelle-fruits-secs-collations-saines-patisseries-naturelles-fibre-alimentaire\/#breadcrumb\"},\"inLanguage\":\"ar\",\"potentialAction\":[{\"@type\":\"ReadAction\",\"target\":[\"https:\/\/tirourda.store\/produit\/figue-seche-250g-figue-seche-figue-naturelle-fruits-secs-collations-saines-patisseries-naturelles-fibre-alimentaire\/\"]}]},{\"@type\":\"ImageObject\",\"inLanguage\":\"ar\",\"@id\":\"https:\/\/tirourda.store\/produit\/figue-seche-250g-figue-seche-figue-naturelle-fruits-secs-collations-saines-patisseries-naturelles-fibre-alimentaire\/#primaryimage\",\"url\":\"https:\/\/tirourda.store\/wp-content\/uploads\/2026\/02\/Capture-decran-2026-02-16-230439.png\",\"contentUrl\":\"https:\/\/tirourda.store\/wp-content\/uploads\/2026\/02\/Capture-decran-2026-02-16-230439.png\",\"width\":763,\"height\":642},{\"@type\":\"BreadcrumbList\",\"@id\":\"https:\/\/tirourda.store\/produit\/figue-seche-250g-figue-seche-figue-naturelle-fruits-secs-collations-saines-patisseries-naturelles-fibre-alimentaire\/#breadcrumb\",\"itemListElement\":[{\"@type\":\"ListItem\",\"position\":1,\"name\":\"Accueil\",\"item\":\"https:\/\/tirourda.store\/\"},{\"@type\":\"ListItem\",\"position\":2,\"name\":\"Products\",\"item\":\"https:\/\/tirourda.store\/products\/\"},{\"@type\":\"ListItem\",\"position\":3,\"name\":\"Figue S\u00e8che\"}]},{\"@type\":\"WebSite\",\"@id\":\"https:\/\/tirourda.store\/#website\",\"url\":\"https:\/\/tirourda.store\/\",\"name\":\"tirourda\",\"description\":\"\",\"publisher\":{\"@id\":\"https:\/\/tirourda.store\/#organization\"},\"potentialAction\":[{\"@type\":\"SearchAction\",\"target\":{\"@type\":\"EntryPoint\",\"urlTemplate\":\"https:\/\/tirourda.store\/?s={search_term_string}\"},\"query-input\":{\"@type\":\"PropertyValueSpecification\",\"valueRequired\":true,\"valueName\":\"search_term_string\"}}],\"inLanguage\":\"ar\"},{\"@type\":\"Organization\",\"@id\":\"https:\/\/tirourda.store\/#organization\",\"name\":\"tirourda\",\"url\":\"https:\/\/tirourda.store\/\",\"logo\":{\"@type\":\"ImageObject\",\"inLanguage\":\"ar\",\"@id\":\"https:\/\/tirourda.store\/#\/schema\/logo\/image\/\",\"url\":\"https:\/\/tirourda.store\/wp-content\/uploads\/2025\/07\/5.png\",\"contentUrl\":\"https:\/\/tirourda.store\/wp-content\/uploads\/2025\/07\/5.png\",\"width\":707,\"height\":239,\"caption\":\"tirourda\"},\"image\":{\"@id\":\"https:\/\/tirourda.store\/#\/schema\/logo\/image\/\"},\"sameAs\":[\"https:\/\/www.instagram.com\/tirou_rda\/\"]}]}<\/script>\n<!-- \/ Yoast SEO plugin. -->","yoast_head_json":{"title":"Figue S\u00e8che - tirourda","description":"Figue s\u00e8che naturelle, douce et nutritive. Parfaite pour collations, p\u00e2tisseries et recettes saines. 100 % pure et riche en fibres","robots":{"index":"index","follow":"follow","max-snippet":"max-snippet:-1","max-image-preview":"max-image-preview:large","max-video-preview":"max-video-preview:-1"},"canonical":"https:\/\/tirourda.store\/ar\/product\/figue-seche-250g-figue-seche-figue-naturelle-fruits-secs-collations-saines-patisseries-naturelles-fibre-alimentaire\/","og_locale":"ar_AR","og_type":"article","og_title":"Figue S\u00e8che - tirourda","og_description":"Figue s\u00e8che naturelle, douce et nutritive. Parfaite pour collations, p\u00e2tisseries et recettes saines. 100 % pure et riche en fibres","og_url":"https:\/\/tirourda.store\/ar\/product\/figue-seche-250g-figue-seche-figue-naturelle-fruits-secs-collations-saines-patisseries-naturelles-fibre-alimentaire\/","og_site_name":"tirourda","article_modified_time":"2026-02-22T22:08:57+00:00","og_image":[{"width":763,"height":642,"url":"https:\/\/tirourda.store\/wp-content\/uploads\/2026\/02\/Capture-decran-2026-02-16-230439.png","type":"image\/png"}],"twitter_card":"summary_large_image","twitter_misc":{"\u0648\u0642\u062a \u0627\u0644\u0642\u0631\u0627\u0621\u0629 \u0627\u0644\u0645\u064f\u0642\u062f\u0651\u0631":"\u062f\u0642\u064a\u0642\u0629 \u0648\u0627\u062d\u062f\u0629"},"schema":{"@context":"https:\/\/schema.org","@graph":[{"@type":"WebPage","@id":"https:\/\/tirourda.store\/produit\/figue-seche-250g-figue-seche-figue-naturelle-fruits-secs-collations-saines-patisseries-naturelles-fibre-alimentaire\/","url":"https:\/\/tirourda.store\/produit\/figue-seche-250g-figue-seche-figue-naturelle-fruits-secs-collations-saines-patisseries-naturelles-fibre-alimentaire\/","name":"Figue S\u00e8che - tirourda","isPartOf":{"@id":"https:\/\/tirourda.store\/#website"},"primaryImageOfPage":{"@id":"https:\/\/tirourda.store\/produit\/figue-seche-250g-figue-seche-figue-naturelle-fruits-secs-collations-saines-patisseries-naturelles-fibre-alimentaire\/#primaryimage"},"image":{"@id":"https:\/\/tirourda.store\/produit\/figue-seche-250g-figue-seche-figue-naturelle-fruits-secs-collations-saines-patisseries-naturelles-fibre-alimentaire\/#primaryimage"},"thumbnailUrl":"https:\/\/tirourda.store\/wp-content\/uploads\/2026\/02\/Capture-decran-2026-02-16-230439.png","datePublished":"2026-02-16T22:13:38+00:00","dateModified":"2026-02-22T22:08:57+00:00","description":"Figue s\u00e8che naturelle, douce et nutritive. Parfaite pour collations, p\u00e2tisseries et recettes saines. 100 % pure et riche en fibres","breadcrumb":{"@id":"https:\/\/tirourda.store\/produit\/figue-seche-250g-figue-seche-figue-naturelle-fruits-secs-collations-saines-patisseries-naturelles-fibre-alimentaire\/#breadcrumb"},"inLanguage":"ar","potentialAction":[{"@type":"ReadAction","target":["https:\/\/tirourda.store\/produit\/figue-seche-250g-figue-seche-figue-naturelle-fruits-secs-collations-saines-patisseries-naturelles-fibre-alimentaire\/"]}]},{"@type":"ImageObject","inLanguage":"ar","@id":"https:\/\/tirourda.store\/produit\/figue-seche-250g-figue-seche-figue-naturelle-fruits-secs-collations-saines-patisseries-naturelles-fibre-alimentaire\/#primaryimage","url":"https:\/\/tirourda.store\/wp-content\/uploads\/2026\/02\/Capture-decran-2026-02-16-230439.png","contentUrl":"https:\/\/tirourda.store\/wp-content\/uploads\/2026\/02\/Capture-decran-2026-02-16-230439.png","width":763,"height":642},{"@type":"BreadcrumbList","@id":"https:\/\/tirourda.store\/produit\/figue-seche-250g-figue-seche-figue-naturelle-fruits-secs-collations-saines-patisseries-naturelles-fibre-alimentaire\/#breadcrumb","itemListElement":[{"@type":"ListItem","position":1,"name":"Accueil","item":"https:\/\/tirourda.store\/"},{"@type":"ListItem","position":2,"name":"Products","item":"https:\/\/tirourda.store\/products\/"},{"@type":"ListItem","position":3,"name":"Figue S\u00e8che"}]},{"@type":"WebSite","@id":"https:\/\/tirourda.store\/#website","url":"https:\/\/tirourda.store\/","name":"tirourda","description":"","publisher":{"@id":"https:\/\/tirourda.store\/#organization"},"potentialAction":[{"@type":"SearchAction","target":{"@type":"EntryPoint","urlTemplate":"https:\/\/tirourda.store\/?s={search_term_string}"},"query-input":{"@type":"PropertyValueSpecification","valueRequired":true,"valueName":"search_term_string"}}],"inLanguage":"ar"},{"@type":"Organization","@id":"https:\/\/tirourda.store\/#organization","name":"tirourda","url":"https:\/\/tirourda.store\/","logo":{"@type":"ImageObject","inLanguage":"ar","@id":"https:\/\/tirourda.store\/#\/schema\/logo\/image\/","url":"https:\/\/tirourda.store\/wp-content\/uploads\/2025\/07\/5.png","contentUrl":"https:\/\/tirourda.store\/wp-content\/uploads\/2025\/07\/5.png","width":707,"height":239,"caption":"tirourda"},"image":{"@id":"https:\/\/tirourda.store\/#\/schema\/logo\/image\/"},"sameAs":["https:\/\/www.instagram.com\/tirou_rda\/"]}]}},"_links":{"self":[{"href":"https:\/\/tirourda.store\/ar\/wp-json\/wp\/v2\/product\/2344","targetHints":{"allow":["GET"]}}],"collection":[{"href":"https:\/\/tirourda.store\/ar\/wp-json\/wp\/v2\/product"}],"about":[{"href":"https:\/\/tirourda.store\/ar\/wp-json\/wp\/v2\/types\/product"}],"replies":[{"embeddable":true,"href":"https:\/\/tirourda.store\/ar\/wp-json\/wp\/v2\/comments?post=2344"}],"wp:featuredmedia":[{"embeddable":true,"href":"https:\/\/tirourda.store\/ar\/wp-json\/wp\/v2\/media\/2345"}],"wp:attachment":[{"href":"https:\/\/tirourda.store\/ar\/wp-json\/wp\/v2\/media?parent=2344"}],"wp:term":[{"taxonomy":"product_brand","embeddable":true,"href":"https:\/\/tirourda.store\/ar\/wp-json\/wp\/v2\/product_brand?post=2344"},{"taxonomy":"product_cat","embeddable":true,"href":"https:\/\/tirourda.store\/ar\/wp-json\/wp\/v2\/product_cat?post=2344"},{"taxonomy":"product_tag","embeddable":true,"href":"https:\/\/tirourda.store\/ar\/wp-json\/wp\/v2\/product_tag?post=2344"}],"curies":[{"name":"wp","href":"https:\/\/api.w.org\/{rel}","templated":true}]}}