{"id":2398,"date":"2026-03-09T10:09:44","date_gmt":"2026-03-09T09:09:44","guid":{"rendered":"https:\/\/tirourda.store\/?post_type=product&#038;p=2398"},"modified":"2026-03-09T21:32:36","modified_gmt":"2026-03-09T20:32:36","slug":"piment-rouge-fort","status":"publish","type":"product","link":"https:\/\/tirourda.store\/ar\/product\/piment-rouge-fort\/","title":{"rendered":"\u0627\u0644\u0641\u0644\u0641\u0644 \u0627\u0644\u0623\u062d\u0645\u0631 \u0627\u0644\u062d\u0627\u0631"},"content":{"rendered":"<p data-start=\"600\" data-end=\"876\" class=\"translation-block\">\u064a\u064f\u0639\u062f \u0627\u0644\u0641\u0644\u0641\u0644 \u0627\u0644\u0623\u062d\u0645\u0631 \u0627\u0644\u062d\u0627\u0631 \u0645\u0646 \u0623\u0634\u0647\u0631 \u0627\u0644\u062a\u0648\u0627\u0628\u0644 \u0627\u0644\u0645\u0633\u062a\u062e\u062f\u0645\u0629 \u0641\u064a \u0627\u0644\u0645\u0637\u0627\u0628\u062e \u062d\u0648\u0644 \u0627\u0644\u0639\u0627\u0644\u0645 \u0628\u0641\u0636\u0644 \u0646\u0643\u0647\u062a\u0647 \u0627\u0644\u0642\u0648\u064a\u0629 \u0648\u0637\u0639\u0645\u0647 \u0627\u0644\u062d\u0627\u0631 \u0627\u0644\u0645\u0645\u064a\u0632. \u064a\u062a\u0645 \u0627\u062e\u062a\u064a\u0627\u0631\u0647 \u0628\u0639\u0646\u0627\u064a\u0629 \u0648\u062a\u062c\u0641\u064a\u0641\u0647 \u0628\u0637\u0631\u064a\u0642\u0629 \u0637\u0628\u064a\u0639\u064a\u0629 \u0644\u0644\u062d\u0641\u0627\u0638 \u0639\u0644\u0649 \u0644\u0648\u0646\u0647 \u0627\u0644\u0623\u062d\u0645\u0631 \u0627\u0644\u0632\u0627\u0647\u064a \u0648\u0631\u0627\u0626\u062d\u062a\u0647 \u0627\u0644\u0639\u0637\u0631\u064a\u0629 \u0627\u0644\u063a\u0646\u064a<\/p>\n<p data-start=\"878\" data-end=\"1092\" class=\"translation-block\">\u064a\u064f\u0633\u062a\u062e\u062f\u0645 \u0647\u0630\u0627 \u0627\u0644\u0646\u0648\u0639 \u0645\u0646 \u0627\u0644\u062a\u0648\u0627\u0628\u0644 \u0644\u0625\u0636\u0627\u0641\u0629 \u0646\u0643\u0647\u0629 \u0645\u0645\u064a\u0632\u0629 \u0625\u0644\u0649 \u0627\u0644\u0639\u062f\u064a\u062f \u0645\u0646 \u0627\u0644\u0623\u0637\u0628\u0627\u0642 \u0645\u062b\u0644 \u0627\u0644\u0635\u0644\u0635\u0627\u062a\u060c \u0627\u0644\u0645\u0634\u0648\u064a\u0627\u062a\u060c \u0627\u0644\u0623\u0637\u0628\u0627\u0642 \u0627\u0644\u0645\u0637\u0647\u064a\u0629\u060c \u0648\u0627\u0644\u0648\u062c\u0628\u0627\u062a \u0627\u0644\u062a\u0642\u0644\u064a\u062f\u064a\u0629 \u0645\u062b\u0644 \u0627\u0644\u0643\u0633\u0643\u0633 \u0648\u0627\u0644\u0637\u0648\u0627\u062c\u0646 \u0648\u0627\u0644\u062a\u062a\u0628\u064a\u0644\u0627\u062a \u0627\u0644\u0645\u062e\u062a\u0644\u0641\u0629<\/p>\n<p data-start=\"1094\" data-end=\"1260\" class=\"translation-block\">\u0625\u0644\u0649 \u062c\u0627\u0646\u0628 \u0645\u0630\u0627\u0642\u0647 \u0627\u0644\u0642\u0648\u064a\u060c \u064a\u062d\u062a\u0648\u064a \u0627\u0644\u0641\u0644\u0641\u0644 \u0627\u0644\u0623\u062d\u0645\u0631 \u0639\u0644\u0649 \u0645\u0627\u062f\u0629 \u0627\u0644\u0643\u0627\u0628\u0633\u064a\u0633\u064a\u0646 \u0627\u0644\u0645\u0639\u0631\u0648\u0641\u0629 \u0628\u062f\u0648\u0631\u0647\u0627 \u0641\u064a \u062a\u0646\u0634\u064a\u0637 \u0639\u0645\u0644\u064a\u0629 \u0627\u0644\u0623\u064a\u0636 \u0648\u0627\u0644\u0645\u0633\u0627\u0639\u062f\u0629 \u0639\u0644\u0649 \u062a\u062d\u0633\u064a\u0646 \u0627\u0644\u0647\u0636\u0645.<\/p>\n<p data-start=\"1262\" data-end=\"1406\" class=\"translation-block\">\u0628\u0641\u0636\u0644 \u0642\u0648\u062a\u0647 \u0641\u064a \u0627\u0644\u0646\u0643\u0647\u0629\u060c \u062a\u0643\u0641\u064a \u0643\u0645\u064a\u0629 \u0635\u063a\u064a\u0631\u0629 \u0645\u0646\u0647 \u0644\u0625\u0636\u0641\u0627\u0621 \u062d\u0631\u0627\u0631\u0629 \u0648\u0637\u0639\u0645 \u0623\u0635\u064a\u0644 \u0639\u0644\u0649 \u0623\u0637\u0628\u0627\u0642\u0643 \u0627\u0644\u064a\u0648\u0645\u064a\u0629<\/p>\n<h2 data-section-id=\"1ds98zt\" data-start=\"1413\" data-end=\"1445\">\u2714 \u0645\u0645\u064a\u0632\u0627\u062a \u0627\u0644\u0645\u0646\u062a\u062c<\/h2>\n<ul data-start=\"1447\" data-end=\"1642\">\n<li data-section-id=\"z28vzh\" data-start=\"1447\" data-end=\"1481\">\n<p data-start=\"1449\" data-end=\"1481\">\ud83c\udf36\ufe0f \u0641\u0644\u0641\u0644 \u0623\u062d\u0645\u0631 \u0637\u0628\u064a\u0639\u064a 100\u066a<\/p>\n<\/li>\n<li data-section-id=\"u3cpuf\" data-start=\"1482\" data-end=\"1519\">\n<p data-start=\"1484\" data-end=\"1519\">\ud83c\udf3f \u0628\u062f\u0648\u0646 \u0645\u0648\u0627\u062f \u062d\u0627\u0641\u0638\u0629 \u0623\u0648 \u0625\u0636\u0627\u0641\u0627\u062a<\/p>\n<\/li>\n<li data-section-id=\"10myyy\" data-start=\"1520\" data-end=\"1553\">\n<p data-start=\"1522\" data-end=\"1553\">\u0646\u0643\u0647\u0629 \u0642\u0648\u064a\u0629 \u0648\u062d\u0627\u0631\u0629<\/p>\n<\/li>\n<li data-section-id=\"t6z3ka\" data-start=\"1554\" data-end=\"1606\">\n<p data-start=\"1556\" data-end=\"1606\">\ud83c\udf7d\ufe0f \u0645\u0646\u0627\u0633\u0628 \u0644\u0644\u0645\u0637\u0628\u062e \u0627\u0644\u062a\u0642\u0644\u064a\u062f\u064a \u0648\u0627\u0644\u062d\u062f\u064a\u062b<\/p>\n<\/li>\n<li data-section-id=\"60rbez\" data-start=\"1607\" data-end=\"1642\">\n<p data-start=\"1609\" data-end=\"1642\">\u2764\ufe0f \u063a\u0646\u064a \u0628\u0645\u0636\u0627\u062f\u0627\u062a \u0627\u0644\u0623\u0643\u0633\u062f\u0629 \u0627\u0644\u0637\u0628\u064a\u0639\u064a\u0629<\/p>\n<\/li>\n<\/ul>\n<hr data-start=\"1644\" data-end=\"1647\" \/>\n<h2 data-section-id=\"5som8n\" data-start=\"1649\" data-end=\"1678\">\ud83c\udf7d\ufe0f \u0637\u0631\u064a\u0642\u0629 \u0627\u0644\u0627\u0633\u062a\u0639\u0645\u0627\u0644<\/h2>\n<p data-start=\"1680\" data-end=\"1729\">\u0627\u0644 <strong data-start=\"1683\" data-end=\"1704\">\u0627\u0644\u0641\u0644\u0641\u0644 \u0627\u0644\u0623\u062d\u0645\u0631 \u0627\u0644\u062d\u0627\u0631<\/strong> peut \u00eatre utilis\u00e9 pour :<\/p>\n<ul data-start=\"1731\" data-end=\"1917\">\n<li data-section-id=\"w3qtvj\" data-start=\"1731\" data-end=\"1753\">\n<p data-start=\"1733\" data-end=\"1753\">\u062a\u062a\u0628\u064a\u0644 \u0627\u0644\u0635\u0644\u0635\u0627\u062a<\/p>\n<\/li>\n<li data-section-id=\"bjv3fh\" data-start=\"1754\" data-end=\"1789\">\n<p data-start=\"1756\" data-end=\"1789\">\u0625\u0636\u0627\u0641\u0629 \u0646\u0643\u0647\u0629 \u0644\u0644\u0651\u062d\u0648\u0645 \u0648\u0627\u0644\u0623\u0633\u0645\u0627\u0643<\/p>\n<\/li>\n<li data-section-id=\"zr6ktf\" data-start=\"1790\" data-end=\"1825\">\n<p data-start=\"1792\" data-end=\"1825\">\u062a\u062d\u0636\u064a\u0631 \u0627\u0644\u062a\u062a\u0628\u064a\u0644\u0627\u062a \u0648\u0627\u0644\u0645\u0634\u0648\u064a\u0627\u062a<\/p>\n<\/li>\n<li data-section-id=\"48bn8k\" data-start=\"1826\" data-end=\"1873\">\n<p data-start=\"1828\" data-end=\"1873\">\u0625\u0636\u0641\u0627\u0621 \u0646\u0643\u0647\u0629 \u0645\u0645\u064a\u0632\u0629 \u0639\u0644\u0649 \u0627\u0644\u0643\u0633\u0643\u0633 \u0648\u0627\u0644\u0637\u0648\u0627\u062c\u0646<\/p>\n<\/li>\n<li data-section-id=\"1y0vpem\" data-start=\"1874\" data-end=\"1917\">\n<p data-start=\"1876\" data-end=\"1917\">\u0625\u0636\u0627\u0641\u0629 \u0644\u0645\u0633\u0629 \u062d\u0627\u0631\u0629 \u0644\u0644\u0634\u0648\u0631\u0628\u0627\u062a \u0648\u0627\u0644\u062e\u0636\u0631\u0648\u0627\u062a<\/p>\n<\/li>\n<\/ul>","protected":false},"excerpt":{"rendered":"<p class=\"translation-block\">\u0627\u0644\u0641\u0644\u0641\u0644 \u0627\u0644\u0623\u062d\u0645\u0631 \u0627\u0644\u062d\u0627\u0631 \u0647\u0648 \u0645\u0646 \u0627\u0644\u062a\u0648\u0627\u0628\u0644 \u0627\u0644\u0623\u0633\u0627\u0633\u064a\u0629 \u0627\u0644\u062a\u064a \u062a\u0636\u064a\u0641 \u0646\u0643\u0647\u0629 \u0642\u0648\u064a\u0629 \u0648\u0645\u0645\u064a\u0632\u0629 \u0644\u0623\u0637\u0628\u0627\u0642\u0643. \u064a\u062a\u0645\u064a\u0632 \u0628\u0637\u0639\u0645\u0647 \u0627\u0644\u062d\u0627\u0631 \u0648\u0627\u0644\u0645\u0643\u062b\u0641 \u0627\u0644\u0630\u064a \u064a\u062b\u0631\u064a \u0627\u0644\u0635\u0644\u0635\u0627\u062a \u0648\u0627\u0644\u0644\u062d\u0648\u0645 \u0648\u0627\u0644\u0643\u0633\u0643\u0633 \u0648\u0627\u0644\u0623\u0637\u0628\u0627\u0642 \u0627\u0644\u062a\u0642\u0644\u064a\u062f\u064a\u0629.\n\u063a\u0646\u064a\u0651 \u0628\u0640 \u0645\u0627\u062f\u0629 \u0627\u0644\u0643\u0627\u0628\u0633\u064a\u0633\u064a\u0646 \u0648\u0645\u0636\u0627\u062f\u0627\u062a \u0627\u0644\u0623\u0643\u0633\u062f\u0629\u060c \u0645\u0645\u0627 \u064a\u0645\u0646\u062d \u0623\u0637\u0628\u0627\u0642\u0643 \u0637\u0639\u0645\u0627\u064b \u0644\u0630\u064a\u0630\u0627\u064b \u0645\u0639 \u0641\u0648\u0627\u0626\u062f \u0637\u0628\u064a\u0639\u064a\u0629.<\/p>","protected":false},"featured_media":2399,"comment_status":"closed","ping_status":"closed","template":"","meta":[],"product_brand":[],"product_cat":[16],"product_tag":[],"class_list":{"0":"post-2398","1":"product","2":"type-product","3":"status-publish","4":"has-post-thumbnail","6":"product_cat-non-classe","8":"first","9":"instock","10":"taxable","11":"shipping-taxable","12":"purchasable","13":"product-type-simple"},"yoast_head":"<!-- This site is optimized with the Yoast SEO plugin v26.4 - https:\/\/yoast.com\/wordpress\/plugins\/seo\/ -->\n<title>piment rouge fort - tirourda<\/title>\n<meta name=\"description\" content=\"Achetez du piment rouge fort naturel de qualit\u00e9. Une \u00e9pice puissante et aromatique id\u00e9ale pour relever sauces, viandes, couscous et plats traditionnels.\" \/>\n<meta name=\"robots\" content=\"index, follow, max-snippet:-1, max-image-preview:large, max-video-preview:-1\" \/>\n<link rel=\"canonical\" href=\"https:\/\/tirourda.store\/ar\/product\/piment-rouge-fort\/\" \/>\n<meta property=\"og:locale\" content=\"ar_AR\" \/>\n<meta property=\"og:type\" content=\"article\" \/>\n<meta property=\"og:title\" content=\"piment rouge fort - tirourda\" \/>\n<meta property=\"og:description\" content=\"Achetez du piment rouge fort naturel de qualit\u00e9. Une \u00e9pice puissante et aromatique id\u00e9ale pour relever sauces, viandes, couscous et plats traditionnels.\" \/>\n<meta property=\"og:url\" content=\"https:\/\/tirourda.store\/ar\/product\/piment-rouge-fort\/\" \/>\n<meta property=\"og:site_name\" content=\"tirourda\" \/>\n<meta property=\"article:modified_time\" content=\"2026-03-09T20:32:36+00:00\" \/>\n<meta property=\"og:image\" content=\"https:\/\/tirourda.store\/wp-content\/uploads\/2026\/03\/WhatsApp-Image-2026-03-08-at-2.51.29-PM-4.jpeg\" \/>\n\t<meta property=\"og:image:width\" content=\"1090\" \/>\n\t<meta property=\"og:image:height\" content=\"1280\" \/>\n\t<meta property=\"og:image:type\" content=\"image\/jpeg\" \/>\n<meta name=\"twitter:card\" content=\"summary_large_image\" \/>\n<meta name=\"twitter:label1\" content=\"\u0648\u0642\u062a \u0627\u0644\u0642\u0631\u0627\u0621\u0629 \u0627\u0644\u0645\u064f\u0642\u062f\u0651\u0631\" \/>\n\t<meta name=\"twitter:data1\" content=\"\u062f\u0642\u064a\u0642\u062a\u0627\u0646\" \/>\n<script type=\"application\/ld+json\" class=\"yoast-schema-graph\">{\"@context\":\"https:\/\/schema.org\",\"@graph\":[{\"@type\":\"WebPage\",\"@id\":\"https:\/\/tirourda.store\/produit\/piment-rouge-fort\/\",\"url\":\"https:\/\/tirourda.store\/produit\/piment-rouge-fort\/\",\"name\":\"piment rouge fort - tirourda\",\"isPartOf\":{\"@id\":\"https:\/\/tirourda.store\/#website\"},\"primaryImageOfPage\":{\"@id\":\"https:\/\/tirourda.store\/produit\/piment-rouge-fort\/#primaryimage\"},\"image\":{\"@id\":\"https:\/\/tirourda.store\/produit\/piment-rouge-fort\/#primaryimage\"},\"thumbnailUrl\":\"https:\/\/tirourda.store\/wp-content\/uploads\/2026\/03\/WhatsApp-Image-2026-03-08-at-2.51.29-PM-4.jpeg\",\"datePublished\":\"2026-03-09T09:09:44+00:00\",\"dateModified\":\"2026-03-09T20:32:36+00:00\",\"description\":\"Achetez du piment rouge fort naturel de qualit\u00e9. Une \u00e9pice puissante et aromatique id\u00e9ale pour relever sauces, viandes, couscous et plats traditionnels.\",\"breadcrumb\":{\"@id\":\"https:\/\/tirourda.store\/produit\/piment-rouge-fort\/#breadcrumb\"},\"inLanguage\":\"ar\",\"potentialAction\":[{\"@type\":\"ReadAction\",\"target\":[\"https:\/\/tirourda.store\/produit\/piment-rouge-fort\/\"]}]},{\"@type\":\"ImageObject\",\"inLanguage\":\"ar\",\"@id\":\"https:\/\/tirourda.store\/produit\/piment-rouge-fort\/#primaryimage\",\"url\":\"https:\/\/tirourda.store\/wp-content\/uploads\/2026\/03\/WhatsApp-Image-2026-03-08-at-2.51.29-PM-4.jpeg\",\"contentUrl\":\"https:\/\/tirourda.store\/wp-content\/uploads\/2026\/03\/WhatsApp-Image-2026-03-08-at-2.51.29-PM-4.jpeg\",\"width\":1090,\"height\":1280},{\"@type\":\"BreadcrumbList\",\"@id\":\"https:\/\/tirourda.store\/produit\/piment-rouge-fort\/#breadcrumb\",\"itemListElement\":[{\"@type\":\"ListItem\",\"position\":1,\"name\":\"Accueil\",\"item\":\"https:\/\/tirourda.store\/\"},{\"@type\":\"ListItem\",\"position\":2,\"name\":\"Products\",\"item\":\"https:\/\/tirourda.store\/products\/\"},{\"@type\":\"ListItem\",\"position\":3,\"name\":\"piment rouge fort\"}]},{\"@type\":\"WebSite\",\"@id\":\"https:\/\/tirourda.store\/#website\",\"url\":\"https:\/\/tirourda.store\/\",\"name\":\"tirourda\",\"description\":\"\",\"publisher\":{\"@id\":\"https:\/\/tirourda.store\/#organization\"},\"potentialAction\":[{\"@type\":\"SearchAction\",\"target\":{\"@type\":\"EntryPoint\",\"urlTemplate\":\"https:\/\/tirourda.store\/?s={search_term_string}\"},\"query-input\":{\"@type\":\"PropertyValueSpecification\",\"valueRequired\":true,\"valueName\":\"search_term_string\"}}],\"inLanguage\":\"ar\"},{\"@type\":\"Organization\",\"@id\":\"https:\/\/tirourda.store\/#organization\",\"name\":\"tirourda\",\"url\":\"https:\/\/tirourda.store\/\",\"logo\":{\"@type\":\"ImageObject\",\"inLanguage\":\"ar\",\"@id\":\"https:\/\/tirourda.store\/#\/schema\/logo\/image\/\",\"url\":\"https:\/\/tirourda.store\/wp-content\/uploads\/2025\/07\/5.png\",\"contentUrl\":\"https:\/\/tirourda.store\/wp-content\/uploads\/2025\/07\/5.png\",\"width\":707,\"height\":239,\"caption\":\"tirourda\"},\"image\":{\"@id\":\"https:\/\/tirourda.store\/#\/schema\/logo\/image\/\"},\"sameAs\":[\"https:\/\/www.instagram.com\/tirou_rda\/\"]}]}<\/script>\n<!-- \/ Yoast SEO plugin. -->","yoast_head_json":{"title":"piment rouge fort - tirourda","description":"Achetez du piment rouge fort naturel de qualit\u00e9. Une \u00e9pice puissante et aromatique id\u00e9ale pour relever sauces, viandes, couscous et plats traditionnels.","robots":{"index":"index","follow":"follow","max-snippet":"max-snippet:-1","max-image-preview":"max-image-preview:large","max-video-preview":"max-video-preview:-1"},"canonical":"https:\/\/tirourda.store\/ar\/product\/piment-rouge-fort\/","og_locale":"ar_AR","og_type":"article","og_title":"piment rouge fort - tirourda","og_description":"Achetez du piment rouge fort naturel de qualit\u00e9. Une \u00e9pice puissante et aromatique id\u00e9ale pour relever sauces, viandes, couscous et plats traditionnels.","og_url":"https:\/\/tirourda.store\/ar\/product\/piment-rouge-fort\/","og_site_name":"tirourda","article_modified_time":"2026-03-09T20:32:36+00:00","og_image":[{"width":1090,"height":1280,"url":"https:\/\/tirourda.store\/wp-content\/uploads\/2026\/03\/WhatsApp-Image-2026-03-08-at-2.51.29-PM-4.jpeg","type":"image\/jpeg"}],"twitter_card":"summary_large_image","twitter_misc":{"\u0648\u0642\u062a \u0627\u0644\u0642\u0631\u0627\u0621\u0629 \u0627\u0644\u0645\u064f\u0642\u062f\u0651\u0631":"\u062f\u0642\u064a\u0642\u062a\u0627\u0646"},"schema":{"@context":"https:\/\/schema.org","@graph":[{"@type":"WebPage","@id":"https:\/\/tirourda.store\/produit\/piment-rouge-fort\/","url":"https:\/\/tirourda.store\/produit\/piment-rouge-fort\/","name":"piment rouge fort - tirourda","isPartOf":{"@id":"https:\/\/tirourda.store\/#website"},"primaryImageOfPage":{"@id":"https:\/\/tirourda.store\/produit\/piment-rouge-fort\/#primaryimage"},"image":{"@id":"https:\/\/tirourda.store\/produit\/piment-rouge-fort\/#primaryimage"},"thumbnailUrl":"https:\/\/tirourda.store\/wp-content\/uploads\/2026\/03\/WhatsApp-Image-2026-03-08-at-2.51.29-PM-4.jpeg","datePublished":"2026-03-09T09:09:44+00:00","dateModified":"2026-03-09T20:32:36+00:00","description":"Achetez du piment rouge fort naturel de qualit\u00e9. Une \u00e9pice puissante et aromatique id\u00e9ale pour relever sauces, viandes, couscous et plats traditionnels.","breadcrumb":{"@id":"https:\/\/tirourda.store\/produit\/piment-rouge-fort\/#breadcrumb"},"inLanguage":"ar","potentialAction":[{"@type":"ReadAction","target":["https:\/\/tirourda.store\/produit\/piment-rouge-fort\/"]}]},{"@type":"ImageObject","inLanguage":"ar","@id":"https:\/\/tirourda.store\/produit\/piment-rouge-fort\/#primaryimage","url":"https:\/\/tirourda.store\/wp-content\/uploads\/2026\/03\/WhatsApp-Image-2026-03-08-at-2.51.29-PM-4.jpeg","contentUrl":"https:\/\/tirourda.store\/wp-content\/uploads\/2026\/03\/WhatsApp-Image-2026-03-08-at-2.51.29-PM-4.jpeg","width":1090,"height":1280},{"@type":"BreadcrumbList","@id":"https:\/\/tirourda.store\/produit\/piment-rouge-fort\/#breadcrumb","itemListElement":[{"@type":"ListItem","position":1,"name":"Accueil","item":"https:\/\/tirourda.store\/"},{"@type":"ListItem","position":2,"name":"Products","item":"https:\/\/tirourda.store\/products\/"},{"@type":"ListItem","position":3,"name":"piment rouge fort"}]},{"@type":"WebSite","@id":"https:\/\/tirourda.store\/#website","url":"https:\/\/tirourda.store\/","name":"tirourda","description":"","publisher":{"@id":"https:\/\/tirourda.store\/#organization"},"potentialAction":[{"@type":"SearchAction","target":{"@type":"EntryPoint","urlTemplate":"https:\/\/tirourda.store\/?s={search_term_string}"},"query-input":{"@type":"PropertyValueSpecification","valueRequired":true,"valueName":"search_term_string"}}],"inLanguage":"ar"},{"@type":"Organization","@id":"https:\/\/tirourda.store\/#organization","name":"tirourda","url":"https:\/\/tirourda.store\/","logo":{"@type":"ImageObject","inLanguage":"ar","@id":"https:\/\/tirourda.store\/#\/schema\/logo\/image\/","url":"https:\/\/tirourda.store\/wp-content\/uploads\/2025\/07\/5.png","contentUrl":"https:\/\/tirourda.store\/wp-content\/uploads\/2025\/07\/5.png","width":707,"height":239,"caption":"tirourda"},"image":{"@id":"https:\/\/tirourda.store\/#\/schema\/logo\/image\/"},"sameAs":["https:\/\/www.instagram.com\/tirou_rda\/"]}]}},"_links":{"self":[{"href":"https:\/\/tirourda.store\/ar\/wp-json\/wp\/v2\/product\/2398","targetHints":{"allow":["GET"]}}],"collection":[{"href":"https:\/\/tirourda.store\/ar\/wp-json\/wp\/v2\/product"}],"about":[{"href":"https:\/\/tirourda.store\/ar\/wp-json\/wp\/v2\/types\/product"}],"replies":[{"embeddable":true,"href":"https:\/\/tirourda.store\/ar\/wp-json\/wp\/v2\/comments?post=2398"}],"wp:featuredmedia":[{"embeddable":true,"href":"https:\/\/tirourda.store\/ar\/wp-json\/wp\/v2\/media\/2399"}],"wp:attachment":[{"href":"https:\/\/tirourda.store\/ar\/wp-json\/wp\/v2\/media?parent=2398"}],"wp:term":[{"taxonomy":"product_brand","embeddable":true,"href":"https:\/\/tirourda.store\/ar\/wp-json\/wp\/v2\/product_brand?post=2398"},{"taxonomy":"product_cat","embeddable":true,"href":"https:\/\/tirourda.store\/ar\/wp-json\/wp\/v2\/product_cat?post=2398"},{"taxonomy":"product_tag","embeddable":true,"href":"https:\/\/tirourda.store\/ar\/wp-json\/wp\/v2\/product_tag?post=2398"}],"curies":[{"name":"wp","href":"https:\/\/api.w.org\/{rel}","templated":true}]}}