{"id":2409,"date":"2026-03-09T21:19:29","date_gmt":"2026-03-09T20:19:29","guid":{"rendered":"https:\/\/tirourda.store\/?post_type=product&#038;p=2409"},"modified":"2026-03-09T21:35:17","modified_gmt":"2026-03-09T20:35:17","slug":"paprika","status":"publish","type":"product","link":"https:\/\/tirourda.store\/ar\/product\/paprika\/","title":{"rendered":"\u0627\u0644\u0628\u0627\u0628\u0631\u064a\u0643\u0627"},"content":{"rendered":"<p data-start=\"482\" data-end=\"721\" class=\"translation-block\">\u062a\u0639\u062f \u0627\u0644\u0628\u0627\u0628\u0631\u064a\u0643\u0627 \u0645\u0646 \u0623\u0634\u0647\u0631 \u0627\u0644\u062a\u0648\u0627\u0628\u0644 \u0627\u0644\u0645\u0633\u062a\u062e\u062f\u0645\u0629 \u0641\u064a \u0627\u0644\u0639\u062f\u064a\u062f \u0645\u0646 \u0627\u0644\u0645\u0637\u0627\u0628\u062e \u062d\u0648\u0644 \u0627\u0644\u0639\u0627\u0644\u0645. \u064a\u062a\u0645 \u062a\u062d\u0636\u064a\u0631\u0647\u0627 \u0645\u0646 \u0627\u0644\u0641\u0644\u0641\u0644 \u0627\u0644\u0623\u062d\u0645\u0631 \u0627\u0644\u0630\u064a \u064a\u064f\u062c\u0641\u0641 \u0628\u0639\u0646\u0627\u064a\u0629 \u062b\u0645 \u064a\u064f\u0637\u062d\u0646 \u0644\u0644\u062d\u0635\u0648\u0644 \u0639\u0644\u0649 \u0645\u0633\u062d\u0648\u0642 \u0646\u0627\u0639\u0645 \u063a\u0646\u064a \u0628\u0627\u0644\u0646\u0643\u0647\u0629.<\/p>\n<p data-start=\"723\" data-end=\"1059\">\u062a\u062a\u0645\u064a\u0632 \u0627\u0644\u0628\u0627\u0628\u0631\u064a\u0643\u0627 \u0628\u0637\u0639\u0645\u0647\u0627 \u0627\u0644\u0645\u0639\u062a\u062f\u0644 \u0648\u0627\u0644\u0639\u0637\u0631\u064a\u060c \u0645\u0645\u0627 \u064a\u062c\u0639\u0644\u0647\u0627 \u0645\u062b\u0627\u0644\u064a\u0629 \u0644\u062a\u062a\u0628\u064a\u0644 \u0627\u0644\u0644\u062d\u0648\u0645 \u0627\u0644\u0645\u0634\u0648\u064a\u0629 \u0648\u0627\u0644\u062f\u062c\u0627\u062c \u0648\u0627\u0644\u0623\u0633\u0645\u0627\u0643\u060c \u0648\u0643\u0630\u0644\u0643 \u0644\u0625\u0636\u0627\u0641\u0629 \u0646\u0643\u0647\u0629 \u0645\u0645\u064a\u0632\u0629 \u0625\u0644\u0649 \u0627\u0644\u062e\u0636\u0631\u0648\u0627\u062a \u0648\u0627\u0644\u0635\u0644\u0635\u0627\u062a \u0648\u0627\u0644\u0634\u0648\u0631\u0628\u0627\u062a \u0648\u0627\u0644\u0645\u062e\u0644\u0644\u0627\u062a. \u0643\u0645\u0627 \u062a\u0636\u0641\u064a \u0644\u0648\u0646\u064b\u0627 \u0623\u062d\u0645\u0631 \u062c\u0630\u0627\u0628\u064b\u0627 \u0639\u0644\u0649 \u0627\u0644\u0623\u0637\u0628\u0627\u0642\u060c \u0645\u0645\u0627 \u064a\u062c\u0639\u0644\u0647\u0627 \u0623\u0643\u062b\u0631 \u0634\u0647\u064a\u0629.<\/p>\n<p data-start=\"1061\" data-end=\"1310\">\u0625\u0644\u0649 \u062c\u0627\u0646\u0628 \u0645\u0630\u0627\u0642\u0647\u0627 \u0627\u0644\u0644\u0630\u064a\u0630\u060c \u062a\u062d\u062a\u0648\u064a \u0627\u0644\u0628\u0627\u0628\u0631\u064a\u0643\u0627 \u0639\u0644\u0649 \u0645\u0636\u0627\u062f\u0627\u062a \u0623\u0643\u0633\u062f\u0629 \u0637\u0628\u064a\u0639\u064a\u0629 \u0648\u0645\u0631\u0643\u0628\u0627\u062a \u0645\u0641\u064a\u062f\u0629 \u062a\u0633\u0627\u0639\u062f \u0639\u0644\u0649 \u062f\u0639\u0645 \u0627\u0644\u0635\u062d\u0629 \u0627\u0644\u0639\u0627\u0645\u0629. \u064a\u0643\u0641\u064a \u0627\u0633\u062a\u062e\u062f\u0627\u0645 \u0643\u0645\u064a\u0629 \u0635\u063a\u064a\u0631\u0629 \u0645\u0646\u0647\u0627 \u0644\u0625\u0636\u0641\u0627\u0621 \u0644\u0648\u0646 \u0631\u0627\u0626\u0639 \u0648\u0646\u0643\u0647\u0629 \u063a\u0646\u064a\u0629 \u0639\u0644\u0649 \u0648\u0635\u0641\u0627\u062a\u0643 \u0627\u0644\u064a\u0648\u0645\u064a\u0629.<\/p>","protected":false},"excerpt":{"rendered":"<p class=\"translation-block\">\u0644\u0628\u0627\u0628\u0631\u064a\u0643\u0627 \u0647\u064a \u0628\u0647\u0627\u0631 \u0637\u0628\u064a\u0639\u064a \u0639\u0637\u0631\u064a \u064a\u062a\u0645 \u0627\u0644\u062d\u0635\u0648\u0644 \u0639\u0644\u064a\u0647 \u0645\u0646 \u0627\u0644\u0641\u0644\u0641\u0644 \u0627\u0644\u0623\u062d\u0645\u0631 \u0627\u0644\u0645\u062c\u0641\u0641 \u0648\u0627\u0644\u0645\u0637\u062d\u0648\u0646 \u0628\u0639\u0646\u0627\u064a\u0629. \u062a\u062a\u0645\u064a\u0632 \u0628\u0644\u0648\u0646\u0647\u0627 \u0627\u0644\u0623\u062d\u0645\u0631 \u0627\u0644\u062c\u0645\u064a\u0644 \u0648\u0646\u0643\u0647\u062a\u0647\u0627 \u0627\u0644\u062e\u0641\u064a\u0641\u0629 \u0627\u0644\u0645\u0627\u0626\u0644\u0629 \u0644\u0644\u062d\u0644\u0627\u0648\u0629\u060c \u0645\u0645\u0627 \u064a\u062c\u0639\u0644\u0647\u0627 \u0645\u062b\u0627\u0644\u064a\u0629 \u0644\u0625\u0636\u0627\u0641\u0629 \u0637\u0639\u0645 \u0645\u0645\u064a\u0632 \u0625\u0644\u0649 \u0627\u0644\u0644\u062d\u0648\u0645 \u0648\u0627\u0644\u062e\u0636\u0631\u0648\u0627\u062a \u0648\u0627\u0644\u0635\u0644\u0635\u0627\u062a \u0648\u0627\u0644\u0623\u0637\u0628\u0627\u0642 \u0627\u0644\u062a\u0642\u0644\u064a\u062f\u064a\u0629.<\/p>","protected":false},"featured_media":2412,"comment_status":"closed","ping_status":"closed","template":"","meta":[],"product_brand":[],"product_cat":[16],"product_tag":[99],"class_list":{"0":"post-2409","1":"product","2":"type-product","3":"status-publish","4":"has-post-thumbnail","6":"product_cat-non-classe","7":"product_tag-paprika","9":"first","10":"instock","11":"taxable","12":"shipping-taxable","13":"purchasable","14":"product-type-simple"},"yoast_head":"<!-- This site is optimized with the Yoast SEO plugin v26.4 - https:\/\/yoast.com\/wordpress\/plugins\/seo\/ -->\n<title>paprika - tirourda<\/title>\n<meta name=\"description\" content=\"Paprika naturel de qualit\u00e9 sup\u00e9rieure, \u00e9pice douce et parfum\u00e9e id\u00e9ale pour assaisonner viandes, l\u00e9gumes, sauces et plats maison. Donnez couleur et saveur \u00e0 vos recettes\" \/>\n<meta name=\"robots\" content=\"index, follow, max-snippet:-1, max-image-preview:large, max-video-preview:-1\" \/>\n<link rel=\"canonical\" href=\"https:\/\/tirourda.store\/ar\/product\/paprika\/\" \/>\n<meta property=\"og:locale\" content=\"ar_AR\" \/>\n<meta property=\"og:type\" content=\"article\" \/>\n<meta property=\"og:title\" content=\"paprika - tirourda\" \/>\n<meta property=\"og:description\" content=\"Paprika naturel de qualit\u00e9 sup\u00e9rieure, \u00e9pice douce et parfum\u00e9e id\u00e9ale pour assaisonner viandes, l\u00e9gumes, sauces et plats maison. Donnez couleur et saveur \u00e0 vos recettes\" \/>\n<meta property=\"og:url\" content=\"https:\/\/tirourda.store\/ar\/product\/paprika\/\" \/>\n<meta property=\"og:site_name\" content=\"tirourda\" \/>\n<meta property=\"article:modified_time\" content=\"2026-03-09T20:35:17+00:00\" \/>\n<meta property=\"og:image\" content=\"https:\/\/tirourda.store\/wp-content\/uploads\/2026\/03\/WhatsApp-Image-2026-03-08-at-2.51.29-PM-3.jpeg\" \/>\n\t<meta property=\"og:image:width\" content=\"1068\" \/>\n\t<meta property=\"og:image:height\" content=\"1280\" \/>\n\t<meta property=\"og:image:type\" content=\"image\/jpeg\" \/>\n<meta name=\"twitter:card\" content=\"summary_large_image\" \/>\n<meta name=\"twitter:label1\" content=\"\u0648\u0642\u062a \u0627\u0644\u0642\u0631\u0627\u0621\u0629 \u0627\u0644\u0645\u064f\u0642\u062f\u0651\u0631\" \/>\n\t<meta name=\"twitter:data1\" content=\"\u062f\u0642\u064a\u0642\u0629 \u0648\u0627\u062d\u062f\u0629\" \/>\n<script type=\"application\/ld+json\" class=\"yoast-schema-graph\">{\"@context\":\"https:\/\/schema.org\",\"@graph\":[{\"@type\":\"WebPage\",\"@id\":\"https:\/\/tirourda.store\/produit\/paprika\/\",\"url\":\"https:\/\/tirourda.store\/produit\/paprika\/\",\"name\":\"paprika - tirourda\",\"isPartOf\":{\"@id\":\"https:\/\/tirourda.store\/#website\"},\"primaryImageOfPage\":{\"@id\":\"https:\/\/tirourda.store\/produit\/paprika\/#primaryimage\"},\"image\":{\"@id\":\"https:\/\/tirourda.store\/produit\/paprika\/#primaryimage\"},\"thumbnailUrl\":\"https:\/\/tirourda.store\/wp-content\/uploads\/2026\/03\/WhatsApp-Image-2026-03-08-at-2.51.29-PM-3.jpeg\",\"datePublished\":\"2026-03-09T20:19:29+00:00\",\"dateModified\":\"2026-03-09T20:35:17+00:00\",\"description\":\"Paprika naturel de qualit\u00e9 sup\u00e9rieure, \u00e9pice douce et parfum\u00e9e id\u00e9ale pour assaisonner viandes, l\u00e9gumes, sauces et plats maison. Donnez couleur et saveur \u00e0 vos recettes\",\"breadcrumb\":{\"@id\":\"https:\/\/tirourda.store\/produit\/paprika\/#breadcrumb\"},\"inLanguage\":\"ar\",\"potentialAction\":[{\"@type\":\"ReadAction\",\"target\":[\"https:\/\/tirourda.store\/produit\/paprika\/\"]}]},{\"@type\":\"ImageObject\",\"inLanguage\":\"ar\",\"@id\":\"https:\/\/tirourda.store\/produit\/paprika\/#primaryimage\",\"url\":\"https:\/\/tirourda.store\/wp-content\/uploads\/2026\/03\/WhatsApp-Image-2026-03-08-at-2.51.29-PM-3.jpeg\",\"contentUrl\":\"https:\/\/tirourda.store\/wp-content\/uploads\/2026\/03\/WhatsApp-Image-2026-03-08-at-2.51.29-PM-3.jpeg\",\"width\":1068,\"height\":1280},{\"@type\":\"BreadcrumbList\",\"@id\":\"https:\/\/tirourda.store\/produit\/paprika\/#breadcrumb\",\"itemListElement\":[{\"@type\":\"ListItem\",\"position\":1,\"name\":\"Accueil\",\"item\":\"https:\/\/tirourda.store\/\"},{\"@type\":\"ListItem\",\"position\":2,\"name\":\"Products\",\"item\":\"https:\/\/tirourda.store\/products\/\"},{\"@type\":\"ListItem\",\"position\":3,\"name\":\"paprika\"}]},{\"@type\":\"WebSite\",\"@id\":\"https:\/\/tirourda.store\/#website\",\"url\":\"https:\/\/tirourda.store\/\",\"name\":\"tirourda\",\"description\":\"\",\"publisher\":{\"@id\":\"https:\/\/tirourda.store\/#organization\"},\"potentialAction\":[{\"@type\":\"SearchAction\",\"target\":{\"@type\":\"EntryPoint\",\"urlTemplate\":\"https:\/\/tirourda.store\/?s={search_term_string}\"},\"query-input\":{\"@type\":\"PropertyValueSpecification\",\"valueRequired\":true,\"valueName\":\"search_term_string\"}}],\"inLanguage\":\"ar\"},{\"@type\":\"Organization\",\"@id\":\"https:\/\/tirourda.store\/#organization\",\"name\":\"tirourda\",\"url\":\"https:\/\/tirourda.store\/\",\"logo\":{\"@type\":\"ImageObject\",\"inLanguage\":\"ar\",\"@id\":\"https:\/\/tirourda.store\/#\/schema\/logo\/image\/\",\"url\":\"https:\/\/tirourda.store\/wp-content\/uploads\/2025\/07\/5.png\",\"contentUrl\":\"https:\/\/tirourda.store\/wp-content\/uploads\/2025\/07\/5.png\",\"width\":707,\"height\":239,\"caption\":\"tirourda\"},\"image\":{\"@id\":\"https:\/\/tirourda.store\/#\/schema\/logo\/image\/\"},\"sameAs\":[\"https:\/\/www.instagram.com\/tirou_rda\/\"]}]}<\/script>\n<!-- \/ Yoast SEO plugin. -->","yoast_head_json":{"title":"paprika - tirourda","description":"Paprika naturel de qualit\u00e9 sup\u00e9rieure, \u00e9pice douce et parfum\u00e9e id\u00e9ale pour assaisonner viandes, l\u00e9gumes, sauces et plats maison. Donnez couleur et saveur \u00e0 vos recettes","robots":{"index":"index","follow":"follow","max-snippet":"max-snippet:-1","max-image-preview":"max-image-preview:large","max-video-preview":"max-video-preview:-1"},"canonical":"https:\/\/tirourda.store\/ar\/product\/paprika\/","og_locale":"ar_AR","og_type":"article","og_title":"paprika - tirourda","og_description":"Paprika naturel de qualit\u00e9 sup\u00e9rieure, \u00e9pice douce et parfum\u00e9e id\u00e9ale pour assaisonner viandes, l\u00e9gumes, sauces et plats maison. Donnez couleur et saveur \u00e0 vos recettes","og_url":"https:\/\/tirourda.store\/ar\/product\/paprika\/","og_site_name":"tirourda","article_modified_time":"2026-03-09T20:35:17+00:00","og_image":[{"width":1068,"height":1280,"url":"https:\/\/tirourda.store\/wp-content\/uploads\/2026\/03\/WhatsApp-Image-2026-03-08-at-2.51.29-PM-3.jpeg","type":"image\/jpeg"}],"twitter_card":"summary_large_image","twitter_misc":{"\u0648\u0642\u062a \u0627\u0644\u0642\u0631\u0627\u0621\u0629 \u0627\u0644\u0645\u064f\u0642\u062f\u0651\u0631":"\u062f\u0642\u064a\u0642\u0629 \u0648\u0627\u062d\u062f\u0629"},"schema":{"@context":"https:\/\/schema.org","@graph":[{"@type":"WebPage","@id":"https:\/\/tirourda.store\/produit\/paprika\/","url":"https:\/\/tirourda.store\/produit\/paprika\/","name":"paprika - tirourda","isPartOf":{"@id":"https:\/\/tirourda.store\/#website"},"primaryImageOfPage":{"@id":"https:\/\/tirourda.store\/produit\/paprika\/#primaryimage"},"image":{"@id":"https:\/\/tirourda.store\/produit\/paprika\/#primaryimage"},"thumbnailUrl":"https:\/\/tirourda.store\/wp-content\/uploads\/2026\/03\/WhatsApp-Image-2026-03-08-at-2.51.29-PM-3.jpeg","datePublished":"2026-03-09T20:19:29+00:00","dateModified":"2026-03-09T20:35:17+00:00","description":"Paprika naturel de qualit\u00e9 sup\u00e9rieure, \u00e9pice douce et parfum\u00e9e id\u00e9ale pour assaisonner viandes, l\u00e9gumes, sauces et plats maison. Donnez couleur et saveur \u00e0 vos recettes","breadcrumb":{"@id":"https:\/\/tirourda.store\/produit\/paprika\/#breadcrumb"},"inLanguage":"ar","potentialAction":[{"@type":"ReadAction","target":["https:\/\/tirourda.store\/produit\/paprika\/"]}]},{"@type":"ImageObject","inLanguage":"ar","@id":"https:\/\/tirourda.store\/produit\/paprika\/#primaryimage","url":"https:\/\/tirourda.store\/wp-content\/uploads\/2026\/03\/WhatsApp-Image-2026-03-08-at-2.51.29-PM-3.jpeg","contentUrl":"https:\/\/tirourda.store\/wp-content\/uploads\/2026\/03\/WhatsApp-Image-2026-03-08-at-2.51.29-PM-3.jpeg","width":1068,"height":1280},{"@type":"BreadcrumbList","@id":"https:\/\/tirourda.store\/produit\/paprika\/#breadcrumb","itemListElement":[{"@type":"ListItem","position":1,"name":"Accueil","item":"https:\/\/tirourda.store\/"},{"@type":"ListItem","position":2,"name":"Products","item":"https:\/\/tirourda.store\/products\/"},{"@type":"ListItem","position":3,"name":"paprika"}]},{"@type":"WebSite","@id":"https:\/\/tirourda.store\/#website","url":"https:\/\/tirourda.store\/","name":"tirourda","description":"","publisher":{"@id":"https:\/\/tirourda.store\/#organization"},"potentialAction":[{"@type":"SearchAction","target":{"@type":"EntryPoint","urlTemplate":"https:\/\/tirourda.store\/?s={search_term_string}"},"query-input":{"@type":"PropertyValueSpecification","valueRequired":true,"valueName":"search_term_string"}}],"inLanguage":"ar"},{"@type":"Organization","@id":"https:\/\/tirourda.store\/#organization","name":"tirourda","url":"https:\/\/tirourda.store\/","logo":{"@type":"ImageObject","inLanguage":"ar","@id":"https:\/\/tirourda.store\/#\/schema\/logo\/image\/","url":"https:\/\/tirourda.store\/wp-content\/uploads\/2025\/07\/5.png","contentUrl":"https:\/\/tirourda.store\/wp-content\/uploads\/2025\/07\/5.png","width":707,"height":239,"caption":"tirourda"},"image":{"@id":"https:\/\/tirourda.store\/#\/schema\/logo\/image\/"},"sameAs":["https:\/\/www.instagram.com\/tirou_rda\/"]}]}},"_links":{"self":[{"href":"https:\/\/tirourda.store\/ar\/wp-json\/wp\/v2\/product\/2409","targetHints":{"allow":["GET"]}}],"collection":[{"href":"https:\/\/tirourda.store\/ar\/wp-json\/wp\/v2\/product"}],"about":[{"href":"https:\/\/tirourda.store\/ar\/wp-json\/wp\/v2\/types\/product"}],"replies":[{"embeddable":true,"href":"https:\/\/tirourda.store\/ar\/wp-json\/wp\/v2\/comments?post=2409"}],"wp:featuredmedia":[{"embeddable":true,"href":"https:\/\/tirourda.store\/ar\/wp-json\/wp\/v2\/media\/2412"}],"wp:attachment":[{"href":"https:\/\/tirourda.store\/ar\/wp-json\/wp\/v2\/media?parent=2409"}],"wp:term":[{"taxonomy":"product_brand","embeddable":true,"href":"https:\/\/tirourda.store\/ar\/wp-json\/wp\/v2\/product_brand?post=2409"},{"taxonomy":"product_cat","embeddable":true,"href":"https:\/\/tirourda.store\/ar\/wp-json\/wp\/v2\/product_cat?post=2409"},{"taxonomy":"product_tag","embeddable":true,"href":"https:\/\/tirourda.store\/ar\/wp-json\/wp\/v2\/product_tag?post=2409"}],"curies":[{"name":"wp","href":"https:\/\/api.w.org\/{rel}","templated":true}]}}