{"id":2429,"date":"2026-03-10T08:29:27","date_gmt":"2026-03-10T07:29:27","guid":{"rendered":"https:\/\/tirourda.store\/?post_type=product&#038;p=2429"},"modified":"2026-03-10T08:36:57","modified_gmt":"2026-03-10T07:36:57","slug":"poivre-noir","status":"publish","type":"product","link":"https:\/\/tirourda.store\/ar\/product\/poivre-noir\/","title":{"rendered":"\u0641\u0644\u0641\u0644 \u0623\u0633\u0648\u062f"},"content":{"rendered":"<p data-start=\"124\" data-end=\"517\">\u0627\u0644\u0641\u0644\u0641\u0644 \u0627\u0644\u0623\u0633\u0648\u062f \u0647\u0648 \u0628\u0647\u0627\u0631 \u0623\u0633\u0627\u0633\u064a \u064a\u064f\u0642\u062f\u0651\u064e\u0631 \u0645\u0646\u0630 \u0642\u0631\u0648\u0646 \u0644\u0631\u0627\u0626\u062d\u062a\u0647 \u0627\u0644\u0642\u0648\u064a\u0629 \u0648\u0646\u0643\u0647\u062a\u0647 \u0627\u0644\u062d\u0627\u0631\u0629 \u0627\u0644\u062e\u0641\u064a\u0641\u0629.\n\u0648\u0628\u0641\u0636\u0644 \u063a\u0646\u0627\u0647 \u0628\u0645\u0627\u062f\u0629 \u0627\u0644\u0628\u064a\u0628\u064a\u0631\u064a\u0646\u060c \u0641\u0647\u0648 \u0645\u062b\u0627\u0644\u064a \u0633\u0648\u0627\u0621 \u0644\u062a\u0639\u0632\u064a\u0632 \u0637\u0639\u0645 \u0623\u0637\u0628\u0627\u0642\u0643 \u0623\u0648 \u0644\u0644\u0627\u0633\u062a\u0641\u0627\u062f\u0629 \u0645\u0646 \u0641\u0648\u0627\u0626\u062f\u0647 \u0627\u0644\u0637\u0628\u064a\u0639\u064a\u0629 \u0639\u0644\u0649 \u0627\u0644\u0647\u0636\u0645 \u0648\u0627\u0644\u0646\u0634\u0627\u0637 \u0627\u0644\u062d\u064a\u0648\u064a.\n.<br data-start=\"397\" data-end=\"400\" \/>\n<\/p>\n<p data-start=\"519\" data-end=\"744\">\ud83c\udf7d\ufe0f <strong data-start=\"523\" data-end=\"563\">\u0644\u0645\u0627\u0630\u0627 \u062a\u062e\u062a\u0627\u0631 \u0641\u0644\u0641\u0644\u0646\u0627 \u0627\u0644\u0623\u0633\u0648\u062f\u061f<\/strong><br data-start=\"563\" data-end=\"566\" \/>\u2714 <strong data-start=\"568\" data-end=\"597\">1. \u0646\u0643\u0647\u0629 \u0623\u0635\u064a\u0644\u0629<\/strong><br data-start=\"597\" data-end=\"600\" \/>\u0637\u0639\u0645\u0647 \u0642\u0648\u064a\u060c \u062d\u0627\u0631 \u0642\u0644\u064a\u0644\u064b\u0627 \u0648\u0639\u0637\u0631\u064a\u060c \u064a\u0636\u064a\u0641 \u0644\u0645\u0633\u0629 \u0645\u062b\u0627\u0644\u064a\u0629 \u0644\u0644\u0651\u062d\u0648\u0645\u060c \u0627\u0644\u0635\u0644\u0635\u0627\u062a\u060c \u0627\u0644\u062e\u0636\u0631\u0648\u0627\u062a\u060c \u0648\u0627\u0644\u0645\u062e\u0644\u0644\u0627\u062a.<\/p>\n<p data-start=\"746\" data-end=\"932\">\u2714 <strong data-start=\"748\" data-end=\"780\">2. \u0639\u0637\u0631 \u063a\u0646\u064a \u0648\u0642\u0648\u064a<\/strong><br data-start=\"780\" data-end=\"783\" \/>\u0628\u0641\u0636\u0644 \u0646\u0636\u0627\u0631\u062a\u0647 \u0648\u062c\u0648\u062f\u062a\u0647\u060c \u064a\u064f\u0635\u062f\u0631 \u0631\u0627\u0626\u062d\u0629 \u062e\u0641\u064a\u0641\u0629 \u0648\u062b\u0627\u0628\u062a\u0629 \u062a\u064f\u062b\u064a\u0631 \u0627\u0644\u0634\u0647\u064a\u0629 \u0648\u062a\u062d\u0648\u0651\u0644 \u0623\u0637\u0628\u0627\u0642\u0643 \u0625\u0644\u0649 \u0645\u062a\u0639\u0629 \u062d\u0642\u064a\u0642\u064a\u0629.<\/p>\n<p data-start=\"934\" data-end=\"1085\">\u2714 <strong data-start=\"936\" data-end=\"967\">3. \u0645\u0646\u062a\u062c \u0637\u0628\u064a\u0639\u064a 100\u066a<\/strong><br data-start=\"967\" data-end=\"970\" \/>\u062e\u0627\u0644\u064d \u0645\u0646 \u0627\u0644\u0625\u0636\u0627\u0641\u0627\u062a\u060c \u0627\u0644\u0623\u0644\u0648\u0627\u0646 \u0627\u0644\u0635\u0646\u0627\u0639\u064a\u0629 \u0648\u0627\u0644\u0645\u0648\u0627\u062f \u0627\u0644\u062d\u0627\u0641\u0638\u0629\u060c \u0644\u062a\u0633\u062a\u0645\u062a\u0639 \u0628\u062a\u0648\u0627\u0628\u0644 \u0646\u0642\u064a\u0629\u060c \u0635\u062d\u064a\u0629\u060c \u0648\u0645\u0644\u064a\u0626\u0629 \u0628\u0627\u0644\u0646\u0643\u0647\u0629.<\/p>\n<p data-start=\"1087\" data-end=\"1277\">\u2714 <strong data-start=\"1089\" data-end=\"1118\">4. \u0635\u0646\u0627\u0639\u0629 \u062c\u0632\u0627\u0626\u0631\u064a\u0629<\/strong><br data-start=\"1118\" data-end=\"1121\" \/>\u0645\u0639\u0628\u0623 \u0628\u0639\u0646\u0627\u064a\u0629 \u0641\u064a <a href=\"https:\/\/fr.wikipedia.org\/wiki\/Alg%C3%A9rie\">\u0627\u0644\u062c\u0632\u0627\u0626\u0631\u064a\u0629<\/a>\u060c \u0648\u0641\u0642 \u0645\u0639\u0627\u064a\u064a\u0631 \u062c\u0648\u062f\u0629 \u0635\u0627\u0631\u0645\u0629\u060c \u0644\u0636\u0645\u0627\u0646 \u0645\u0646\u062a\u062c \u0645\u062a\u062c\u0627\u0646\u0633\u060c \u0646\u0638\u064a\u0641\u060c \u0648\u0639\u0627\u0644\u064a \u0627\u0644\u062c\u0648\u062f\u0629.<\/p>\n<p data-start=\"1788\" data-end=\"1926\"><a href=\"https:\/\/tirourda.store\/ar\/products\/\">\u0627\u0644\u0639\u0648\u062f\u0629 \u0627\u0644\u0649 \u0627\u0644\u0645\u062a\u062c\u0631<\/a><\/p>","protected":false},"excerpt":{"rendered":"<p>\u0627\u0644\u0641\u0644\u0641\u0644 \u0627\u0644\u0623\u0633\u0648\u062f \u0627\u0644\u0645\u0637\u062d\u0648\u0646 \u060c \u0628\u0647\u0627\u0631 \u0637\u0628\u064a\u0639\u064a 100\u066a\u060c \u0645\u0637\u062d\u0648\u0646 \u0628\u0639\u0646\u0627\u064a\u0629 \u0644\u0644\u062d\u0641\u0627\u0638 \u0639\u0644\u0649 \u0643\u0627\u0645\u0644 \u0646\u0643\u0647\u062a\u0647.\n\u0645\u062b\u0627\u0644\u064a \u0644\u0625\u0636\u0627\u0641\u0629 \u0646\u0643\u0647\u0629 \u0642\u0648\u064a\u0629 \u0648\u0639\u0637\u0631\u064a\u0629 \u0644\u0623\u0637\u0628\u0627\u0642\u0643\u060c \u0643\u0645\u0627 \u064a\u0642\u062f\u0645 \u0627\u0644\u0639\u062f\u064a\u062f \u0645\u0646 \u0627\u0644\u0641\u0648\u0627\u0626\u062f \u0627\u0644\u0635\u062d\u064a\u0629.\n\u0648\u0628\u0641\u0636\u0644 \u0630\u0644\u0643\u060c \u064a\u0635\u0628\u062d \u0628\u0633\u0631\u0639\u0629 \u0639\u0646\u0635\u0631\u064b\u0627 \u0644\u0627 \u063a\u0646\u0649 \u0639\u0646\u0647 \u0641\u064a \u0645\u0637\u0628\u062e\u0643.<\/p>","protected":false},"featured_media":2430,"comment_status":"closed","ping_status":"closed","template":"","meta":[],"product_brand":[],"product_cat":[29,26,47,27],"product_tag":[62],"class_list":{"0":"post-2429","1":"product","2":"type-product","3":"status-publish","4":"has-post-thumbnail","6":"product_cat-healthy","7":"product_cat-alimentation","8":"product_cat-produit","9":"product_cat-sante","10":"product_tag-poivre-noir","12":"first","13":"instock","14":"taxable","15":"shipping-taxable","16":"purchasable","17":"product-type-simple"},"yoast_head":"<!-- This site is optimized with the Yoast SEO plugin v26.4 - https:\/\/yoast.com\/wordpress\/plugins\/seo\/ -->\n<title>Poivre noir Epices Alg\u00e9rie | Tirouda<\/title>\n<meta name=\"description\" content=\"D\u00e9couvrez le Poivre Noir : 100 % naturel, finement moulu et riche en saveur, id\u00e9al pour sublimer tous vos plats.\" \/>\n<meta name=\"robots\" content=\"index, follow, max-snippet:-1, max-image-preview:large, max-video-preview:-1\" \/>\n<link rel=\"canonical\" href=\"https:\/\/tirourda.store\/ar\/product\/poivre-noir\/\" \/>\n<meta property=\"og:locale\" content=\"ar_AR\" \/>\n<meta property=\"og:type\" content=\"article\" \/>\n<meta property=\"og:title\" content=\"Poivre noir Epices Alg\u00e9rie | Tirouda\" \/>\n<meta property=\"og:description\" content=\"D\u00e9couvrez le Poivre Noir : 100 % naturel, finement moulu et riche en saveur, id\u00e9al pour sublimer tous vos plats.\" \/>\n<meta property=\"og:url\" content=\"https:\/\/tirourda.store\/ar\/product\/poivre-noir\/\" \/>\n<meta property=\"og:site_name\" content=\"tirourda\" \/>\n<meta property=\"article:modified_time\" content=\"2026-03-10T07:36:57+00:00\" \/>\n<meta property=\"og:image\" content=\"https:\/\/tirourda.store\/wp-content\/uploads\/2026\/03\/WhatsApp-Image-2026-03-08-at-2.51.26-PM-1.jpeg\" \/>\n\t<meta property=\"og:image:width\" content=\"1152\" \/>\n\t<meta property=\"og:image:height\" content=\"1280\" \/>\n\t<meta property=\"og:image:type\" content=\"image\/jpeg\" \/>\n<meta name=\"twitter:card\" content=\"summary_large_image\" \/>\n<meta name=\"twitter:label1\" content=\"\u0648\u0642\u062a \u0627\u0644\u0642\u0631\u0627\u0621\u0629 \u0627\u0644\u0645\u064f\u0642\u062f\u0651\u0631\" \/>\n\t<meta name=\"twitter:data1\" content=\"\u062f\u0642\u064a\u0642\u062a\u0627\u0646\" \/>\n<script type=\"application\/ld+json\" class=\"yoast-schema-graph\">{\"@context\":\"https:\/\/schema.org\",\"@graph\":[{\"@type\":\"WebPage\",\"@id\":\"https:\/\/tirourda.store\/produit\/poivre-noir\/\",\"url\":\"https:\/\/tirourda.store\/produit\/poivre-noir\/\",\"name\":\"Poivre noir Epices Alg\u00e9rie | Tirouda\",\"isPartOf\":{\"@id\":\"https:\/\/tirourda.store\/#website\"},\"primaryImageOfPage\":{\"@id\":\"https:\/\/tirourda.store\/produit\/poivre-noir\/#primaryimage\"},\"image\":{\"@id\":\"https:\/\/tirourda.store\/produit\/poivre-noir\/#primaryimage\"},\"thumbnailUrl\":\"https:\/\/tirourda.store\/wp-content\/uploads\/2026\/03\/WhatsApp-Image-2026-03-08-at-2.51.26-PM-1.jpeg\",\"datePublished\":\"2026-03-10T07:29:27+00:00\",\"dateModified\":\"2026-03-10T07:36:57+00:00\",\"description\":\"D\u00e9couvrez le Poivre Noir : 100 % naturel, finement moulu et riche en saveur, id\u00e9al pour sublimer tous vos plats.\",\"breadcrumb\":{\"@id\":\"https:\/\/tirourda.store\/produit\/poivre-noir\/#breadcrumb\"},\"inLanguage\":\"ar\",\"potentialAction\":[{\"@type\":\"ReadAction\",\"target\":[\"https:\/\/tirourda.store\/produit\/poivre-noir\/\"]}]},{\"@type\":\"ImageObject\",\"inLanguage\":\"ar\",\"@id\":\"https:\/\/tirourda.store\/produit\/poivre-noir\/#primaryimage\",\"url\":\"https:\/\/tirourda.store\/wp-content\/uploads\/2026\/03\/WhatsApp-Image-2026-03-08-at-2.51.26-PM-1.jpeg\",\"contentUrl\":\"https:\/\/tirourda.store\/wp-content\/uploads\/2026\/03\/WhatsApp-Image-2026-03-08-at-2.51.26-PM-1.jpeg\",\"width\":1152,\"height\":1280},{\"@type\":\"BreadcrumbList\",\"@id\":\"https:\/\/tirourda.store\/produit\/poivre-noir\/#breadcrumb\",\"itemListElement\":[{\"@type\":\"ListItem\",\"position\":1,\"name\":\"Accueil\",\"item\":\"https:\/\/tirourda.store\/\"},{\"@type\":\"ListItem\",\"position\":2,\"name\":\"Products\",\"item\":\"https:\/\/tirourda.store\/products\/\"},{\"@type\":\"ListItem\",\"position\":3,\"name\":\"Poivre Noir\"}]},{\"@type\":\"WebSite\",\"@id\":\"https:\/\/tirourda.store\/#website\",\"url\":\"https:\/\/tirourda.store\/\",\"name\":\"tirourda\",\"description\":\"\",\"publisher\":{\"@id\":\"https:\/\/tirourda.store\/#organization\"},\"potentialAction\":[{\"@type\":\"SearchAction\",\"target\":{\"@type\":\"EntryPoint\",\"urlTemplate\":\"https:\/\/tirourda.store\/?s={search_term_string}\"},\"query-input\":{\"@type\":\"PropertyValueSpecification\",\"valueRequired\":true,\"valueName\":\"search_term_string\"}}],\"inLanguage\":\"ar\"},{\"@type\":\"Organization\",\"@id\":\"https:\/\/tirourda.store\/#organization\",\"name\":\"tirourda\",\"url\":\"https:\/\/tirourda.store\/\",\"logo\":{\"@type\":\"ImageObject\",\"inLanguage\":\"ar\",\"@id\":\"https:\/\/tirourda.store\/#\/schema\/logo\/image\/\",\"url\":\"https:\/\/tirourda.store\/wp-content\/uploads\/2025\/07\/5.png\",\"contentUrl\":\"https:\/\/tirourda.store\/wp-content\/uploads\/2025\/07\/5.png\",\"width\":707,\"height\":239,\"caption\":\"tirourda\"},\"image\":{\"@id\":\"https:\/\/tirourda.store\/#\/schema\/logo\/image\/\"},\"sameAs\":[\"https:\/\/www.instagram.com\/tirou_rda\/\"]}]}<\/script>\n<!-- \/ Yoast SEO plugin. -->","yoast_head_json":{"title":"Poivre noir Epices Alg\u00e9rie | Tirouda","description":"D\u00e9couvrez le Poivre Noir : 100 % naturel, finement moulu et riche en saveur, id\u00e9al pour sublimer tous vos plats.","robots":{"index":"index","follow":"follow","max-snippet":"max-snippet:-1","max-image-preview":"max-image-preview:large","max-video-preview":"max-video-preview:-1"},"canonical":"https:\/\/tirourda.store\/ar\/product\/poivre-noir\/","og_locale":"ar_AR","og_type":"article","og_title":"Poivre noir Epices Alg\u00e9rie | Tirouda","og_description":"D\u00e9couvrez le Poivre Noir : 100 % naturel, finement moulu et riche en saveur, id\u00e9al pour sublimer tous vos plats.","og_url":"https:\/\/tirourda.store\/ar\/product\/poivre-noir\/","og_site_name":"tirourda","article_modified_time":"2026-03-10T07:36:57+00:00","og_image":[{"width":1152,"height":1280,"url":"https:\/\/tirourda.store\/wp-content\/uploads\/2026\/03\/WhatsApp-Image-2026-03-08-at-2.51.26-PM-1.jpeg","type":"image\/jpeg"}],"twitter_card":"summary_large_image","twitter_misc":{"\u0648\u0642\u062a \u0627\u0644\u0642\u0631\u0627\u0621\u0629 \u0627\u0644\u0645\u064f\u0642\u062f\u0651\u0631":"\u062f\u0642\u064a\u0642\u062a\u0627\u0646"},"schema":{"@context":"https:\/\/schema.org","@graph":[{"@type":"WebPage","@id":"https:\/\/tirourda.store\/produit\/poivre-noir\/","url":"https:\/\/tirourda.store\/produit\/poivre-noir\/","name":"Poivre noir Epices Alg\u00e9rie | Tirouda","isPartOf":{"@id":"https:\/\/tirourda.store\/#website"},"primaryImageOfPage":{"@id":"https:\/\/tirourda.store\/produit\/poivre-noir\/#primaryimage"},"image":{"@id":"https:\/\/tirourda.store\/produit\/poivre-noir\/#primaryimage"},"thumbnailUrl":"https:\/\/tirourda.store\/wp-content\/uploads\/2026\/03\/WhatsApp-Image-2026-03-08-at-2.51.26-PM-1.jpeg","datePublished":"2026-03-10T07:29:27+00:00","dateModified":"2026-03-10T07:36:57+00:00","description":"D\u00e9couvrez le Poivre Noir : 100 % naturel, finement moulu et riche en saveur, id\u00e9al pour sublimer tous vos plats.","breadcrumb":{"@id":"https:\/\/tirourda.store\/produit\/poivre-noir\/#breadcrumb"},"inLanguage":"ar","potentialAction":[{"@type":"ReadAction","target":["https:\/\/tirourda.store\/produit\/poivre-noir\/"]}]},{"@type":"ImageObject","inLanguage":"ar","@id":"https:\/\/tirourda.store\/produit\/poivre-noir\/#primaryimage","url":"https:\/\/tirourda.store\/wp-content\/uploads\/2026\/03\/WhatsApp-Image-2026-03-08-at-2.51.26-PM-1.jpeg","contentUrl":"https:\/\/tirourda.store\/wp-content\/uploads\/2026\/03\/WhatsApp-Image-2026-03-08-at-2.51.26-PM-1.jpeg","width":1152,"height":1280},{"@type":"BreadcrumbList","@id":"https:\/\/tirourda.store\/produit\/poivre-noir\/#breadcrumb","itemListElement":[{"@type":"ListItem","position":1,"name":"Accueil","item":"https:\/\/tirourda.store\/"},{"@type":"ListItem","position":2,"name":"Products","item":"https:\/\/tirourda.store\/products\/"},{"@type":"ListItem","position":3,"name":"Poivre Noir"}]},{"@type":"WebSite","@id":"https:\/\/tirourda.store\/#website","url":"https:\/\/tirourda.store\/","name":"tirourda","description":"","publisher":{"@id":"https:\/\/tirourda.store\/#organization"},"potentialAction":[{"@type":"SearchAction","target":{"@type":"EntryPoint","urlTemplate":"https:\/\/tirourda.store\/?s={search_term_string}"},"query-input":{"@type":"PropertyValueSpecification","valueRequired":true,"valueName":"search_term_string"}}],"inLanguage":"ar"},{"@type":"Organization","@id":"https:\/\/tirourda.store\/#organization","name":"tirourda","url":"https:\/\/tirourda.store\/","logo":{"@type":"ImageObject","inLanguage":"ar","@id":"https:\/\/tirourda.store\/#\/schema\/logo\/image\/","url":"https:\/\/tirourda.store\/wp-content\/uploads\/2025\/07\/5.png","contentUrl":"https:\/\/tirourda.store\/wp-content\/uploads\/2025\/07\/5.png","width":707,"height":239,"caption":"tirourda"},"image":{"@id":"https:\/\/tirourda.store\/#\/schema\/logo\/image\/"},"sameAs":["https:\/\/www.instagram.com\/tirou_rda\/"]}]}},"_links":{"self":[{"href":"https:\/\/tirourda.store\/ar\/wp-json\/wp\/v2\/product\/2429","targetHints":{"allow":["GET"]}}],"collection":[{"href":"https:\/\/tirourda.store\/ar\/wp-json\/wp\/v2\/product"}],"about":[{"href":"https:\/\/tirourda.store\/ar\/wp-json\/wp\/v2\/types\/product"}],"replies":[{"embeddable":true,"href":"https:\/\/tirourda.store\/ar\/wp-json\/wp\/v2\/comments?post=2429"}],"wp:featuredmedia":[{"embeddable":true,"href":"https:\/\/tirourda.store\/ar\/wp-json\/wp\/v2\/media\/2430"}],"wp:attachment":[{"href":"https:\/\/tirourda.store\/ar\/wp-json\/wp\/v2\/media?parent=2429"}],"wp:term":[{"taxonomy":"product_brand","embeddable":true,"href":"https:\/\/tirourda.store\/ar\/wp-json\/wp\/v2\/product_brand?post=2429"},{"taxonomy":"product_cat","embeddable":true,"href":"https:\/\/tirourda.store\/ar\/wp-json\/wp\/v2\/product_cat?post=2429"},{"taxonomy":"product_tag","embeddable":true,"href":"https:\/\/tirourda.store\/ar\/wp-json\/wp\/v2\/product_tag?post=2429"}],"curies":[{"name":"wp","href":"https:\/\/api.w.org\/{rel}","templated":true}]}}