{"id":2447,"date":"2026-03-22T10:30:33","date_gmt":"2026-03-22T09:30:33","guid":{"rendered":"https:\/\/tirourda.store\/?post_type=product&#038;p=2447"},"modified":"2026-03-22T10:30:33","modified_gmt":"2026-03-22T09:30:33","slug":"tete-de-lepicerie","status":"publish","type":"product","link":"https:\/\/tirourda.store\/ar\/product\/tete-de-lepicerie\/","title":{"rendered":"\u0631\u0623\u0633 \u0627\u0644\u062d\u0627\u0646\u0648\u062a"},"content":{"rendered":"<p data-start=\"487\" data-end=\"769\" class=\"translation-block\">\u064a\u064f\u0639\u062f \u0631\u0623\u0633 \u0627\u0644\u062d\u0627\u0646\u0648\u062a  \u0645\u0646 \u0623\u0634\u0647\u0631 \u062e\u0644\u0637\u0627\u062a \u0627\u0644\u062a\u0648\u0627\u0628\u0644 \u0627\u0644\u062a\u0642\u0644\u064a\u062f\u064a\u0629\u060c \u062d\u064a\u062b \u064a\u062c\u0645\u0639 \u0628\u064a\u0646 \u0639\u062f\u0629 \u062a\u0648\u0627\u0628\u0644 \u0637\u0628\u064a\u0639\u064a\u0629 \u062a\u0645 \u0627\u062e\u062a\u064a\u0627\u0631\u0647\u0627 \u0628\u0639\u0646\u0627\u064a\u0629 \u0644\u0644\u062d\u0635\u0648\u0644 \u0639\u0644\u0649 \u062a\u0648\u0627\u0632\u0646 \u0645\u062b\u0627\u0644\u064a \u0641\u064a \u0627\u0644\u0646\u0643\u0647\u0629 \u0648\u0627\u0644\u0631\u0627\u0626\u062d\u0629<\/p>\n<p data-start=\"771\" data-end=\"1026\">\u064a\u062a\u0645\u064a\u0632 \u0647\u0630\u0627 \u0627\u0644\u062e\u0644\u064a\u0637 \u0628\u0646\u0643\u0647\u062a\u0647 \u0627\u0644\u063a\u0646\u064a\u0629 \u0648\u0627\u0644\u0639\u0637\u0631\u064a\u0629\u060c \u0645\u0645\u0627 \u064a\u062c\u0639\u0644\u0647 \u0645\u062b\u0627\u0644\u064a\u064b\u0627 \u0644\u062a\u062a\u0628\u064a\u0644 \u0627\u0644\u0644\u062d\u0648\u0645\u060c \u0627\u0644\u062f\u062c\u0627\u062c\u060c \u0627\u0644\u062e\u0636\u0631\u0648\u0627\u062a\u060c \u0627\u0644\u0635\u0644\u0635\u0627\u062a\u060c \u0627\u0644\u0634\u0648\u0631\u0628\u0627\u062a \u0648\u0627\u0644\u0623\u0637\u0628\u0627\u0642 \u0627\u0644\u0645\u0637\u0628\u0648\u062e\u0629. \u0643\u0645\u0627 \u064a\u0645\u0643\u0646 \u0627\u0633\u062a\u062e\u062f\u0627\u0645\u0647 \u0641\u064a \u0627\u0644\u062a\u062a\u0628\u064a\u0644\u0627\u062a (\u0627\u0644\u0645\u0627\u0631\u064a\u0646\u0627\u062f) \u0644\u0625\u0636\u0641\u0627\u0621 \u0637\u0627\u0628\u0639 \u0634\u0631\u0642\u064a \u0623\u0635\u064a\u0644 \u0639\u0644\u0649 \u0648\u0635\u0641\u0627\u062a\u0643<\/p>\n<p data-start=\"1028\" data-end=\"1234\">\u0628\u0641\u0636\u0644 \u062a\u0631\u0643\u064a\u0628\u062a\u0647 \u0627\u0644\u0645\u062a\u0648\u0627\u0632\u0646\u0629\u060c \u064a\u0633\u0627\u0639\u062f\u0643 \u0631\u0623\u0633 \u0627\u0644\u062d\u0627\u0646\u0648\u062a \u0639\u0644\u0649 \u062a\u062d\u0648\u064a\u0644 \u0627\u0644\u0623\u0637\u0628\u0627\u0642 \u0627\u0644\u0628\u0633\u064a\u0637\u0629 \u0625\u0644\u0649 \u0648\u0635\u0641\u0627\u062a \u0644\u0630\u064a\u0630\u0629 \u0648\u0645\u0644\u064a\u0626\u0629 \u0628\u0627\u0644\u0646\u0643\u0647\u0629. \u0625\u0646\u0647 \u0645\u0643\u0648\u0646 \u0623\u0633\u0627\u0633\u064a \u0644\u0643\u0644 \u0645\u0646 \u064a\u062d\u0628 \u0627\u0644\u0637\u0628\u062e \u0627\u0644\u062a\u0642\u0644\u064a\u062f\u064a \u0648\u0627\u0644\u0645\u0630\u0627\u0642 \u0627\u0644\u0623\u0635\u064a\u0644<\/p>","protected":false},"excerpt":{"rendered":"<p class=\"translation-block\">\u0631\u0623\u0633 \u0627\u0644\u062d\u0627\u0646\u0648\u062a \u0647\u0648 \u062e\u0644\u064a\u0637 \u062a\u0648\u0627\u0628\u0644 \u063a\u0646\u064a \u0648\u0639\u0637\u0631\u064a\u060c \u064a\u062a\u0643\u0648\u0651\u0646 \u0645\u0646 \u0645\u062c\u0645\u0648\u0639\u0629 \u0645\u062e\u062a\u0627\u0631\u0629 \u0645\u0646 \u0627\u0644\u062a\u0648\u0627\u0628\u0644 \u0627\u0644\u0645\u0645\u0632\u0648\u062c\u0629 \u0628\u0639\u0646\u0627\u064a\u0629. \u0645\u062b\u0627\u0644\u064a \u0644\u0625\u0636\u0627\u0641\u0629 \u0646\u0643\u0647\u0629 \u0642\u0648\u064a\u0629 \u0648\u0645\u0645\u064a\u0632\u0629 \u0625\u0644\u0649 \u0623\u0637\u0628\u0627\u0642\u0643 \u0627\u0644\u064a\u0648\u0645\u064a\u0629<\/p>","protected":false},"featured_media":2448,"comment_status":"closed","ping_status":"closed","template":"","meta":[],"product_brand":[],"product_cat":[16],"product_tag":[],"class_list":{"0":"post-2447","1":"product","2":"type-product","3":"status-publish","4":"has-post-thumbnail","6":"product_cat-non-classe","8":"first","9":"instock","10":"taxable","11":"shipping-taxable","12":"purchasable","13":"product-type-simple"},"yoast_head":"<!-- This site is optimized with the Yoast SEO plugin v26.4 - https:\/\/yoast.com\/wordpress\/plugins\/seo\/ -->\n<title>T\u00eate de l&#039;\u00e9picerie - tirourda<\/title>\n<meta name=\"description\" content=\"T\u00eate de l\u2019\u00e9picerie, m\u00e9lange d\u2019\u00e9pices naturel et parfum\u00e9 id\u00e9al pour relever viandes, l\u00e9gumes, sauces et plats traditionnels avec une saveur riche et authentique.\" \/>\n<meta name=\"robots\" content=\"index, follow, max-snippet:-1, max-image-preview:large, max-video-preview:-1\" \/>\n<link rel=\"canonical\" href=\"https:\/\/tirourda.store\/ar\/product\/tete-de-lepicerie\/\" \/>\n<meta property=\"og:locale\" content=\"ar_AR\" \/>\n<meta property=\"og:type\" content=\"article\" \/>\n<meta property=\"og:title\" content=\"T\u00eate de l&#039;\u00e9picerie - tirourda\" \/>\n<meta property=\"og:description\" content=\"T\u00eate de l\u2019\u00e9picerie, m\u00e9lange d\u2019\u00e9pices naturel et parfum\u00e9 id\u00e9al pour relever viandes, l\u00e9gumes, sauces et plats traditionnels avec une saveur riche et authentique.\" \/>\n<meta property=\"og:url\" content=\"https:\/\/tirourda.store\/ar\/product\/tete-de-lepicerie\/\" \/>\n<meta property=\"og:site_name\" content=\"tirourda\" \/>\n<meta property=\"og:image\" content=\"https:\/\/tirourda.store\/wp-content\/uploads\/2026\/03\/WhatsApp-Image-2026-03-08-at-2.51.29-PM-1.jpeg\" \/>\n\t<meta property=\"og:image:width\" content=\"1160\" \/>\n\t<meta property=\"og:image:height\" content=\"1280\" \/>\n\t<meta property=\"og:image:type\" content=\"image\/jpeg\" \/>\n<meta name=\"twitter:card\" content=\"summary_large_image\" \/>\n<meta name=\"twitter:label1\" content=\"\u0648\u0642\u062a \u0627\u0644\u0642\u0631\u0627\u0621\u0629 \u0627\u0644\u0645\u064f\u0642\u062f\u0651\u0631\" \/>\n\t<meta name=\"twitter:data1\" content=\"\u062f\u0642\u064a\u0642\u0629 \u0648\u0627\u062d\u062f\u0629\" \/>\n<script type=\"application\/ld+json\" class=\"yoast-schema-graph\">{\"@context\":\"https:\/\/schema.org\",\"@graph\":[{\"@type\":\"WebPage\",\"@id\":\"https:\/\/tirourda.store\/produit\/tete-de-lepicerie\/\",\"url\":\"https:\/\/tirourda.store\/produit\/tete-de-lepicerie\/\",\"name\":\"T\u00eate de l'\u00e9picerie - tirourda\",\"isPartOf\":{\"@id\":\"https:\/\/tirourda.store\/#website\"},\"primaryImageOfPage\":{\"@id\":\"https:\/\/tirourda.store\/produit\/tete-de-lepicerie\/#primaryimage\"},\"image\":{\"@id\":\"https:\/\/tirourda.store\/produit\/tete-de-lepicerie\/#primaryimage\"},\"thumbnailUrl\":\"https:\/\/tirourda.store\/wp-content\/uploads\/2026\/03\/WhatsApp-Image-2026-03-08-at-2.51.29-PM-1.jpeg\",\"datePublished\":\"2026-03-22T09:30:33+00:00\",\"description\":\"T\u00eate de l\u2019\u00e9picerie, m\u00e9lange d\u2019\u00e9pices naturel et parfum\u00e9 id\u00e9al pour relever viandes, l\u00e9gumes, sauces et plats traditionnels avec une saveur riche et authentique.\",\"breadcrumb\":{\"@id\":\"https:\/\/tirourda.store\/produit\/tete-de-lepicerie\/#breadcrumb\"},\"inLanguage\":\"ar\",\"potentialAction\":[{\"@type\":\"ReadAction\",\"target\":[\"https:\/\/tirourda.store\/produit\/tete-de-lepicerie\/\"]}]},{\"@type\":\"ImageObject\",\"inLanguage\":\"ar\",\"@id\":\"https:\/\/tirourda.store\/produit\/tete-de-lepicerie\/#primaryimage\",\"url\":\"https:\/\/tirourda.store\/wp-content\/uploads\/2026\/03\/WhatsApp-Image-2026-03-08-at-2.51.29-PM-1.jpeg\",\"contentUrl\":\"https:\/\/tirourda.store\/wp-content\/uploads\/2026\/03\/WhatsApp-Image-2026-03-08-at-2.51.29-PM-1.jpeg\",\"width\":1160,\"height\":1280,\"caption\":\"T\u00eate de l'\u00e9picerie\"},{\"@type\":\"BreadcrumbList\",\"@id\":\"https:\/\/tirourda.store\/produit\/tete-de-lepicerie\/#breadcrumb\",\"itemListElement\":[{\"@type\":\"ListItem\",\"position\":1,\"name\":\"Accueil\",\"item\":\"https:\/\/tirourda.store\/\"},{\"@type\":\"ListItem\",\"position\":2,\"name\":\"Products\",\"item\":\"https:\/\/tirourda.store\/products\/\"},{\"@type\":\"ListItem\",\"position\":3,\"name\":\"T\u00eate de l&rsquo;\u00e9picerie\"}]},{\"@type\":\"WebSite\",\"@id\":\"https:\/\/tirourda.store\/#website\",\"url\":\"https:\/\/tirourda.store\/\",\"name\":\"tirourda\",\"description\":\"\",\"publisher\":{\"@id\":\"https:\/\/tirourda.store\/#organization\"},\"potentialAction\":[{\"@type\":\"SearchAction\",\"target\":{\"@type\":\"EntryPoint\",\"urlTemplate\":\"https:\/\/tirourda.store\/?s={search_term_string}\"},\"query-input\":{\"@type\":\"PropertyValueSpecification\",\"valueRequired\":true,\"valueName\":\"search_term_string\"}}],\"inLanguage\":\"ar\"},{\"@type\":\"Organization\",\"@id\":\"https:\/\/tirourda.store\/#organization\",\"name\":\"tirourda\",\"url\":\"https:\/\/tirourda.store\/\",\"logo\":{\"@type\":\"ImageObject\",\"inLanguage\":\"ar\",\"@id\":\"https:\/\/tirourda.store\/#\/schema\/logo\/image\/\",\"url\":\"https:\/\/tirourda.store\/wp-content\/uploads\/2025\/07\/5.png\",\"contentUrl\":\"https:\/\/tirourda.store\/wp-content\/uploads\/2025\/07\/5.png\",\"width\":707,\"height\":239,\"caption\":\"tirourda\"},\"image\":{\"@id\":\"https:\/\/tirourda.store\/#\/schema\/logo\/image\/\"},\"sameAs\":[\"https:\/\/www.instagram.com\/tirou_rda\/\"]}]}<\/script>\n<!-- \/ Yoast SEO plugin. -->","yoast_head_json":{"title":"T\u00eate de l'\u00e9picerie - tirourda","description":"T\u00eate de l\u2019\u00e9picerie, m\u00e9lange d\u2019\u00e9pices naturel et parfum\u00e9 id\u00e9al pour relever viandes, l\u00e9gumes, sauces et plats traditionnels avec une saveur riche et authentique.","robots":{"index":"index","follow":"follow","max-snippet":"max-snippet:-1","max-image-preview":"max-image-preview:large","max-video-preview":"max-video-preview:-1"},"canonical":"https:\/\/tirourda.store\/ar\/product\/tete-de-lepicerie\/","og_locale":"ar_AR","og_type":"article","og_title":"T\u00eate de l'\u00e9picerie - tirourda","og_description":"T\u00eate de l\u2019\u00e9picerie, m\u00e9lange d\u2019\u00e9pices naturel et parfum\u00e9 id\u00e9al pour relever viandes, l\u00e9gumes, sauces et plats traditionnels avec une saveur riche et authentique.","og_url":"https:\/\/tirourda.store\/ar\/product\/tete-de-lepicerie\/","og_site_name":"tirourda","og_image":[{"width":1160,"height":1280,"url":"https:\/\/tirourda.store\/wp-content\/uploads\/2026\/03\/WhatsApp-Image-2026-03-08-at-2.51.29-PM-1.jpeg","type":"image\/jpeg"}],"twitter_card":"summary_large_image","twitter_misc":{"\u0648\u0642\u062a \u0627\u0644\u0642\u0631\u0627\u0621\u0629 \u0627\u0644\u0645\u064f\u0642\u062f\u0651\u0631":"\u062f\u0642\u064a\u0642\u0629 \u0648\u0627\u062d\u062f\u0629"},"schema":{"@context":"https:\/\/schema.org","@graph":[{"@type":"WebPage","@id":"https:\/\/tirourda.store\/produit\/tete-de-lepicerie\/","url":"https:\/\/tirourda.store\/produit\/tete-de-lepicerie\/","name":"T\u00eate de l'\u00e9picerie - tirourda","isPartOf":{"@id":"https:\/\/tirourda.store\/#website"},"primaryImageOfPage":{"@id":"https:\/\/tirourda.store\/produit\/tete-de-lepicerie\/#primaryimage"},"image":{"@id":"https:\/\/tirourda.store\/produit\/tete-de-lepicerie\/#primaryimage"},"thumbnailUrl":"https:\/\/tirourda.store\/wp-content\/uploads\/2026\/03\/WhatsApp-Image-2026-03-08-at-2.51.29-PM-1.jpeg","datePublished":"2026-03-22T09:30:33+00:00","description":"T\u00eate de l\u2019\u00e9picerie, m\u00e9lange d\u2019\u00e9pices naturel et parfum\u00e9 id\u00e9al pour relever viandes, l\u00e9gumes, sauces et plats traditionnels avec une saveur riche et authentique.","breadcrumb":{"@id":"https:\/\/tirourda.store\/produit\/tete-de-lepicerie\/#breadcrumb"},"inLanguage":"ar","potentialAction":[{"@type":"ReadAction","target":["https:\/\/tirourda.store\/produit\/tete-de-lepicerie\/"]}]},{"@type":"ImageObject","inLanguage":"ar","@id":"https:\/\/tirourda.store\/produit\/tete-de-lepicerie\/#primaryimage","url":"https:\/\/tirourda.store\/wp-content\/uploads\/2026\/03\/WhatsApp-Image-2026-03-08-at-2.51.29-PM-1.jpeg","contentUrl":"https:\/\/tirourda.store\/wp-content\/uploads\/2026\/03\/WhatsApp-Image-2026-03-08-at-2.51.29-PM-1.jpeg","width":1160,"height":1280,"caption":"T\u00eate de l'\u00e9picerie"},{"@type":"BreadcrumbList","@id":"https:\/\/tirourda.store\/produit\/tete-de-lepicerie\/#breadcrumb","itemListElement":[{"@type":"ListItem","position":1,"name":"Accueil","item":"https:\/\/tirourda.store\/"},{"@type":"ListItem","position":2,"name":"Products","item":"https:\/\/tirourda.store\/products\/"},{"@type":"ListItem","position":3,"name":"T\u00eate de l&rsquo;\u00e9picerie"}]},{"@type":"WebSite","@id":"https:\/\/tirourda.store\/#website","url":"https:\/\/tirourda.store\/","name":"tirourda","description":"","publisher":{"@id":"https:\/\/tirourda.store\/#organization"},"potentialAction":[{"@type":"SearchAction","target":{"@type":"EntryPoint","urlTemplate":"https:\/\/tirourda.store\/?s={search_term_string}"},"query-input":{"@type":"PropertyValueSpecification","valueRequired":true,"valueName":"search_term_string"}}],"inLanguage":"ar"},{"@type":"Organization","@id":"https:\/\/tirourda.store\/#organization","name":"tirourda","url":"https:\/\/tirourda.store\/","logo":{"@type":"ImageObject","inLanguage":"ar","@id":"https:\/\/tirourda.store\/#\/schema\/logo\/image\/","url":"https:\/\/tirourda.store\/wp-content\/uploads\/2025\/07\/5.png","contentUrl":"https:\/\/tirourda.store\/wp-content\/uploads\/2025\/07\/5.png","width":707,"height":239,"caption":"tirourda"},"image":{"@id":"https:\/\/tirourda.store\/#\/schema\/logo\/image\/"},"sameAs":["https:\/\/www.instagram.com\/tirou_rda\/"]}]}},"_links":{"self":[{"href":"https:\/\/tirourda.store\/ar\/wp-json\/wp\/v2\/product\/2447","targetHints":{"allow":["GET"]}}],"collection":[{"href":"https:\/\/tirourda.store\/ar\/wp-json\/wp\/v2\/product"}],"about":[{"href":"https:\/\/tirourda.store\/ar\/wp-json\/wp\/v2\/types\/product"}],"replies":[{"embeddable":true,"href":"https:\/\/tirourda.store\/ar\/wp-json\/wp\/v2\/comments?post=2447"}],"wp:featuredmedia":[{"embeddable":true,"href":"https:\/\/tirourda.store\/ar\/wp-json\/wp\/v2\/media\/2448"}],"wp:attachment":[{"href":"https:\/\/tirourda.store\/ar\/wp-json\/wp\/v2\/media?parent=2447"}],"wp:term":[{"taxonomy":"product_brand","embeddable":true,"href":"https:\/\/tirourda.store\/ar\/wp-json\/wp\/v2\/product_brand?post=2447"},{"taxonomy":"product_cat","embeddable":true,"href":"https:\/\/tirourda.store\/ar\/wp-json\/wp\/v2\/product_cat?post=2447"},{"taxonomy":"product_tag","embeddable":true,"href":"https:\/\/tirourda.store\/ar\/wp-json\/wp\/v2\/product_tag?post=2447"}],"curies":[{"name":"wp","href":"https:\/\/api.w.org\/{rel}","templated":true}]}}