{"id":2457,"date":"2026-03-22T12:29:46","date_gmt":"2026-03-22T11:29:46","guid":{"rendered":"https:\/\/tirourda.store\/?post_type=product&#038;p=2457"},"modified":"2026-03-27T15:32:37","modified_gmt":"2026-03-27T14:32:37","slug":"pate-de-sesame","status":"publish","type":"product","link":"https:\/\/tirourda.store\/ar\/product\/pate-de-sesame\/","title":{"rendered":"\u0637\u062d\u064a\u0646\u0629 \u0633\u0645\u0633\u0645"},"content":{"rendered":"<p data-start=\"305\" data-end=\"723\">\u0627\u0643\u062a\u0634\u0641 \u0637\u062d\u064a\u0646\u0629 \u0633\u0645\u0633\u0645 \u0627\u0644\u0641\u0627\u062e\u0631\u0629\u060c \u0627\u0644\u0645\u0635\u0646\u0648\u0639\u0629 \u0645\u0646 \u0628\u0630\u0648\u0631 \u0627\u0644\u0633\u0645\u0633\u0645 \u0627\u0644\u0645\u062e\u062a\u0627\u0631\u0629 \u0628\u0639\u0646\u0627\u064a\u0629 \u0648\u0627\u0644\u0645\u062d\u0645\u0635\u0629 \u0628\u0634\u0643\u0644 \u0645\u062b\u0627\u0644\u064a. \u0637\u0628\u064a\u0639\u064a\u0629 \u0648\u062e\u0627\u0644\u064a\u0629 \u0645\u0646 \u0627\u0644\u0625\u0636\u0627\u0641\u0627\u062a\u060c \u062a\u062a\u0645\u064a\u0632 \u0628\u0642\u0648\u0627\u0645 \u0643\u0631\u064a\u0645\u064a \u0648\u0637\u0639\u0645 \u0623\u0635\u064a\u0644 \u064a\u062b\u0631\u064a \u0623\u0637\u0628\u0627\u0642\u0643 \u0627\u0644\u062d\u0644\u0648\u0629 \u0648\u0627\u0644\u0645\u0627\u0644\u062d\u0629: \u0627\u0644\u062d\u0645\u0635\u060c \u0627\u0644\u0635\u0644\u0635\u0627\u062a\u060c \u0627\u0644\u0633\u0644\u0637\u0627\u062a\u060c \u0627\u0644\u0639\u0635\u0627\u0626\u0631\u060c \u0648\u0627\u0644\u062d\u0644\u0648\u064a\u0627\u062a. \u0645\u0635\u062f\u0631 \u0637\u0628\u064a\u0639\u064a \u0644\u0644\u0628\u0631\u0648\u062a\u064a\u0646\u0627\u062a\u060c \u0627\u0644\u0623\u0644\u064a\u0627\u0641 \u0648\u0627\u0644\u0645\u0639\u0627\u062f\u0646\u060c \u0645\u0645\u0627 \u064a\u0633\u0627\u0647\u0645 \u0641\u064a \u0646\u0638\u0627\u0645 \u063a\u0630\u0627\u0626\u064a \u0635\u062d\u064a \u0648\u0644\u0630\u064a\u0630.<\/p>\n<p data-start=\"725\" data-end=\"855\" class=\"translation-block\">\u0646\u0635\u064a\u062d\u0629 \u0627\u0644\u0627\u0633\u062a\u062e\u062f\u0627\u0645: \u064a\u0645\u0643\u0646 \u062f\u0647\u0646\u0647\u0627\u060c \u062e\u0644\u0637\u0647\u0627 \u0641\u064a \u0648\u0635\u0641\u0627\u062a\u0643\u060c \u0623\u0648 \u0625\u0636\u0627\u0641\u062a\u0647\u0627 \u0644\u0644\u0639\u0635\u0627\u0626\u0631 \u0644\u0644\u062d\u0635\u0648\u0644 \u0639\u0644\u0649 \u0642\u064a\u0645\u0629 \u063a\u0630\u0627\u0626\u064a\u0629 \u0639\u0627\u0644\u064a\u0629 \u0648\u0646\u0643\u0647\u0629 \u0645\u0645\u064a\u0632\u0629<\/p>","protected":false},"excerpt":{"rendered":"<p>\u0637\u062d\u064a\u0646\u0629 \u0633\u0645\u0633\u0645 \u0637\u0628\u064a\u0639\u064a 100\u066a\u060c \u0643\u0631\u064a\u0645\u064a\u0629 \u0648\u063a\u0646\u064a\u0629 \u0628\u0627\u0644\u0646\u0643\u0647\u0629\u060c \u0645\u062b\u0627\u0644\u064a\u0629 \u0644\u0644\u062f\u0647\u0646\u060c \u0627\u0644\u0637\u0628\u062e\u060c \u0648\u062a\u062d\u0636\u064a\u0631 \u0627\u0644\u0635\u0644\u0635\u0627\u062a \u0648\u0627\u0644\u062d\u0644\u0648\u064a\u0627\u062a \u0627\u0644\u0645\u0646\u0632\u0644\u064a\u0629<\/p>","protected":false},"featured_media":2458,"comment_status":"closed","ping_status":"closed","template":"","meta":[],"product_brand":[],"product_cat":[16],"product_tag":[105],"class_list":{"0":"post-2457","1":"product","2":"type-product","3":"status-publish","4":"has-post-thumbnail","6":"product_cat-non-classe","7":"product_tag-pate-de-sesame-100-naturelle","9":"first","10":"instock","11":"taxable","12":"shipping-taxable","13":"purchasable","14":"product-type-simple"},"yoast_head":"<!-- This site is optimized with the Yoast SEO plugin v26.4 - https:\/\/yoast.com\/wordpress\/plugins\/seo\/ -->\n<title>P\u00e2te de s\u00e9same - tirourda<\/title>\n<meta name=\"description\" content=\"P\u00e2te de s\u00e9same 100 % naturelle, cr\u00e9meuse et riche en go\u00fbt. Id\u00e9ale pour tartiner, cuisiner ou pr\u00e9parer sauces, desserts et recettes saines.\" \/>\n<meta name=\"robots\" content=\"index, follow, max-snippet:-1, max-image-preview:large, max-video-preview:-1\" \/>\n<link rel=\"canonical\" href=\"https:\/\/tirourda.store\/ar\/product\/pate-de-sesame\/\" \/>\n<meta property=\"og:locale\" content=\"ar_AR\" \/>\n<meta property=\"og:type\" content=\"article\" \/>\n<meta property=\"og:title\" content=\"P\u00e2te de s\u00e9same - tirourda\" \/>\n<meta property=\"og:description\" content=\"P\u00e2te de s\u00e9same 100 % naturelle, cr\u00e9meuse et riche en go\u00fbt. Id\u00e9ale pour tartiner, cuisiner ou pr\u00e9parer sauces, desserts et recettes saines.\" \/>\n<meta property=\"og:url\" content=\"https:\/\/tirourda.store\/ar\/product\/pate-de-sesame\/\" \/>\n<meta property=\"og:site_name\" content=\"tirourda\" \/>\n<meta property=\"article:modified_time\" content=\"2026-03-27T14:32:37+00:00\" \/>\n<meta property=\"og:image\" content=\"https:\/\/tirourda.store\/wp-content\/uploads\/2026\/03\/WhatsApp-Image-2026-03-08-at-2.51.29-PM-5.jpeg\" \/>\n\t<meta property=\"og:image:width\" content=\"1016\" \/>\n\t<meta property=\"og:image:height\" content=\"1280\" \/>\n\t<meta property=\"og:image:type\" content=\"image\/jpeg\" \/>\n<meta name=\"twitter:card\" content=\"summary_large_image\" \/>\n<meta name=\"twitter:label1\" content=\"\u0648\u0642\u062a \u0627\u0644\u0642\u0631\u0627\u0621\u0629 \u0627\u0644\u0645\u064f\u0642\u062f\u0651\u0631\" \/>\n\t<meta name=\"twitter:data1\" content=\"\u062f\u0642\u064a\u0642\u0629 \u0648\u0627\u062d\u062f\u0629\" \/>\n<script type=\"application\/ld+json\" class=\"yoast-schema-graph\">{\"@context\":\"https:\/\/schema.org\",\"@graph\":[{\"@type\":\"WebPage\",\"@id\":\"https:\/\/tirourda.store\/produit\/pate-de-sesame\/\",\"url\":\"https:\/\/tirourda.store\/produit\/pate-de-sesame\/\",\"name\":\"P\u00e2te de s\u00e9same - tirourda\",\"isPartOf\":{\"@id\":\"https:\/\/tirourda.store\/#website\"},\"primaryImageOfPage\":{\"@id\":\"https:\/\/tirourda.store\/produit\/pate-de-sesame\/#primaryimage\"},\"image\":{\"@id\":\"https:\/\/tirourda.store\/produit\/pate-de-sesame\/#primaryimage\"},\"thumbnailUrl\":\"https:\/\/tirourda.store\/wp-content\/uploads\/2026\/03\/WhatsApp-Image-2026-03-08-at-2.51.29-PM-5.jpeg\",\"datePublished\":\"2026-03-22T11:29:46+00:00\",\"dateModified\":\"2026-03-27T14:32:37+00:00\",\"description\":\"P\u00e2te de s\u00e9same 100 % naturelle, cr\u00e9meuse et riche en go\u00fbt. Id\u00e9ale pour tartiner, cuisiner ou pr\u00e9parer sauces, desserts et recettes saines.\",\"breadcrumb\":{\"@id\":\"https:\/\/tirourda.store\/produit\/pate-de-sesame\/#breadcrumb\"},\"inLanguage\":\"ar\",\"potentialAction\":[{\"@type\":\"ReadAction\",\"target\":[\"https:\/\/tirourda.store\/produit\/pate-de-sesame\/\"]}]},{\"@type\":\"ImageObject\",\"inLanguage\":\"ar\",\"@id\":\"https:\/\/tirourda.store\/produit\/pate-de-sesame\/#primaryimage\",\"url\":\"https:\/\/tirourda.store\/wp-content\/uploads\/2026\/03\/WhatsApp-Image-2026-03-08-at-2.51.29-PM-5.jpeg\",\"contentUrl\":\"https:\/\/tirourda.store\/wp-content\/uploads\/2026\/03\/WhatsApp-Image-2026-03-08-at-2.51.29-PM-5.jpeg\",\"width\":1016,\"height\":1280},{\"@type\":\"BreadcrumbList\",\"@id\":\"https:\/\/tirourda.store\/produit\/pate-de-sesame\/#breadcrumb\",\"itemListElement\":[{\"@type\":\"ListItem\",\"position\":1,\"name\":\"Accueil\",\"item\":\"https:\/\/tirourda.store\/\"},{\"@type\":\"ListItem\",\"position\":2,\"name\":\"Products\",\"item\":\"https:\/\/tirourda.store\/products\/\"},{\"@type\":\"ListItem\",\"position\":3,\"name\":\"P\u00e2te de s\u00e9same\"}]},{\"@type\":\"WebSite\",\"@id\":\"https:\/\/tirourda.store\/#website\",\"url\":\"https:\/\/tirourda.store\/\",\"name\":\"tirourda\",\"description\":\"\",\"publisher\":{\"@id\":\"https:\/\/tirourda.store\/#organization\"},\"potentialAction\":[{\"@type\":\"SearchAction\",\"target\":{\"@type\":\"EntryPoint\",\"urlTemplate\":\"https:\/\/tirourda.store\/?s={search_term_string}\"},\"query-input\":{\"@type\":\"PropertyValueSpecification\",\"valueRequired\":true,\"valueName\":\"search_term_string\"}}],\"inLanguage\":\"ar\"},{\"@type\":\"Organization\",\"@id\":\"https:\/\/tirourda.store\/#organization\",\"name\":\"tirourda\",\"url\":\"https:\/\/tirourda.store\/\",\"logo\":{\"@type\":\"ImageObject\",\"inLanguage\":\"ar\",\"@id\":\"https:\/\/tirourda.store\/#\/schema\/logo\/image\/\",\"url\":\"https:\/\/tirourda.store\/wp-content\/uploads\/2025\/07\/5.png\",\"contentUrl\":\"https:\/\/tirourda.store\/wp-content\/uploads\/2025\/07\/5.png\",\"width\":707,\"height\":239,\"caption\":\"tirourda\"},\"image\":{\"@id\":\"https:\/\/tirourda.store\/#\/schema\/logo\/image\/\"},\"sameAs\":[\"https:\/\/www.instagram.com\/tirou_rda\/\"]}]}<\/script>\n<!-- \/ Yoast SEO plugin. -->","yoast_head_json":{"title":"P\u00e2te de s\u00e9same - tirourda","description":"P\u00e2te de s\u00e9same 100 % naturelle, cr\u00e9meuse et riche en go\u00fbt. Id\u00e9ale pour tartiner, cuisiner ou pr\u00e9parer sauces, desserts et recettes saines.","robots":{"index":"index","follow":"follow","max-snippet":"max-snippet:-1","max-image-preview":"max-image-preview:large","max-video-preview":"max-video-preview:-1"},"canonical":"https:\/\/tirourda.store\/ar\/product\/pate-de-sesame\/","og_locale":"ar_AR","og_type":"article","og_title":"P\u00e2te de s\u00e9same - tirourda","og_description":"P\u00e2te de s\u00e9same 100 % naturelle, cr\u00e9meuse et riche en go\u00fbt. Id\u00e9ale pour tartiner, cuisiner ou pr\u00e9parer sauces, desserts et recettes saines.","og_url":"https:\/\/tirourda.store\/ar\/product\/pate-de-sesame\/","og_site_name":"tirourda","article_modified_time":"2026-03-27T14:32:37+00:00","og_image":[{"width":1016,"height":1280,"url":"https:\/\/tirourda.store\/wp-content\/uploads\/2026\/03\/WhatsApp-Image-2026-03-08-at-2.51.29-PM-5.jpeg","type":"image\/jpeg"}],"twitter_card":"summary_large_image","twitter_misc":{"\u0648\u0642\u062a \u0627\u0644\u0642\u0631\u0627\u0621\u0629 \u0627\u0644\u0645\u064f\u0642\u062f\u0651\u0631":"\u062f\u0642\u064a\u0642\u0629 \u0648\u0627\u062d\u062f\u0629"},"schema":{"@context":"https:\/\/schema.org","@graph":[{"@type":"WebPage","@id":"https:\/\/tirourda.store\/produit\/pate-de-sesame\/","url":"https:\/\/tirourda.store\/produit\/pate-de-sesame\/","name":"P\u00e2te de s\u00e9same - tirourda","isPartOf":{"@id":"https:\/\/tirourda.store\/#website"},"primaryImageOfPage":{"@id":"https:\/\/tirourda.store\/produit\/pate-de-sesame\/#primaryimage"},"image":{"@id":"https:\/\/tirourda.store\/produit\/pate-de-sesame\/#primaryimage"},"thumbnailUrl":"https:\/\/tirourda.store\/wp-content\/uploads\/2026\/03\/WhatsApp-Image-2026-03-08-at-2.51.29-PM-5.jpeg","datePublished":"2026-03-22T11:29:46+00:00","dateModified":"2026-03-27T14:32:37+00:00","description":"P\u00e2te de s\u00e9same 100 % naturelle, cr\u00e9meuse et riche en go\u00fbt. Id\u00e9ale pour tartiner, cuisiner ou pr\u00e9parer sauces, desserts et recettes saines.","breadcrumb":{"@id":"https:\/\/tirourda.store\/produit\/pate-de-sesame\/#breadcrumb"},"inLanguage":"ar","potentialAction":[{"@type":"ReadAction","target":["https:\/\/tirourda.store\/produit\/pate-de-sesame\/"]}]},{"@type":"ImageObject","inLanguage":"ar","@id":"https:\/\/tirourda.store\/produit\/pate-de-sesame\/#primaryimage","url":"https:\/\/tirourda.store\/wp-content\/uploads\/2026\/03\/WhatsApp-Image-2026-03-08-at-2.51.29-PM-5.jpeg","contentUrl":"https:\/\/tirourda.store\/wp-content\/uploads\/2026\/03\/WhatsApp-Image-2026-03-08-at-2.51.29-PM-5.jpeg","width":1016,"height":1280},{"@type":"BreadcrumbList","@id":"https:\/\/tirourda.store\/produit\/pate-de-sesame\/#breadcrumb","itemListElement":[{"@type":"ListItem","position":1,"name":"Accueil","item":"https:\/\/tirourda.store\/"},{"@type":"ListItem","position":2,"name":"Products","item":"https:\/\/tirourda.store\/products\/"},{"@type":"ListItem","position":3,"name":"P\u00e2te de s\u00e9same"}]},{"@type":"WebSite","@id":"https:\/\/tirourda.store\/#website","url":"https:\/\/tirourda.store\/","name":"tirourda","description":"","publisher":{"@id":"https:\/\/tirourda.store\/#organization"},"potentialAction":[{"@type":"SearchAction","target":{"@type":"EntryPoint","urlTemplate":"https:\/\/tirourda.store\/?s={search_term_string}"},"query-input":{"@type":"PropertyValueSpecification","valueRequired":true,"valueName":"search_term_string"}}],"inLanguage":"ar"},{"@type":"Organization","@id":"https:\/\/tirourda.store\/#organization","name":"tirourda","url":"https:\/\/tirourda.store\/","logo":{"@type":"ImageObject","inLanguage":"ar","@id":"https:\/\/tirourda.store\/#\/schema\/logo\/image\/","url":"https:\/\/tirourda.store\/wp-content\/uploads\/2025\/07\/5.png","contentUrl":"https:\/\/tirourda.store\/wp-content\/uploads\/2025\/07\/5.png","width":707,"height":239,"caption":"tirourda"},"image":{"@id":"https:\/\/tirourda.store\/#\/schema\/logo\/image\/"},"sameAs":["https:\/\/www.instagram.com\/tirou_rda\/"]}]}},"_links":{"self":[{"href":"https:\/\/tirourda.store\/ar\/wp-json\/wp\/v2\/product\/2457","targetHints":{"allow":["GET"]}}],"collection":[{"href":"https:\/\/tirourda.store\/ar\/wp-json\/wp\/v2\/product"}],"about":[{"href":"https:\/\/tirourda.store\/ar\/wp-json\/wp\/v2\/types\/product"}],"replies":[{"embeddable":true,"href":"https:\/\/tirourda.store\/ar\/wp-json\/wp\/v2\/comments?post=2457"}],"wp:featuredmedia":[{"embeddable":true,"href":"https:\/\/tirourda.store\/ar\/wp-json\/wp\/v2\/media\/2458"}],"wp:attachment":[{"href":"https:\/\/tirourda.store\/ar\/wp-json\/wp\/v2\/media?parent=2457"}],"wp:term":[{"taxonomy":"product_brand","embeddable":true,"href":"https:\/\/tirourda.store\/ar\/wp-json\/wp\/v2\/product_brand?post=2457"},{"taxonomy":"product_cat","embeddable":true,"href":"https:\/\/tirourda.store\/ar\/wp-json\/wp\/v2\/product_cat?post=2457"},{"taxonomy":"product_tag","embeddable":true,"href":"https:\/\/tirourda.store\/ar\/wp-json\/wp\/v2\/product_tag?post=2457"}],"curies":[{"name":"wp","href":"https:\/\/api.w.org\/{rel}","templated":true}]}}